{"id":3201,"date":"2021-11-25T03:04:10","date_gmt":"2021-11-25T03:04:10","guid":{"rendered":"https:\/\/capatours.com\/terms-and-conditions\/"},"modified":"2025-07-28T17:33:36","modified_gmt":"2025-07-28T17:33:36","slug":"terms-and-conditions","status":"publish","type":"page","link":"https:\/\/respaldar.easytravelmexico.com\/es\/terms-and-conditions\/","title":{"rendered":"T\u00e9rminos y condiciones"},"content":{"rendered":"<h1><strong>Viajar f\u00e1cilmente a M\u00e9xico<\/strong> Condiciones de servicio del programa de afiliados<\/h1>\n<h2>Convenio<\/h2>\n<p>Al registrarse como afiliado en el <strong>Viajar f\u00e1cilmente a M\u00e9xico<\/strong> Al utilizar el Programa de afiliados (\u201cPrograma\u201d), usted acepta regirse por los siguientes t\u00e9rminos y condiciones (\u201cT\u00e9rminos de servicio\u201d).<\/p>\n<p><strong>Viajar f\u00e1cilmente a M\u00e9xico<\/strong>\u00a0se reserva el derecho de actualizar y cambiar los T\u00e9rminos de servicio de vez en cuando sin previo aviso. Cualquier caracter\u00edstica nueva que aumente o mejore el Programa actual, incluido el lanzamiento de nuevas herramientas y recursos, estar\u00e1 sujeta a los T\u00e9rminos de servicio. El uso continuado del Programa despu\u00e9s de dichos cambios constituir\u00e1 su consentimiento a dichos cambios.<\/p>\n<p>La violaci\u00f3n de cualquiera de los t\u00e9rminos a continuaci\u00f3n dar\u00e1 como resultado la cancelaci\u00f3n de su Cuenta y la p\u00e9rdida de cualquier pago de comisi\u00f3n de afiliado pendiente ganado durante la violaci\u00f3n. Usted acepta utilizar el Programa de Afiliados bajo su propio riesgo.<\/p>\n<h2>T\u00e9rminos de la cuenta<\/h2>\n<ul>\n<li>Debe tener 18 a\u00f1os o m\u00e1s para ser parte de este Programa.<\/li>\n<li>Debe vivir en los Estados Unidos para ser un Afiliado.<\/li>\n<li>Debes ser un humano. No se permiten cuentas registradas por &quot;bots&quot; u otros m\u00e9todos automatizados.<\/li>\n<li>Debe proporcionar su nombre legal completo, una direcci\u00f3n de correo electr\u00f3nico v\u00e1lida y cualquier otra informaci\u00f3n solicitada para completar el proceso de registro.<\/li>\n<li>Su inicio de sesi\u00f3n solo puede ser utilizado por una persona; no se permite un inicio de sesi\u00f3n \u00fanico compartido por varias personas.<\/li>\n<li>Usted es responsable de mantener la seguridad de su cuenta y contrase\u00f1a. <strong>Viajar f\u00e1cilmente a M\u00e9xico<\/strong>\u00a0no puede y no ser\u00e1 responsable de ninguna p\u00e9rdida o da\u00f1o por su incumplimiento de esta obligaci\u00f3n de seguridad.<\/li>\n<li>Usted es responsable de todo el Contenido publicado y la actividad que ocurra en su cuenta.<\/li>\n<li>Una persona o entidad legal no puede mantener m\u00e1s de una cuenta.<\/li>\n<li>No puede utilizar el Programa de Afiliados para ning\u00fan prop\u00f3sito ilegal o no autorizado. No debe, en el uso del Servicio, violar ninguna ley en su jurisdicci\u00f3n (incluidas, entre otras, las leyes de derechos de autor).<\/li>\n<li>No puede usar el Programa de Afiliados para ganar dinero por su cuenta <strong>Viajar f\u00e1cilmente a M\u00e9xico<\/strong>\u00a0cuentas de productos.<\/li>\n<\/ul>\n<h2>Enlaces\/gr\u00e1ficos en su sitio, en sus correos electr\u00f3nicos u otras comunicaciones<\/h2>\n<p>Una vez que se haya registrado en el Programa de Afiliados, se le asignar\u00e1 un C\u00f3digo de Afiliado \u00fanico. Se le permite colocar enlaces, pancartas u otros gr\u00e1ficos que proporcionamos con su C\u00f3digo de afiliado en su sitio, en sus correos electr\u00f3nicos o en otras comunicaciones. Le proporcionaremos pautas, estilos de enlace e ilustraciones gr\u00e1ficas para usar al vincular a <strong>Viajar f\u00e1cilmente a M\u00e9xico<\/strong>. Podemos cambiar el dise\u00f1o de la obra de arte en cualquier momento sin previo aviso, pero no cambiaremos las dimensiones de las im\u00e1genes sin previo aviso.<\/p>\n<p>Para permitir el seguimiento preciso, la generaci\u00f3n de informes y la acumulaci\u00f3n de tarifas de referencia, le proporcionaremos formatos de enlace especiales que se utilizar\u00e1n en todos los enlaces entre su sitio y el <strong>Viajar f\u00e1cilmente a M\u00e9xico<\/strong>. Debe asegurarse de que cada uno de los enlaces entre su sitio y el <strong>Viajar f\u00e1cilmente a M\u00e9xico<\/strong> utiliza correctamente estos formatos de enlace especiales. Enlaces a la <strong>Viajar f\u00e1cilmente a M\u00e9xico<\/strong> colocados en su sitio de conformidad con este Acuerdo y que utilizan correctamente dichos formatos de enlaces especiales se denominan &quot;Enlaces especiales&quot;. Obtendr\u00e1 tarifas de referencia solo con respecto a las ventas en un <strong>Viajar f\u00e1cilmente a M\u00e9xico<\/strong>\u00a0producto que ocurre directamente a trav\u00e9s de enlaces especiales; no seremos responsables ante usted con respecto a cualquier falla por parte suya o de alguien a quien usted refiera al usar Enlaces Especiales o escribir incorrectamente su C\u00f3digo de Afiliado, incluso en la medida en que dicha falla pueda resultar en una reducci\u00f3n de los montos que de otro modo se le pagar\u00edan de conformidad con este Acuerdo.<\/p>\n<p>Los enlaces de afiliados deben apuntar a la p\u00e1gina del producto que se promociona.<\/p>\n<h2>Tarifas de referencia\/comisiones y pago<\/h2>\n<p>Para que la venta de un Producto sea elegible para ganar una tarifa de referencia, el cliente debe hacer clic en un enlace especial de su sitio, correo electr\u00f3nico u otras comunicaciones para <strong>https:\/\/respaldar.easytravelmexico.com<\/strong> y completar un pedido de un producto durante esa sesi\u00f3n.<\/p>\n<p>Solo pagaremos comisiones por enlaces que nuestros sistemas rastrean e informan autom\u00e1ticamente. No pagaremos comisiones si alguien dice que compr\u00f3 o alguien dice que ingres\u00f3 un c\u00f3digo de referencia si nuestro sistema no lo rastre\u00f3. Solo podemos pagar comisiones sobre los negocios generados a trav\u00e9s de enlaces especiales con el formato adecuado que fueron rastreados autom\u00e1ticamente por nuestros sistemas.<\/p>\n<p>Nos reservamos el derecho de descalificar las comisiones ganadas a trav\u00e9s de m\u00e9todos de marketing o ventas fraudulentos, ilegales o excesivamente agresivos y cuestionables.<\/p>\n<p>Los pagos solo comienzan una vez que haya ganado m\u00e1s de <strong>$20<\/strong> en ingresos de afiliados. Si su cuenta de afiliado nunca cruza el <strong>$20<\/strong> umbral, sus comisiones no se realizar\u00e1n ni se pagar\u00e1n. Solo somos responsables de pagar las cuentas que han cruzado el <strong>$20<\/strong> l\u00edmite.<\/p>\n<h2>Identificarse como un <strong>Viajar f\u00e1cilmente a M\u00e9xico<\/strong> Filial<\/h2>\n<p>No puede emitir ning\u00fan comunicado de prensa con respecto a este Acuerdo o su participaci\u00f3n en el Programa; dicha acci\u00f3n puede resultar en su terminaci\u00f3n del Programa. Adem\u00e1s, no puede tergiversar o embellecer de ninguna manera la relaci\u00f3n entre usted y nosotros, decir que desarrolla nuestros productos, decir que es parte de <strong>Viajar f\u00e1cilmente a M\u00e9xico<\/strong>\u00a0o expresar o implicar cualquier relaci\u00f3n o afiliaci\u00f3n entre nosotros y usted o cualquier otra persona o entidad, excepto seg\u00fan lo permitido expresamente por este Acuerdo (incluso al expresar o implicar que apoyamos, patrocinamos, respaldamos o contribuimos con dinero a cualquier organizaci\u00f3n ben\u00e9fica u otra causa).<\/p>\n<p>No puede comprar productos a trav\u00e9s de sus enlaces de afiliado para su propio uso. Dichas compras pueden resultar (a nuestro exclusivo criterio) en la retenci\u00f3n de tarifas de referencia y\/o la rescisi\u00f3n de este Acuerdo.<\/p>\n<h2>Calendario de pago<\/h2>\n<p>Siempre y cuando sus ganancias de afiliado actuales hayan terminado <strong>$20<\/strong>, se le pagar\u00e1 cada mes. Si no has ganado <strong>$20<\/strong> desde su \u00faltimo pago, le pagaremos el mes siguiente despu\u00e9s de que haya cruzado el umbral.<\/p>\n<h2>Definici\u00f3n de cliente<\/h2>\n<p>Los clientes que compren productos a trav\u00e9s de este Programa se considerar\u00e1n nuestros clientes. En consecuencia, todas nuestras reglas, pol\u00edticas y procedimientos operativos relacionados con los pedidos de los clientes, el servicio al cliente y la venta de productos se aplicar\u00e1n a esos clientes. Podemos cambiar nuestras pol\u00edticas y procedimientos operativos en cualquier momento. Por ejemplo, determinaremos los precios que se cobrar\u00e1n por los productos vendidos bajo este Programa de acuerdo con nuestras propias pol\u00edticas de precios. Los precios y la disponibilidad de los productos pueden variar de vez en cuando. Debido a que los cambios de precios pueden afectar los Productos que ha enumerado en su sitio, no debe mostrar los precios de los productos en su sitio. Haremos todos los esfuerzos comercialmente razonables para presentar informaci\u00f3n precisa, pero no podemos garantizar la disponibilidad o el precio de ning\u00fan producto en particular.<\/p>\n<h2>tus responsabilidades<\/h2>\n<p>Usted ser\u00e1 el \u00fanico responsable del desarrollo, operaci\u00f3n y mantenimiento de su sitio y de todos los materiales que aparecen en su sitio. Por ejemplo, usted ser\u00e1 el \u00fanico responsable de:<\/p>\n<p>\u2013 La operaci\u00f3n t\u00e9cnica de su sitio y todo el equipo relacionado<br \/>\n\u2013 Garantizar que la visualizaci\u00f3n de enlaces especiales en su sitio no viole ning\u00fan acuerdo entre usted y un tercero (incluidas, entre otras, las restricciones o los requisitos que le impone un tercero que aloja su sitio)<br \/>\n\u2013 La precisi\u00f3n, veracidad y adecuaci\u00f3n de los materiales publicados en su sitio (incluidos, entre otras cosas, todos los materiales relacionados con el Producto y cualquier informaci\u00f3n que incluya o asocie con Enlaces especiales)<br \/>\n\u2013 Garantizar que los materiales publicados en su sitio no violen ni infrinjan los derechos de terceros (incluidos, por ejemplo, derechos de autor, marcas comerciales, privacidad u otros derechos personales o de propiedad)<br \/>\n\u2013 Asegurarse de que los materiales publicados en su sitio no sean difamatorios o ilegales<br \/>\n\u2013 Garantizar que su sitio divulgue de manera precisa y adecuada, ya sea a trav\u00e9s de una pol\u00edtica de privacidad o de otro modo, c\u00f3mo recopila, usa, almacena y divulga los datos recopilados de los visitantes, incluido, cuando corresponda, que terceros (incluidos los anunciantes) pueden ofrecer contenido y\/ o anuncios y recopilan informaci\u00f3n directamente de los visitantes y pueden colocar o reconocer cookies en los navegadores de los visitantes.<\/p>\n<h2>De acuerdo con las leyes<\/h2>\n<p>Como condici\u00f3n para su participaci\u00f3n en el Programa, usted acepta que mientras sea un participante del Programa cumplir\u00e1 con todas las leyes, ordenanzas, normas, reglamentos, \u00f3rdenes, licencias, permisos, juicios, decisiones u otros requisitos de cualquier autoridad gubernamental que tenga jurisdicci\u00f3n sobre usted, ya sea que esas leyes, etc., est\u00e9n vigentes ahora o entren en vigencia m\u00e1s adelante durante el tiempo que usted sea un participante del Programa. Sin limitar la obligaci\u00f3n anterior, usted acepta que, como condici\u00f3n de su participaci\u00f3n en el Programa, cumplir\u00e1 con todas las leyes aplicables (federales, estatales o de otro tipo) que rigen el correo electr\u00f3nico de marketing, incluida, entre otras, la Ley CAN-SPAM de 2003 y todos otras leyes antispam.<\/p>\n<h2>T\u00e9rmino del Acuerdo y Programa<\/h2>\n<p>El t\u00e9rmino de este Acuerdo comenzar\u00e1 cuando aceptemos su solicitud del Programa y finalizar\u00e1 cuando cualquiera de las partes lo rescinda. Tanto usted como nosotros podemos rescindir este Acuerdo en cualquier momento, con o sin motivo, mediante notificaci\u00f3n por escrito de rescisi\u00f3n a la otra parte. Tras la rescisi\u00f3n de este Acuerdo por cualquier motivo, dejar\u00e1 inmediatamente de usar y eliminar\u00e1 de su sitio todos los enlaces a <strong>https:\/\/respaldar.easytravelmexico.com<\/strong>, y todas nuestras marcas comerciales, imagen comercial y logotipos, y todos los dem\u00e1s materiales proporcionados por nosotros o en nuestro nombre de conformidad con el presente o en relaci\u00f3n con el Programa. <strong>Viajar f\u00e1cilmente a M\u00e9xico<\/strong> se reserva el derecho de finalizar el Programa en cualquier momento. Al terminar el programa, <strong>Viajar f\u00e1cilmente a M\u00e9xico<\/strong>\u00a0pagar\u00e1 las ganancias pendientes acumuladas anteriormente <strong>$20<\/strong>.<\/p>\n<h2>Terminaci\u00f3n<\/h2>\n<p><strong>Viajar f\u00e1cilmente a M\u00e9xico<\/strong>, a su exclusivo criterio, tiene derecho a suspender o cancelar su cuenta y rechazar cualquier uso actual o futuro del Programa, o cualquier otro <strong>Viajar f\u00e1cilmente a M\u00e9xico<\/strong> servicio, por cualquier motivo en cualquier momento. Dicha terminaci\u00f3n del Servicio resultar\u00e1 en la desactivaci\u00f3n o eliminaci\u00f3n de su Cuenta o su acceso a su Cuenta, y la p\u00e9rdida y renuncia de todas las comisiones potenciales o a pagar en su Cuenta si se ganaron de manera fraudulenta, ilegal o m\u00e9todos de marketing o ventas demasiado agresivos y cuestionables. <strong>Viajar f\u00e1cilmente a M\u00e9xico<\/strong>\u00a0se reserva el derecho de rechazar el servicio a cualquier persona por cualquier motivo en cualquier momento.<\/p>\n<h2>Relaci\u00f3n de Partes<\/h2>\n<p>Usted y nosotros somos contratistas independientes, y nada en este Acuerdo crear\u00e1 ninguna sociedad, empresa conjunta, agencia, franquicia, representante de ventas o relaci\u00f3n laboral entre las partes. No tendr\u00e1 autoridad para hacer o aceptar ninguna oferta o representaci\u00f3n en nuestro nombre. No har\u00e1 ninguna declaraci\u00f3n, ya sea en su sitio o de otro modo, que contradir\u00eda razonablemente algo en esta Secci\u00f3n.<\/p>\n<h2>Limitaciones de responsabilidad<\/h2>\n<p>No seremos responsables de los da\u00f1os indirectos, especiales o consecuentes (o cualquier p\u00e9rdida de ingresos, ganancias o datos) que surjan en relaci\u00f3n con este Acuerdo o el Programa, incluso si hemos sido informados de la posibilidad de dichos da\u00f1os. Adem\u00e1s, nuestra responsabilidad agregada que surja con respecto a este Acuerdo y el Programa no exceder\u00e1 las tarifas de referencia totales pagadas o pagaderas a usted en virtud de este Acuerdo.<\/p>\n<h2>Descargos de responsabilidad<\/h2>\n<p>No hacemos declaraciones o garant\u00edas expresas o impl\u00edcitas con respecto al Programa o cualquier producto vendido a trav\u00e9s del Programa (incluidas, entre otras, garant\u00edas de idoneidad, comerciabilidad, no infracci\u00f3n o cualquier garant\u00eda impl\u00edcita que surja de un curso de desempe\u00f1o, negociaci\u00f3n o uso comercial). Adem\u00e1s, no garantizamos que el funcionamiento del <strong>Viajar f\u00e1cilmente a M\u00e9xico<\/strong>\u00a0ser\u00e1 ininterrumpido o libre de errores, y no seremos responsables de las consecuencias de cualquier interrupci\u00f3n o error.<\/p>\n<h2>Investigaci\u00f3n Independiente<\/h2>\n<p>USTED RECONOCE QUE HA LE\u00cdDO ESTE ACUERDO Y ACEPTA TODOS SUS T\u00c9RMINOS Y CONDICIONES. USTED ENTIENDE QUE PODEMOS EN CUALQUIER MOMENTO (DIRECTA O INDIRECTAMENTE) SOLICITAR REFERENCIAS DE CLIENTES EN T\u00c9RMINOS QUE PUEDEN DIFERIR DE LOS CONTENIDOS EN ESTE ACUERDO U OPERAR SITIOS WEB QUE SON SIMILARES A SU SITIO WEB O COMPETENCIA CON ELLO. USTED HA EVALUADO DE FORMA INDEPENDIENTE LA CONVENIENCIA DE PARTICIPAR EN EL PROGRAMA Y NO DEPENDE DE NINGUNA REPRESENTACI\u00d3N, GARANT\u00cdA O DECLARACI\u00d3N QUE NO SEA ESTABLECIDA EN ESTE ACUERDO.<\/p>\n<h2>Arbitraje<\/h2>\n<p>Cualquier disputa relacionada de alguna manera con este Acuerdo (incluido cualquier incumplimiento real o supuesto del mismo), cualquier transacci\u00f3n o actividad bajo este Acuerdo o su relaci\u00f3n con nosotros o cualquiera de nuestros afiliados se someter\u00e1 a arbitraje confidencial, excepto que, en la medida en que usted ha violado o amenazado con violar de alguna manera nuestros derechos de propiedad intelectual, podemos buscar medidas cautelares u otras medidas apropiadas en cualquier tribunal estatal o federal (y usted acepta la jurisdicci\u00f3n no exclusiva y el lugar en dichos tribunales) o cualquier otro tribunal de jurisdicci\u00f3n competente . El arbitraje en virtud de este acuerdo se llevar\u00e1 a cabo de conformidad con las normas vigentes de la Asociaci\u00f3n Estadounidense de Arbitraje. El laudo del \u00e1rbitro ser\u00e1 vinculante y podr\u00e1 presentarse como sentencia en cualquier tribunal de jurisdicci\u00f3n competente. En la m\u00e1xima medida permitida por la ley aplicable, ning\u00fan arbitraje en virtud de este Acuerdo se unir\u00e1 a un arbitraje que involucre a cualquier otra parte sujeta a este Acuerdo, ya sea a trav\u00e9s de procedimientos de arbitraje colectivo o de otro modo.<\/p>\n<h2>Miscel\u00e1neas<\/h2>\n<p>Este Acuerdo se regir\u00e1 por las leyes de los Estados Unidos, sin referencia a las normas que rigen la elecci\u00f3n de leyes. No puede ceder este Acuerdo, por ministerio de la ley o de otra manera, sin nuestro consentimiento previo por escrito. Sujeto a esa restricci\u00f3n, este Acuerdo ser\u00e1 vinculante, redundar\u00e1 en beneficio de las partes y sus respectivos sucesores y cesionarios, y ser\u00e1 exigible contra las mismas. Nuestra incapacidad para hacer cumplir su estricto cumplimiento de cualquier disposici\u00f3n de este Acuerdo no constituir\u00e1 una renuncia a nuestro derecho de hacer cumplir posteriormente dicha disposici\u00f3n o cualquier otra disposici\u00f3n de este Acuerdo.<\/p>\n<p>el fracaso de <strong>Viajar f\u00e1cilmente a M\u00e9xico<\/strong> ejercer o hacer cumplir cualquier derecho o disposici\u00f3n de los T\u00e9rminos de servicio no constituir\u00e1 una renuncia a tal derecho o disposici\u00f3n. Los T\u00e9rminos de servicio constituyen el acuerdo completo entre usted y <strong>Viajar f\u00e1cilmente a M\u00e9xico<\/strong>\u00a0y gobiernan su uso del Servicio, reemplazando cualquier acuerdo anterior entre usted y <strong>Viajar f\u00e1cilmente a M\u00e9xico<\/strong>\u00a0(incluidas, entre otras, las versiones anteriores de los T\u00e9rminos de servicio).<\/p>","protected":false},"excerpt":{"rendered":"<p>Easy Travel Mexico Affiliate Program Terms of Service Agreement By signing up to be an Affiliate in the Easy Travel Mexico Affiliate Program (&#8220;Program&#8221;) you are agreeing to be bound by the following terms and conditions (&#8220;Terms of Service&#8221;). Easy Travel Mexico\u00a0reserves the right to update and change the Terms of Service from time to [&hellip;]<\/p>","protected":false},"author":1,"featured_media":0,"parent":0,"menu_order":0,"comment_status":"closed","ping_status":"closed","template":"","meta":{"site-sidebar-layout":"default","site-content-layout":"","ast-site-content-layout":"default","site-content-style":"default","site-sidebar-style":"default","ast-global-header-display":"","ast-banner-title-visibility":"","ast-main-header-display":"","ast-hfb-above-header-display":"","ast-hfb-below-header-display":"","ast-hfb-mobile-header-display":"","site-post-title":"","ast-breadcrumbs-content":"","ast-featured-img":"","footer-sml-layout":"","theme-transparent-header-meta":"","adv-header-id-meta":"","stick-header-meta":"","header-above-stick-meta":"","header-main-stick-meta":"","header-below-stick-meta":"","astra-migrate-meta-layouts":"set","ast-page-background-enabled":"default","ast-page-background-meta":{"desktop":{"background-color":"","background-image":"","background-repeat":"repeat","background-position":"center center","background-size":"auto","background-attachment":"scroll","background-type":"","background-media":"","overlay-type":"","overlay-color":"","overlay-opacity":"","overlay-gradient":""},"tablet":{"background-color":"","background-image":"","background-repeat":"repeat","background-position":"center center","background-size":"auto","background-attachment":"scroll","background-type":"","background-media":"","overlay-type":"","overlay-color":"","overlay-opacity":"","overlay-gradient":""},"mobile":{"background-color":"","background-image":"","background-repeat":"repeat","background-position":"center center","background-size":"auto","background-attachment":"scroll","background-type":"","background-media":"","overlay-type":"","overlay-color":"","overlay-opacity":"","overlay-gradient":""}},"ast-content-background-meta":{"desktop":{"background-color":"var(--ast-global-color-5)","background-image":"","background-repeat":"repeat","background-position":"center center","background-size":"auto","background-attachment":"scroll","background-type":"","background-media":"","overlay-type":"","overlay-color":"","overlay-opacity":"","overlay-gradient":""},"tablet":{"background-color":"var(--ast-global-color-5)","background-image":"","background-repeat":"repeat","background-position":"center center","background-size":"auto","background-attachment":"scroll","background-type":"","background-media":"","overlay-type":"","overlay-color":"","overlay-opacity":"","overlay-gradient":""},"mobile":{"background-color":"var(--ast-global-color-5)","background-image":"","background-repeat":"repeat","background-position":"center center","background-size":"auto","background-attachment":"scroll","background-type":"","background-media":"","overlay-type":"","overlay-color":"","overlay-opacity":"","overlay-gradient":""}},"_joinchat":[],"footnotes":""},"class_list":["post-3201","page","type-page","status-publish","hentry"],"_links":{"self":[{"href":"https:\/\/respaldar.easytravelmexico.com\/es\/wp-json\/wp\/v2\/pages\/3201","targetHints":{"allow":["GET"]}}],"collection":[{"href":"https:\/\/respaldar.easytravelmexico.com\/es\/wp-json\/wp\/v2\/pages"}],"about":[{"href":"https:\/\/respaldar.easytravelmexico.com\/es\/wp-json\/wp\/v2\/types\/page"}],"author":[{"embeddable":true,"href":"https:\/\/respaldar.easytravelmexico.com\/es\/wp-json\/wp\/v2\/users\/1"}],"replies":[{"embeddable":true,"href":"https:\/\/respaldar.easytravelmexico.com\/es\/wp-json\/wp\/v2\/comments?post=3201"}],"version-history":[{"count":2,"href":"https:\/\/respaldar.easytravelmexico.com\/es\/wp-json\/wp\/v2\/pages\/3201\/revisions"}],"predecessor-version":[{"id":40039,"href":"https:\/\/respaldar.easytravelmexico.com\/es\/wp-json\/wp\/v2\/pages\/3201\/revisions\/40039"}],"wp:attachment":[{"href":"https:\/\/respaldar.easytravelmexico.com\/es\/wp-json\/wp\/v2\/media?parent=3201"}],"curies":[{"name":"wp","href":"https:\/\/api.w.org\/{rel}","templated":true}]}}