{"id":40040,"date":"2025-07-28T18:05:05","date_gmt":"2025-07-28T18:05:05","guid":{"rendered":"https:\/\/easytravelmexico.com\/?page_id=40040"},"modified":"2025-07-29T14:50:59","modified_gmt":"2025-07-29T14:50:59","slug":"support","status":"publish","type":"page","link":"https:\/\/respaldar.easytravelmexico.com\/es\/support\/","title":{"rendered":"Apoyo"},"content":{"rendered":"<div data-elementor-type=\"wp-page\" data-elementor-id=\"40040\" class=\"elementor elementor-40040\">\n\t\t\t\t<div class=\"elementor-element elementor-element-6062004e e-flex e-con-boxed e-con e-parent\" data-id=\"6062004e\" data-element_type=\"container\" data-settings=\"{&quot;background_background&quot;:&quot;classic&quot;}\">\n\t\t\t\t\t<div class=\"e-con-inner\">\n\t\t<div class=\"elementor-element elementor-element-4a23d8b4 e-con-full e-flex e-con e-child\" data-id=\"4a23d8b4\" data-element_type=\"container\">\n\t\t<div class=\"elementor-element elementor-element-3df90365 e-con-full e-flex e-con e-child\" data-id=\"3df90365\" data-element_type=\"container\">\n\t\t<div class=\"elementor-element elementor-element-4f44e864 e-con-full e-flex e-con e-child\" data-id=\"4f44e864\" data-element_type=\"container\">\n\t\t\t\t<div class=\"elementor-element elementor-element-2dbafb34 premium-header-block premium-lq__none premium-box-lq__none elementor-widget elementor-widget-premium-addon-dual-header\" data-id=\"2dbafb34\" data-element_type=\"widget\" data-widget_type=\"premium-addon-dual-header.default\">\n\t\t\t\t<div class=\"elementor-widget-container\">\n\t\t\t\t\t\n\t\t\t\t\t<h2 class=\"premium-dual-header-first-header\"><span class=\"premium-dual-header-first-span\">Estamos aqu\u00ed para ayudar en cada paso del camino <\/span><span class=\"premium-dual-header-second-header\">\u00bfNecesita ayuda para planificar su aventura en Canc\u00fan?<\/span><\/h2> \t\t\n\t\t\t\t\t\t<\/div>\n\t\t\t\t<\/div>\n\t\t\t\t<div class=\"elementor-element elementor-element-2abf6b2b elementor-widget elementor-widget-text-editor\" data-id=\"2abf6b2b\" data-element_type=\"widget\" data-widget_type=\"text-editor.default\">\n\t\t\t\t\t\t\t\t\t<p>Nuestro equipo de soporte dedicado est\u00e1 aqu\u00ed para ayudarlo con reservas, preguntas y todo lo dem\u00e1s para que pueda relajarse y disfrutar del viaje.<\/p>\t\t\t\t\t\t\t\t<\/div>\n\t\t\t\t<div class=\"elementor-element elementor-element-d2c2ad9 elementor-widget elementor-widget-text-editor\" data-id=\"d2c2ad9\" data-element_type=\"widget\" data-widget_type=\"text-editor.default\">\n\t\t\t\t\t\t\t\t\t<p>Ya sea que necesite detalles de transporte o recomendaciones de tours, nuestro amable equipo de soporte est\u00e1 a solo un mensaje de distancia.<\/p>\t\t\t\t\t\t\t\t<\/div>\n\t\t\t\t<\/div>\n\t\t\t\t<\/div>\n\t\t<div class=\"elementor-element elementor-element-3d84eb8e e-con-full e-flex e-con e-child\" data-id=\"3d84eb8e\" data-element_type=\"container\">\n\t\t<div class=\"elementor-element elementor-element-476fd35 e-con-full e-flex e-con e-child\" data-id=\"476fd35\" data-element_type=\"container\">\n\t\t\t\t<div class=\"elementor-element elementor-element-3d814230 elementor-widget elementor-widget-image\" data-id=\"3d814230\" data-element_type=\"widget\" data-widget_type=\"image.default\">\n\t\t\t\t\t\t\t\t\t\t\t\t\t\t\t<img fetchpriority=\"high\" decoding=\"async\" width=\"960\" height=\"542\" src=\"https:\/\/respaldar.easytravelmexico.com\/wp-content\/uploads\/2025\/07\/Image-EasyTravelMexico-4.jpg\" class=\"attachment-large size-large wp-image-40045\" alt=\"\" srcset=\"https:\/\/respaldar.easytravelmexico.com\/wp-content\/uploads\/2025\/07\/Image-EasyTravelMexico-4.jpg 960w, https:\/\/respaldar.easytravelmexico.com\/wp-content\/uploads\/2025\/07\/Image-EasyTravelMexico-4-600x339.jpg 600w, https:\/\/respaldar.easytravelmexico.com\/wp-content\/uploads\/2025\/07\/Image-EasyTravelMexico-4-64x36.jpg 64w, https:\/\/respaldar.easytravelmexico.com\/wp-content\/uploads\/2025\/07\/Image-EasyTravelMexico-4-300x169.jpg 300w, https:\/\/respaldar.easytravelmexico.com\/wp-content\/uploads\/2025\/07\/Image-EasyTravelMexico-4-768x434.jpg 768w, https:\/\/respaldar.easytravelmexico.com\/wp-content\/uploads\/2025\/07\/Image-EasyTravelMexico-4-18x10.jpg 18w\" sizes=\"(max-width: 960px) 100vw, 960px\" \/>\t\t\t\t\t\t\t\t\t\t\t\t\t\t\t<\/div>\n\t\t\t\t<div class=\"elementor-element elementor-element-300c2526 elementor-widget elementor-widget-heading\" data-id=\"300c2526\" data-element_type=\"widget\" data-widget_type=\"heading.default\">\n\t\t\t\t\t<h3 class=\"elementor-heading-title elementor-size-default\">Canc\u00fan con tranquilidad<\/h3>\t\t\t\t<\/div>\n\t\t\t\t<div class=\"elementor-element elementor-element-5aed509d elementor-widget elementor-widget-text-editor\" data-id=\"5aed509d\" data-element_type=\"widget\" data-widget_type=\"text-editor.default\">\n\t\t\t\t\t\t\t\t\t<p>\u00bfPreguntas? Hagamos que tu viaje a Canc\u00fan sea perfecto.<br \/>Nuestro equipo de soporte est\u00e1 disponible para brindarle asistencia experta para todas sus necesidades de transporte, recorridos y actividades.<\/p>\t\t\t\t\t\t\t\t<\/div>\n\t\t\t\t<div class=\"elementor-element elementor-element-0415154 elementor-align-center elementor-widget elementor-widget-button\" data-id=\"0415154\" data-element_type=\"widget\" data-widget_type=\"button.default\">\n\t\t\t\t\t\t\t\t\t\t<a class=\"elementor-button elementor-button-link elementor-size-sm\" href=\"mailto:contact@easytravelmexico.com\">\n\t\t\t\t\t\t<span class=\"elementor-button-content-wrapper\">\n\t\t\t\t\t\t<span class=\"elementor-button-icon\">\n\t\t\t\t<svg aria-hidden=\"true\" class=\"e-font-icon-svg e-far-envelope\" viewbox=\"0 0 512 512\" xmlns=\"http:\/\/www.w3.org\/2000\/svg\"><path d=\"M464 64H48C21.49 64 0 85.49 0 112v288c0 26.51 21.49 48 48 48h416c26.51 0 48-21.49 48-48V112c0-26.51-21.49-48-48-48zm0 48v40.805c-22.422 18.259-58.168 46.651-134.587 106.49-16.841 13.247-50.201 45.072-73.413 44.701-23.208.375-56.579-31.459-73.413-44.701C106.18 199.465 70.425 171.067 48 152.805V112h416zM48 400V214.398c22.914 18.251 55.409 43.862 104.938 82.646 21.857 17.205 60.134 55.186 103.062 54.955 42.717.231 80.509-37.199 103.053-54.947 49.528-38.783 82.032-64.401 104.947-82.653V400H48z\"><\/path><\/svg>\t\t\t<\/span>\n\t\t\t\t\t\t\t\t\t<span class=\"elementor-button-text\">Env\u00ede comentarios o preguntas<\/span>\n\t\t\t\t\t<\/span>\n\t\t\t\t\t<\/a>\n\t\t\t\t\t\t\t\t<\/div>\n\t\t\t\t<\/div>\n\t\t<div class=\"elementor-element elementor-element-47f29633 e-con-full e-flex e-con e-child\" data-id=\"47f29633\" data-element_type=\"container\">\n\t\t\t\t<div class=\"elementor-element elementor-element-39a7d717 elementor-widget elementor-widget-image\" data-id=\"39a7d717\" data-element_type=\"widget\" data-widget_type=\"image.default\">\n\t\t\t\t\t\t\t\t\t\t\t\t\t\t\t<img decoding=\"async\" width=\"960\" height=\"542\" src=\"https:\/\/respaldar.easytravelmexico.com\/wp-content\/uploads\/2025\/07\/Image-EasyTravelMexico-1.jpg\" class=\"attachment-large size-large wp-image-40048\" alt=\"\" srcset=\"https:\/\/respaldar.easytravelmexico.com\/wp-content\/uploads\/2025\/07\/Image-EasyTravelMexico-1.jpg 960w, https:\/\/respaldar.easytravelmexico.com\/wp-content\/uploads\/2025\/07\/Image-EasyTravelMexico-1-600x339.jpg 600w, https:\/\/respaldar.easytravelmexico.com\/wp-content\/uploads\/2025\/07\/Image-EasyTravelMexico-1-64x36.jpg 64w, https:\/\/respaldar.easytravelmexico.com\/wp-content\/uploads\/2025\/07\/Image-EasyTravelMexico-1-300x169.jpg 300w, https:\/\/respaldar.easytravelmexico.com\/wp-content\/uploads\/2025\/07\/Image-EasyTravelMexico-1-768x434.jpg 768w, https:\/\/respaldar.easytravelmexico.com\/wp-content\/uploads\/2025\/07\/Image-EasyTravelMexico-1-18x10.jpg 18w\" sizes=\"(max-width: 960px) 100vw, 960px\" \/>\t\t\t\t\t\t\t\t\t\t\t\t\t\t\t<\/div>\n\t\t\t\t<div class=\"elementor-element elementor-element-260d0f53 elementor-widget elementor-widget-heading\" data-id=\"260d0f53\" data-element_type=\"widget\" data-widget_type=\"heading.default\">\n\t\t\t\t\t<h3 class=\"elementor-heading-title elementor-size-default\">Tours y actividades<\/h3>\t\t\t\t<\/div>\n\t\t\t\t<div class=\"elementor-element elementor-element-7fc2fcfb elementor-widget elementor-widget-text-editor\" data-id=\"7fc2fcfb\" data-element_type=\"widget\" data-widget_type=\"text-editor.default\">\n\t\t\t\t\t\t\t\t\t<p>Si tiene alguna pregunta sobre una reserva o desea recomendaciones personalizadas, estamos aqu\u00ed para garantizar que su experiencia sea como la so\u00f1\u00f3.<\/p>\t\t\t\t\t\t\t\t<\/div>\n\t\t\t\t<div class=\"elementor-element elementor-element-72c5b5f elementor-align-center elementor-widget elementor-widget-button\" data-id=\"72c5b5f\" data-element_type=\"widget\" data-widget_type=\"button.default\">\n\t\t\t\t\t\t\t\t\t\t<a class=\"elementor-button elementor-button-link elementor-size-sm\" href=\"mailto:contact@easytravelmexico.com\">\n\t\t\t\t\t\t<span class=\"elementor-button-content-wrapper\">\n\t\t\t\t\t\t<span class=\"elementor-button-icon\">\n\t\t\t\t<svg aria-hidden=\"true\" class=\"e-font-icon-svg e-far-envelope\" viewbox=\"0 0 512 512\" xmlns=\"http:\/\/www.w3.org\/2000\/svg\"><path d=\"M464 64H48C21.49 64 0 85.49 0 112v288c0 26.51 21.49 48 48 48h416c26.51 0 48-21.49 48-48V112c0-26.51-21.49-48-48-48zm0 48v40.805c-22.422 18.259-58.168 46.651-134.587 106.49-16.841 13.247-50.201 45.072-73.413 44.701-23.208.375-56.579-31.459-73.413-44.701C106.18 199.465 70.425 171.067 48 152.805V112h416zM48 400V214.398c22.914 18.251 55.409 43.862 104.938 82.646 21.857 17.205 60.134 55.186 103.062 54.955 42.717.231 80.509-37.199 103.053-54.947 49.528-38.783 82.032-64.401 104.947-82.653V400H48z\"><\/path><\/svg>\t\t\t<\/span>\n\t\t\t\t\t\t\t\t\t<span class=\"elementor-button-text\">No dudes en contactarnos.<\/span>\n\t\t\t\t\t<\/span>\n\t\t\t\t\t<\/a>\n\t\t\t\t\t\t\t\t<\/div>\n\t\t\t\t<div class=\"elementor-element elementor-element-71358b10 elementor-hidden-desktop elementor-hidden-tablet elementor-hidden-mobile premium-lq__none elementor-widget elementor-widget-premium-addon-button\" data-id=\"71358b10\" data-element_type=\"widget\" data-widget_type=\"premium-addon-button.default\">\n\t\t\t\t\t\n\n\t\t<a class=\"premium-button premium-button-none premium-btn-lg premium-button-none\" href=\"mailto:contact@easytravelmexico.com\">\n\t\t\t<div class=\"premium-button-text-icon-wrapper\">\n\t\t\t\t\n\t\t\t\t\t\t\t\t\t\t\t\t\t\t\t\t\t\t<svg class=\"svg-inline--far-fa-envelope premium-drawable-icon premium-svg-nodraw\" aria-hidden='true' xmlns='http:\/\/www.w3.org\/2000\/svg' viewbox='0 0 512 512'><path d=\"M464 64H48C21.49 64 0 85.49 0 112v288c0 26.51 21.49 48 48 48h416c26.51 0 48-21.49 48-48V112c0-26.51-21.49-48-48-48zm0 48v40.805c-22.422 18.259-58.168 46.651-134.587 106.49-16.841 13.247-50.201 45.072-73.413 44.701-23.208.375-56.579-31.459-73.413-44.701C106.18 199.465 70.425 171.067 48 152.805V112h416zM48 400V214.398c22.914 18.251 55.409 43.862 104.938 82.646 21.857 17.205 60.134 55.186 103.062 54.955 42.717.231 80.509-37.199 103.053-54.947 49.528-38.783 82.032-64.401 104.947-82.653V400H48z\"><\/path><\/svg>\t\t\t\t\t\t\t\t\t\t\t\t\t\t\t\n\t\t\t\t\t\t\t\t\t<span >\n\t\t\t\t\t\tNo dudes en contactarnos.\t\t\t\t\t<\/span>\n\t\t\t\t\t\t\t<\/div>\n\n\t\t\t\n\t\t\t\n\t\t\t\n\t\t<\/a>\n\n\n\t\t\t\t\t\t<\/div>\n\t\t\t\t<\/div>\n\t\t<div class=\"elementor-element elementor-element-22ada0d9 e-con-full e-flex e-con e-child\" data-id=\"22ada0d9\" data-element_type=\"container\">\n\t\t\t\t<div class=\"elementor-element elementor-element-451366eb elementor-widget elementor-widget-image\" data-id=\"451366eb\" data-element_type=\"widget\" data-widget_type=\"image.default\">\n\t\t\t\t\t\t\t\t\t\t\t\t\t\t\t<img decoding=\"async\" width=\"960\" height=\"542\" src=\"https:\/\/respaldar.easytravelmexico.com\/wp-content\/uploads\/2025\/07\/Image-EasyTravelMexico-2.jpg\" class=\"attachment-large size-large wp-image-40047\" alt=\"\" srcset=\"https:\/\/respaldar.easytravelmexico.com\/wp-content\/uploads\/2025\/07\/Image-EasyTravelMexico-2.jpg 960w, https:\/\/respaldar.easytravelmexico.com\/wp-content\/uploads\/2025\/07\/Image-EasyTravelMexico-2-600x339.jpg 600w, https:\/\/respaldar.easytravelmexico.com\/wp-content\/uploads\/2025\/07\/Image-EasyTravelMexico-2-64x36.jpg 64w, https:\/\/respaldar.easytravelmexico.com\/wp-content\/uploads\/2025\/07\/Image-EasyTravelMexico-2-300x169.jpg 300w, https:\/\/respaldar.easytravelmexico.com\/wp-content\/uploads\/2025\/07\/Image-EasyTravelMexico-2-768x434.jpg 768w, https:\/\/respaldar.easytravelmexico.com\/wp-content\/uploads\/2025\/07\/Image-EasyTravelMexico-2-18x10.jpg 18w\" sizes=\"(max-width: 960px) 100vw, 960px\" \/>\t\t\t\t\t\t\t\t\t\t\t\t\t\t\t<\/div>\n\t\t\t\t<div class=\"elementor-element elementor-element-27f32169 elementor-widget elementor-widget-heading\" data-id=\"27f32169\" data-element_type=\"widget\" data-widget_type=\"heading.default\">\n\t\t\t\t\t<h3 class=\"elementor-heading-title elementor-size-default\">Asistencia con el transporte<\/h3>\t\t\t\t<\/div>\n\t\t\t\t<div class=\"elementor-element elementor-element-4a8839ac elementor-widget elementor-widget-text-editor\" data-id=\"4a8839ac\" data-element_type=\"widget\" data-widget_type=\"text-editor.default\">\n\t\t\t\t\t\t\t\t\t<p>\u00a1Nuestro equipo de soporte est\u00e1 aqu\u00ed para ayudarte! No dudes en contactarnos. Nos comprometemos a garantizar que tu experiencia en Canc\u00fan sea perfecta y placentera.<\/p>\t\t\t\t\t\t\t\t<\/div>\n\t\t\t\t<div class=\"elementor-element elementor-element-aba44ac elementor-align-center elementor-widget elementor-widget-button\" data-id=\"aba44ac\" data-element_type=\"widget\" data-widget_type=\"button.default\">\n\t\t\t\t\t\t\t\t\t\t<a class=\"elementor-button elementor-button-link elementor-size-sm\" href=\"https:\/\/api.whatsapp.com\/send?phone=9981010319&#038;text=Hi,%20I%20need%20information%20about\">\n\t\t\t\t\t\t<span class=\"elementor-button-content-wrapper\">\n\t\t\t\t\t\t<span class=\"elementor-button-icon\">\n\t\t\t\t<svg aria-hidden=\"true\" class=\"e-font-icon-svg e-fab-whatsapp\" viewbox=\"0 0 448 512\" xmlns=\"http:\/\/www.w3.org\/2000\/svg\"><path d=\"M380.9 97.1C339 55.1 283.2 32 223.9 32c-122.4 0-222 99.6-222 222 0 39.1 10.2 77.3 29.6 111L0 480l117.7-30.9c32.4 17.7 68.9 27 106.1 27h.1c122.3 0 224.1-99.6 224.1-222 0-59.3-25.2-115-67.1-157zm-157 341.6c-33.2 0-65.7-8.9-94-25.7l-6.7-4-69.8 18.3L72 359.2l-4.4-7c-18.5-29.4-28.2-63.3-28.2-98.2 0-101.7 82.8-184.5 184.6-184.5 49.3 0 95.6 19.2 130.4 54.1 34.8 34.9 56.2 81.2 56.1 130.5 0 101.8-84.9 184.6-186.6 184.6zm101.2-138.2c-5.5-2.8-32.8-16.2-37.9-18-5.1-1.9-8.8-2.8-12.5 2.8-3.7 5.6-14.3 18-17.6 21.8-3.2 3.7-6.5 4.2-12 1.4-32.6-16.3-54-29.1-75.5-66-5.7-9.8 5.7-9.1 16.3-30.3 1.8-3.7.9-6.9-.5-9.7-1.4-2.8-12.5-30.1-17.1-41.2-4.5-10.8-9.1-9.3-12.5-9.5-3.2-.2-6.9-.2-10.6-.2-3.7 0-9.7 1.4-14.8 6.9-5.1 5.6-19.4 19-19.4 46.3 0 27.3 19.9 53.7 22.6 57.4 2.8 3.7 39.1 59.7 94.8 83.8 35.2 15.2 49 16.5 66.6 13.9 10.7-1.6 32.8-13.4 37.4-26.4 4.6-13 4.6-24.1 3.2-26.4-1.3-2.5-5-3.9-10.5-6.6z\"><\/path><\/svg>\t\t\t<\/span>\n\t\t\t\t\t\t\t\t\t<span class=\"elementor-button-text\">Explorar ahora (la forma m\u00e1s r\u00e1pida)<\/span>\n\t\t\t\t\t<\/span>\n\t\t\t\t\t<\/a>\n\t\t\t\t\t\t\t\t<\/div>\n\t\t\t\t<div class=\"elementor-element elementor-element-74c2bb6c elementor-hidden-desktop elementor-hidden-tablet elementor-hidden-mobile premium-lq__none elementor-widget elementor-widget-premium-addon-button\" data-id=\"74c2bb6c\" data-element_type=\"widget\" data-widget_type=\"premium-addon-button.default\">\n\t\t\t\t\t\n\n\t\t<a class=\"premium-button premium-button-none premium-btn-lg premium-button-none\" href=\"https:\/\/api.whatsapp.com\/send?phone=9981010319&#038;text=Hi,%20I%20need%20information%20about\">\n\t\t\t<div class=\"premium-button-text-icon-wrapper\">\n\t\t\t\t\n\t\t\t\t\t\t\t\t\t\t\t\t\t\t\t\t\t\t<svg class=\"svg-inline--fab-fa-whatsapp premium-drawable-icon premium-svg-nodraw\" aria-hidden='true' xmlns='http:\/\/www.w3.org\/2000\/svg' viewbox='0 0 448 512'><path d=\"M380.9 97.1C339 55.1 283.2 32 223.9 32c-122.4 0-222 99.6-222 222 0 39.1 10.2 77.3 29.6 111L0 480l117.7-30.9c32.4 17.7 68.9 27 106.1 27h.1c122.3 0 224.1-99.6 224.1-222 0-59.3-25.2-115-67.1-157zm-157 341.6c-33.2 0-65.7-8.9-94-25.7l-6.7-4-69.8 18.3L72 359.2l-4.4-7c-18.5-29.4-28.2-63.3-28.2-98.2 0-101.7 82.8-184.5 184.6-184.5 49.3 0 95.6 19.2 130.4 54.1 34.8 34.9 56.2 81.2 56.1 130.5 0 101.8-84.9 184.6-186.6 184.6zm101.2-138.2c-5.5-2.8-32.8-16.2-37.9-18-5.1-1.9-8.8-2.8-12.5 2.8-3.7 5.6-14.3 18-17.6 21.8-3.2 3.7-6.5 4.2-12 1.4-32.6-16.3-54-29.1-75.5-66-5.7-9.8 5.7-9.1 16.3-30.3 1.8-3.7.9-6.9-.5-9.7-1.4-2.8-12.5-30.1-17.1-41.2-4.5-10.8-9.1-9.3-12.5-9.5-3.2-.2-6.9-.2-10.6-.2-3.7 0-9.7 1.4-14.8 6.9-5.1 5.6-19.4 19-19.4 46.3 0 27.3 19.9 53.7 22.6 57.4 2.8 3.7 39.1 59.7 94.8 83.8 35.2 15.2 49 16.5 66.6 13.9 10.7-1.6 32.8-13.4 37.4-26.4 4.6-13 4.6-24.1 3.2-26.4-1.3-2.5-5-3.9-10.5-6.6z\"><\/path><\/svg>\t\t\t\t\t\t\t\t\t\t\t\t\t\t\t\n\t\t\t\t\t\t\t\t\t<span >\n\t\t\t\t\t\tExplorar ahora (la forma m\u00e1s r\u00e1pida)\t\t\t\t\t<\/span>\n\t\t\t\t\t\t\t<\/div>\n\n\t\t\t\n\t\t\t\n\t\t\t\n\t\t<\/a>\n\n\n\t\t\t\t\t\t<\/div>\n\t\t\t\t<\/div>\n\t\t\t\t<\/div>\n\t\t\t\t<\/div>\n\t\t\t\t\t<\/div>\n\t\t\t\t<\/div>\n\t\t\t\t<\/div>","protected":false},"excerpt":{"rendered":"<p>We\u2019re Here to Help\u2014Every Step of the Way Need Help Planning Your Cancun Adventure? Our dedicated support team is here to assist you with bookings, questions, and everything in between so you can relax and enjoy the journey. Whether it\u2019s transportation details or tour recommendations, our friendly support team is just a message away. Cancun [&hellip;]<\/p>","protected":false},"author":1,"featured_media":0,"parent":0,"menu_order":0,"comment_status":"closed","ping_status":"closed","template":"","meta":{"site-sidebar-layout":"no-sidebar","site-content-layout":"page-builder","ast-site-content-layout":"full-width-container","site-content-style":"default","site-sidebar-style":"default","ast-global-header-display":"","ast-banner-title-visibility":"","ast-main-header-display":"","ast-hfb-above-header-display":"","ast-hfb-below-header-display":"","ast-hfb-mobile-header-display":"","site-post-title":"disabled","ast-breadcrumbs-content":"","ast-featured-img":"disabled","footer-sml-layout":"","theme-transparent-header-meta":"","adv-header-id-meta":"","stick-header-meta":"","header-above-stick-meta":"","header-main-stick-meta":"","header-below-stick-meta":"","astra-migrate-meta-layouts":"default","ast-page-background-enabled":"default","ast-page-background-meta":{"desktop":{"background-color":"","background-image":"","background-repeat":"repeat","background-position":"center center","background-size":"auto","background-attachment":"scroll","background-type":"","background-media":"","overlay-type":"","overlay-color":"","overlay-opacity":"","overlay-gradient":""},"tablet":{"background-color":"","background-image":"","background-repeat":"repeat","background-position":"center center","background-size":"auto","background-attachment":"scroll","background-type":"","background-media":"","overlay-type":"","overlay-color":"","overlay-opacity":"","overlay-gradient":""},"mobile":{"background-color":"","background-image":"","background-repeat":"repeat","background-position":"center center","background-size":"auto","background-attachment":"scroll","background-type":"","background-media":"","overlay-type":"","overlay-color":"","overlay-opacity":"","overlay-gradient":""}},"ast-content-background-meta":{"desktop":{"background-color":"var(--ast-global-color-5)","background-image":"","background-repeat":"repeat","background-position":"center center","background-size":"auto","background-attachment":"scroll","background-type":"","background-media":"","overlay-type":"","overlay-color":"","overlay-opacity":"","overlay-gradient":""},"tablet":{"background-color":"var(--ast-global-color-5)","background-image":"","background-repeat":"repeat","background-position":"center center","background-size":"auto","background-attachment":"scroll","background-type":"","background-media":"","overlay-type":"","overlay-color":"","overlay-opacity":"","overlay-gradient":""},"mobile":{"background-color":"var(--ast-global-color-5)","background-image":"","background-repeat":"repeat","background-position":"center center","background-size":"auto","background-attachment":"scroll","background-type":"","background-media":"","overlay-type":"","overlay-color":"","overlay-opacity":"","overlay-gradient":""}},"_joinchat":[],"footnotes":""},"class_list":["post-40040","page","type-page","status-publish","hentry"],"_links":{"self":[{"href":"https:\/\/respaldar.easytravelmexico.com\/es\/wp-json\/wp\/v2\/pages\/40040","targetHints":{"allow":["GET"]}}],"collection":[{"href":"https:\/\/respaldar.easytravelmexico.com\/es\/wp-json\/wp\/v2\/pages"}],"about":[{"href":"https:\/\/respaldar.easytravelmexico.com\/es\/wp-json\/wp\/v2\/types\/page"}],"author":[{"embeddable":true,"href":"https:\/\/respaldar.easytravelmexico.com\/es\/wp-json\/wp\/v2\/users\/1"}],"replies":[{"embeddable":true,"href":"https:\/\/respaldar.easytravelmexico.com\/es\/wp-json\/wp\/v2\/comments?post=40040"}],"version-history":[{"count":51,"href":"https:\/\/respaldar.easytravelmexico.com\/es\/wp-json\/wp\/v2\/pages\/40040\/revisions"}],"predecessor-version":[{"id":40114,"href":"https:\/\/respaldar.easytravelmexico.com\/es\/wp-json\/wp\/v2\/pages\/40040\/revisions\/40114"}],"wp:attachment":[{"href":"https:\/\/respaldar.easytravelmexico.com\/es\/wp-json\/wp\/v2\/media?parent=40040"}],"curies":[{"name":"wp","href":"https:\/\/api.w.org\/{rel}","templated":true}]}}