{"id":210,"date":"2017-12-19T09:56:29","date_gmt":"2017-12-19T09:56:29","guid":{"rendered":"http:\/\/capatours.com\/product\/flamingo-tshirt\/"},"modified":"2022-06-08T03:57:07","modified_gmt":"2022-06-08T03:57:07","slug":"jetpack","status":"publish","type":"product","link":"https:\/\/respaldar.easytravelmexico.com\/es\/producto\/jetpack\/","title":{"rendered":"JETPACK 20min"},"content":{"rendered":"<p>Experimenta la emoci\u00f3n de volar por los aires en un jetpack futurista sobre las c\u00e1lidas aguas de la Laguna Nichupt\u00e9. No se requiere experiencia previa para esta aventura acu\u00e1tica que te ense\u00f1a a conducir y operar un artilugio futurista que te eleva con poderosos chorros de agua.<br \/>\nSobre el paquete:<\/p>\n<p>Surca los cielos mientras te elevas sobre la laguna Nichupt\u00e9 en tu jetpack personal impulsado por agua. Despu\u00e9s de llegar al muelle, recibir\u00e1 una demostraci\u00f3n de seguridad integral, para que est\u00e9 listo y listo para experimentar la emoci\u00f3n de su vida.<\/p>\n<p>Despu\u00e9s de una breve introducci\u00f3n al funcionamiento b\u00e1sico y las caracter\u00edsticas de seguridad del jetpack, col\u00f3quese un casco y aj\u00fastese a su viaje h\u00famedo y salvaje. Entre al agua y escuche algunos consejos finales de su gu\u00eda, escuchados a trav\u00e9s de auriculares herm\u00e9ticos que le permiten comunicarse con ellos durante su vuelo.<\/p>\n<p>A los pocos segundos de que el jetpack cobre vida, lev\u00e1ntese del agua sin esfuerzo y suba a una altura de hasta 30 pies (9 m) sobre la superficie. No tienes que preocuparte por ajustar el acelerador, lo controla tu instructor capacitado que te da m\u00e1s o menos potencia seg\u00fan tu habilidad y rendimiento.<\/p>\n<p>A medida que se sienta m\u00e1s c\u00f3modo con su corcel volador, aprenda a rodar, girar, ascender y descender. Antes de que se acabe el tiempo, ejecuta un truco final y muestra una sonrisa. Cada aventura viene con una foto de recuerdo de su experiencia \u00fanica, disponible para comprar.<\/p>\n<p><strong>Lo mas atractivo<\/strong><br \/>\nExperimenta un nuevo tipo de deporte acu\u00e1tico.<br \/>\nReciba orientaci\u00f3n personal de un experto en jetpack, que lo ayudar\u00e1 a volar como un agente secreto.<br \/>\nAventura acu\u00e1tica \u00fanica y divertida.<br \/>\n<strong>Incluye<\/strong><br \/>\nServicio privado.<br \/>\nPiloto biling\u00fce especializado.<br \/>\nSesi\u00f3n guiada de Jetpack.<br \/>\nEquipo de seguridad (chaleco salvavidas y casco).<br \/>\nBa\u00f1os y zona de duchas.<br \/>\n<strong> Exclusiones<\/strong><br \/>\nTransporte<br \/>\nTarifa de muelle<br \/>\nFotos y Videos<br \/>\nPropinas (opcional)<br \/>\nQue traer<br \/>\nPasaporte o DNI<br \/>\nRopa y zapatos c\u00f3modos<br \/>\nTrajes de ba\u00f1o<br \/>\nToalla<br \/>\nProtector solar biodegradable<br \/>\nDinero para souvenirs o fotos<br \/>\n<strong>No permitido<\/strong><br \/>\nC\u00e1maras (GoPro)<br \/>\nDrones<br \/>\ntel\u00e9fonos inteligentes<br \/>\nCosas valiosas<br \/>\n<strong>Inf\u00f3rmate antes de reservar<\/strong><br \/>\nDebes tener 14 a\u00f1os para realizar esta actividad.<br \/>\nEl peso m\u00ednimo para usar el Jetpack es de 100 lb y el m\u00e1ximo de 285 lb.<br \/>\nSi tiene problemas de espalda, cuello, articulaciones, m\u00fasculos o si est\u00e1 embarazada, debe considerar cuidadosamente su participaci\u00f3n.<br \/>\nSi tienes 17 a\u00f1os o menos, debes tener el permiso de tus padres o tutores.<br \/>\nSe cobrar\u00e1 un recargo adicional de 13 USD por la tarifa de muelle a la llegada.<br \/>\nMientras participes en la actividad, no puedes traer c\u00e1maras de ning\u00fan tipo, drones u objetos de valor.<br \/>\nEs importante llegar 30 minutos antes de su reserva.<br \/>\nPor favor traiga su reserva de reserva y su identificaci\u00f3n.<\/p>","protected":false},"excerpt":{"rendered":"<p>Experimenta la emoci\u00f3n de volar por los aires en un jetpack futurista sobre las c\u00e1lidas aguas de la Laguna Nichupt\u00e9. No se requiere experiencia previa para esta aventura acu\u00e1tica que te ense\u00f1a a conducir y operar un artilugio futurista que te eleva con poderosos chorros de agua. 20 minutos<\/p>","protected":false},"featured_media":4014,"comment_status":"open","ping_status":"closed","template":"","meta":{"site-sidebar-layout":"default","site-content-layout":"default","ast-site-content-layout":"default","site-content-style":"default","site-sidebar-style":"default","ast-global-header-display":"","ast-banner-title-visibility":"","ast-main-header-display":"","ast-hfb-above-header-display":"","ast-hfb-below-header-display":"","ast-hfb-mobile-header-display":"","site-post-title":"","ast-breadcrumbs-content":"","ast-featured-img":"","footer-sml-layout":"","theme-transparent-header-meta":"default","adv-header-id-meta":"","stick-header-meta":"default","header-above-stick-meta":"","header-main-stick-meta":"","header-below-stick-meta":"","astra-migrate-meta-layouts":"default","ast-page-background-enabled":"default","ast-page-background-meta":{"desktop":{"background-color":"","background-image":"","background-repeat":"repeat","background-position":"center center","background-size":"auto","background-attachment":"scroll","background-type":"","background-media":"","overlay-type":"","overlay-color":"","overlay-opacity":"","overlay-gradient":""},"tablet":{"background-color":"","background-image":"","background-repeat":"repeat","background-position":"center center","background-size":"auto","background-attachment":"scroll","background-type":"","background-media":"","overlay-type":"","overlay-color":"","overlay-opacity":"","overlay-gradient":""},"mobile":{"background-color":"","background-image":"","background-repeat":"repeat","background-position":"center center","background-size":"auto","background-attachment":"scroll","background-type":"","background-media":"","overlay-type":"","overlay-color":"","overlay-opacity":"","overlay-gradient":""}},"ast-content-background-meta":{"desktop":{"background-color":"var(--ast-global-color-5)","background-image":"","background-repeat":"repeat","background-position":"center center","background-size":"auto","background-attachment":"scroll","background-type":"","background-media":"","overlay-type":"","overlay-color":"","overlay-opacity":"","overlay-gradient":""},"tablet":{"background-color":"var(--ast-global-color-5)","background-image":"","background-repeat":"repeat","background-position":"center center","background-size":"auto","background-attachment":"scroll","background-type":"","background-media":"","overlay-type":"","overlay-color":"","overlay-opacity":"","overlay-gradient":""},"mobile":{"background-color":"var(--ast-global-color-5)","background-image":"","background-repeat":"repeat","background-position":"center center","background-size":"auto","background-attachment":"scroll","background-type":"","background-media":"","overlay-type":"","overlay-color":"","overlay-opacity":"","overlay-gradient":""}},"_joinchat":[]},"product_brand":[],"product_cat":[38,39,33,24],"product_tag":[],"class_list":{"0":"post-210","1":"product","2":"type-product","3":"status-publish","4":"has-post-thumbnail","6":"product_cat-aqs","7":"product_cat-cun","8":"product_cat-extreme","9":"product_cat-tours","10":"desktop-align-left","11":"tablet-align-left","12":"mobile-align-left","14":"first","15":"instock","16":"taxable","17":"shipping-taxable","18":"purchasable","19":"product-type-simple"},"_links":{"self":[{"href":"https:\/\/respaldar.easytravelmexico.com\/es\/wp-json\/wp\/v2\/product\/210","targetHints":{"allow":["GET"]}}],"collection":[{"href":"https:\/\/respaldar.easytravelmexico.com\/es\/wp-json\/wp\/v2\/product"}],"about":[{"href":"https:\/\/respaldar.easytravelmexico.com\/es\/wp-json\/wp\/v2\/types\/product"}],"replies":[{"embeddable":true,"href":"https:\/\/respaldar.easytravelmexico.com\/es\/wp-json\/wp\/v2\/comments?post=210"}],"version-history":[{"count":6,"href":"https:\/\/respaldar.easytravelmexico.com\/es\/wp-json\/wp\/v2\/product\/210\/revisions"}],"predecessor-version":[{"id":4882,"href":"https:\/\/respaldar.easytravelmexico.com\/es\/wp-json\/wp\/v2\/product\/210\/revisions\/4882"}],"wp:featuredmedia":[{"embeddable":true,"href":"https:\/\/respaldar.easytravelmexico.com\/es\/wp-json\/wp\/v2\/media\/4014"}],"wp:attachment":[{"href":"https:\/\/respaldar.easytravelmexico.com\/es\/wp-json\/wp\/v2\/media?parent=210"}],"wp:term":[{"taxonomy":"product_brand","embeddable":true,"href":"https:\/\/respaldar.easytravelmexico.com\/es\/wp-json\/wp\/v2\/product_brand?post=210"},{"taxonomy":"product_cat","embeddable":true,"href":"https:\/\/respaldar.easytravelmexico.com\/es\/wp-json\/wp\/v2\/product_cat?post=210"},{"taxonomy":"product_tag","embeddable":true,"href":"https:\/\/respaldar.easytravelmexico.com\/es\/wp-json\/wp\/v2\/product_tag?post=210"}],"curies":[{"name":"wp","href":"https:\/\/api.w.org\/{rel}","templated":true}]}}