{"id":252,"date":"2017-12-19T10:50:44","date_gmt":"2017-12-19T10:50:44","guid":{"rendered":"http:\/\/capatours.com\/product\/blue-denim-jeans\/"},"modified":"2022-07-04T19:04:23","modified_gmt":"2022-07-04T19:04:23","slug":"atvs-ziplines-cenotes-zip-lines-5","status":"publish","type":"product","link":"https:\/\/respaldar.easytravelmexico.com\/es\/producto\/atvs-ziplines-cenotes-zip-lines-5\/","title":{"rendered":"Cuatrimotos Sencillo \u2013 Tirolesas &amp; Tour Cenote"},"content":{"rendered":"<p><span style=\"vertical-align: inherit\"><span style=\"vertical-align: inherit\">Combina las actividades m\u00e1s emocionantes. <\/span><span style=\"vertical-align: inherit\">Si\u00e9ntete extremo<\/span><\/span><\/p>\n<p><span style=\"vertical-align: inherit\"><span style=\"vertical-align: inherit\">TIROLESA Comenzamos esta emocionante aventura en el dosel de la selva con 45 minutos de diversi\u00f3n en tirolesa <\/span><\/span><br \/>\n<span style=\"vertical-align: inherit\"><span style=\"vertical-align: inherit\">Cuatrimotos Individuales Contin\u00faa con 45 minutos de emoci\u00f3n llena de adrenalina en nuestros Cuatrimotos en senderos creados para la m\u00e1xima diversi\u00f3n y seguridad.<\/span><\/span><\/p>\n<p><span style=\"vertical-align: inherit\"><span style=\"vertical-align: inherit\">como <\/span><\/span><strong><span style=\"vertical-align: inherit\"><span style=\"vertical-align: inherit\">bono<\/span><\/span><\/strong><span style=\"vertical-align: inherit\"><span style=\"vertical-align: inherit\"> tambi\u00e9n obtienes <\/span><\/span><br \/>\n<span style=\"vertical-align: inherit\"><span style=\"vertical-align: inherit\">CENOTE: Nadar\u00e1s en nuestro refrescante cenote y sus aguas cristalinas y disfrutar\u00e1s de 2 tirolesas acu\u00e1ticas antes de un delicioso refrigerio para recuperar energ\u00edas en nuestra palapa principal.\u00a0 <\/span><\/span><strong><em><span style=\"vertical-align: inherit\"><span style=\"vertical-align: inherit\">Los ni\u00f1os tienen de 5 a 11 a\u00f1os.<\/span><\/span><\/em><\/strong><\/p>\n<p><span style=\"vertical-align: inherit\"><span style=\"vertical-align: inherit\">DEBE TENER 16 A\u00d1OS PARA CONDUCIR LOS ATV.\u00a0 <\/span><\/span><strong><span style=\"vertical-align: inherit\"><span style=\"vertical-align: inherit\">As\u00ed que no tomes esto si tienes ni\u00f1os. <\/span><\/span><\/strong> <em><span style=\"vertical-align: inherit\"><span style=\"vertical-align: inherit\">La opci\u00f3n para ni\u00f1os es cuatrimoto doble (2 personas en una cuatrimoto) <\/span><\/span><\/em> <a href=\"https:\/\/respaldar.easytravelmexico.com\/es\/producto\/2atvs-double-zip-lines-combo-cenote-bonus\/\"><span style=\"vertical-align: inherit\"><span style=\"vertical-align: inherit\">haga clic aqu\u00ed<\/span><\/span><\/a><\/p>\n<p><span style=\"vertical-align: inherit\"><span style=\"vertical-align: inherit\">Peso m\u00e1ximo 240 lb (110 kg) y m\u00ednimo 55 lb (20 kg) <\/span><\/span><br \/>\n<span style=\"vertical-align: inherit\"><span style=\"vertical-align: inherit\">No recomendado para personas con problemas de espalda, mujeres embarazadas o personas con limitaciones f\u00edsicas<\/span><\/span><\/p>\n<p><span style=\"vertical-align: inherit\"><span style=\"vertical-align: inherit\">Lo recogeremos en su Hotel (opcional) La mayor\u00eda de los hoteles en Canc\u00fan, Playa del Carmen.<\/span><\/span><\/p>\n<p><strong><span style=\"vertical-align: inherit\"><span style=\"vertical-align: inherit\">Incluye<\/span><\/span><\/strong><br \/>\n<span style=\"vertical-align: inherit\"><span style=\"vertical-align: inherit\"> Gu\u00eda biling\u00fce <\/span><\/span><br \/>\n<span style=\"vertical-align: inherit\"><span style=\"vertical-align: inherit\">transporte compartido <\/span><\/span><br \/>\n<span style=\"vertical-align: inherit\"><span style=\"vertical-align: inherit\">Merienda (fajitas de pollo, arroz y frijoles) <\/span><\/span><br \/>\n<span style=\"vertical-align: inherit\"><span style=\"vertical-align: inherit\">Limonada (ilimitada) <\/span><\/span><br \/>\n<strong><span style=\"vertical-align: inherit\"><span style=\"vertical-align: inherit\">no incluye<\/span><\/span><\/strong><br \/>\n<span style=\"vertical-align: inherit\"><span style=\"vertical-align: inherit\"> Fotograf\u00eda, Lockers, Propinas, Souvenirs, Bebidas Alcoh\u00f3licas, Toallas. <\/span><span style=\"vertical-align: inherit\">Propinas <\/span><\/span><br \/>\n<strong><span style=\"vertical-align: inherit\"><span style=\"vertical-align: inherit\">Qu\u00e9 llevar<\/span><\/span><\/strong><br \/>\n<span style=\"vertical-align: inherit\"><span style=\"vertical-align: inherit\"> ropa c\u00f3moda <\/span><\/span><br \/>\n<span style=\"vertical-align: inherit\"><span style=\"vertical-align: inherit\">zapatos cerrados <\/span><\/span><br \/>\n<span style=\"vertical-align: inherit\"><span style=\"vertical-align: inherit\">repelente de mosquitos <\/span><\/span><br \/>\n<span style=\"vertical-align: inherit\"><span style=\"vertical-align: inherit\">Traje de ba\u00f1o <\/span><\/span><br \/>\n<span style=\"vertical-align: inherit\"><span style=\"vertical-align: inherit\">Toalla de playa Bloqueador <\/span><\/span><br \/>\n<span style=\"vertical-align: inherit\"><span style=\"vertical-align: inherit\">solar <\/span><\/span><br \/>\n<span style=\"vertical-align: inherit\"><span style=\"vertical-align: inherit\">Dinero adicional. <\/span><\/span><br \/>\n<strong><span style=\"vertical-align: inherit\"><span style=\"vertical-align: inherit\">\u00a0 \u00a0Hora de inicio:<\/span><\/span><\/strong><span style=\"vertical-align: inherit\"><span style=\"vertical-align: inherit\"> 9:20 am, 12:15 pm Le informaremos la hora de recogida<\/span><\/span><\/p>\n<p><span style=\"vertical-align: inherit\"><span style=\"vertical-align: inherit\">Lo recogeremos a la hora de su Hotel (opcional) dependiendo de la ubicaci\u00f3n del hotel. <\/span><span style=\"vertical-align: inherit\">Te avisaremos.<\/span><\/span><\/p>","protected":false},"excerpt":{"rendered":"<p><span style=\"vertical-align: inherit\"><span style=\"vertical-align: inherit\">Combina las actividades m\u00e1s emocionantes. <\/span><span style=\"vertical-align: inherit\">Si\u00e9ntete extremo<\/span><\/span><\/p>\n<p><span style=\"vertical-align: inherit\"><span style=\"vertical-align: inherit\">TIROLESA Comenzamos esta emocionante aventura en el dosel de la selva con 45 minutos de diversi\u00f3n en tirolesa <\/span><\/span><br \/>\n<span style=\"vertical-align: inherit\"><span style=\"vertical-align: inherit\">Cuatrimotos Individuales Contin\u00faa con 45 minutos de emoci\u00f3n llena de adrenalina en nuestros Cuatrimotos en senderos creados para la m\u00e1xima diversi\u00f3n y seguridad.<\/span><\/span><\/p>\n<p><span style=\"vertical-align: inherit\"><span style=\"vertical-align: inherit\">como <\/span><\/span><strong><span style=\"vertical-align: inherit\"><span style=\"vertical-align: inherit\">bono<\/span><\/span><\/strong><span style=\"vertical-align: inherit\"><span style=\"vertical-align: inherit\"> tambi\u00e9n obtienes <\/span><\/span><br \/>\n<span style=\"vertical-align: inherit\"><span style=\"vertical-align: inherit\">CENOTE: Nadar\u00e1s en nuestro refrescante cenote y sus aguas cristalinas y disfrutar\u00e1s de 2 tirolesas acu\u00e1ticas antes de un delicioso refrigerio para recuperar energ\u00edas en nuestra palapa principal.\u00a0 <\/span><\/span><strong><em><span style=\"vertical-align: inherit\"><span style=\"vertical-align: inherit\">Los ni\u00f1os tienen de 5 a 11 a\u00f1os.<\/span><\/span><\/em><\/strong><\/p>\n<p><span style=\"vertical-align: inherit\"><span style=\"vertical-align: inherit\">DEBE TENER 16 A\u00d1OS PARA CONDUCIR LOS ATV.\u00a0 <\/span><\/span><strong><span style=\"vertical-align: inherit\"><span style=\"vertical-align: inherit\">As\u00ed que no tomes esto si tienes ni\u00f1os. <\/span><\/span><\/strong> <em><span style=\"vertical-align: inherit\"><span style=\"vertical-align: inherit\">La opci\u00f3n para ni\u00f1os es cuatrimoto doble (2 personas en una cuatrimoto) <\/span><\/span><\/em> <a href=\"https:\/\/respaldar.easytravelmexico.com\/es\/producto\/2atvs-double-zip-lines-combo-cenote-bonus\/\"><span style=\"vertical-align: inherit\"><span style=\"vertical-align: inherit\">haga clic aqu\u00ed<\/span><\/span><\/a><\/p>\n<p><strong><span style=\"vertical-align: inherit\"><span style=\"vertical-align: inherit\">\u00a0Hora de inicio:<\/span><\/span><\/strong><span style=\"vertical-align: inherit\"><span style=\"vertical-align: inherit\"> 9:20 am, 12:15 pm Le informaremos la hora de recogida<\/span><\/span><\/p>\n<p><span style=\"vertical-align: inherit\"><span style=\"vertical-align: inherit\">Lo recogeremos a la hora de su Hotel (opcional) dependiendo de la ubicaci\u00f3n del hotel. <\/span><span style=\"vertical-align: inherit\">Te avisaremos.<\/span><\/span><\/p>\n<table style=\"border-collapse: collapse;width: 371px;height: 128px\" border=\"0\" width=\"160\" cellspacing=\"0\" cellpadding=\"0\">\n<tbody>\n<tr style=\"height: 15.0pt\">\n<td style=\"height: 15.0pt;width: 60pt\" width=\"80\" height=\"20\"><img fetchpriority=\"high\" decoding=\"async\" class=\"alignnone size-medium wp-image-4141\" src=\"https:\/\/respaldar.easytravelmexico.com\/wp-content\/uploads\/2021\/12\/1-Imagen1.5-300x170.png\" alt=\"\" width=\"300\" height=\"170\" \/><\/td>\n<td style=\"width: 60pt\" width=\"80\"><strong><span style=\"vertical-align: inherit\"><span style=\"vertical-align: inherit\">34 USD POR CADA PERSONA<\/span><\/span><\/strong><\/td>\n<\/tr>\n<\/tbody>\n<\/table>","protected":false},"featured_media":6951,"comment_status":"open","ping_status":"closed","template":"","meta":{"site-sidebar-layout":"default","site-content-layout":"default","ast-site-content-layout":"default","site-content-style":"default","site-sidebar-style":"default","ast-global-header-display":"","ast-banner-title-visibility":"","ast-main-header-display":"","ast-hfb-above-header-display":"","ast-hfb-below-header-display":"","ast-hfb-mobile-header-display":"","site-post-title":"","ast-breadcrumbs-content":"","ast-featured-img":"","footer-sml-layout":"","theme-transparent-header-meta":"default","adv-header-id-meta":"","stick-header-meta":"default","header-above-stick-meta":"","header-main-stick-meta":"","header-below-stick-meta":"","astra-migrate-meta-layouts":"default","ast-page-background-enabled":"default","ast-page-background-meta":{"desktop":{"background-color":"","background-image":"","background-repeat":"repeat","background-position":"center center","background-size":"auto","background-attachment":"scroll","background-type":"","background-media":"","overlay-type":"","overlay-color":"","overlay-opacity":"","overlay-gradient":""},"tablet":{"background-color":"","background-image":"","background-repeat":"repeat","background-position":"center center","background-size":"auto","background-attachment":"scroll","background-type":"","background-media":"","overlay-type":"","overlay-color":"","overlay-opacity":"","overlay-gradient":""},"mobile":{"background-color":"","background-image":"","background-repeat":"repeat","background-position":"center center","background-size":"auto","background-attachment":"scroll","background-type":"","background-media":"","overlay-type":"","overlay-color":"","overlay-opacity":"","overlay-gradient":""}},"ast-content-background-meta":{"desktop":{"background-color":"var(--ast-global-color-5)","background-image":"","background-repeat":"repeat","background-position":"center center","background-size":"auto","background-attachment":"scroll","background-type":"","background-media":"","overlay-type":"","overlay-color":"","overlay-opacity":"","overlay-gradient":""},"tablet":{"background-color":"var(--ast-global-color-5)","background-image":"","background-repeat":"repeat","background-position":"center center","background-size":"auto","background-attachment":"scroll","background-type":"","background-media":"","overlay-type":"","overlay-color":"","overlay-opacity":"","overlay-gradient":""},"mobile":{"background-color":"var(--ast-global-color-5)","background-image":"","background-repeat":"repeat","background-position":"center center","background-size":"auto","background-attachment":"scroll","background-type":"","background-media":"","overlay-type":"","overlay-color":"","overlay-opacity":"","overlay-gradient":""}},"_joinchat":[]},"product_brand":[],"product_cat":[39,45,33,41,40,44,24],"product_tag":[],"class_list":{"0":"post-252","1":"product","2":"type-product","3":"status-publish","4":"has-post-thumbnail","6":"product_cat-cun","7":"product_cat-ecoturism-cenotes","8":"product_cat-extreme","9":"product_cat-pdc","10":"product_cat-rm","11":"product_cat-theme-parks","12":"product_cat-tours","13":"desktop-align-left","14":"tablet-align-left","15":"mobile-align-left","17":"first","18":"instock","19":"sale","20":"featured","21":"taxable","22":"shipping-taxable","23":"purchasable","24":"product-type-simple"},"_links":{"self":[{"href":"https:\/\/respaldar.easytravelmexico.com\/es\/wp-json\/wp\/v2\/product\/252","targetHints":{"allow":["GET"]}}],"collection":[{"href":"https:\/\/respaldar.easytravelmexico.com\/es\/wp-json\/wp\/v2\/product"}],"about":[{"href":"https:\/\/respaldar.easytravelmexico.com\/es\/wp-json\/wp\/v2\/types\/product"}],"replies":[{"embeddable":true,"href":"https:\/\/respaldar.easytravelmexico.com\/es\/wp-json\/wp\/v2\/comments?post=252"}],"version-history":[{"count":25,"href":"https:\/\/respaldar.easytravelmexico.com\/es\/wp-json\/wp\/v2\/product\/252\/revisions"}],"predecessor-version":[{"id":7992,"href":"https:\/\/respaldar.easytravelmexico.com\/es\/wp-json\/wp\/v2\/product\/252\/revisions\/7992"}],"wp:featuredmedia":[{"embeddable":true,"href":"https:\/\/respaldar.easytravelmexico.com\/es\/wp-json\/wp\/v2\/media\/6951"}],"wp:attachment":[{"href":"https:\/\/respaldar.easytravelmexico.com\/es\/wp-json\/wp\/v2\/media?parent=252"}],"wp:term":[{"taxonomy":"product_brand","embeddable":true,"href":"https:\/\/respaldar.easytravelmexico.com\/es\/wp-json\/wp\/v2\/product_brand?post=252"},{"taxonomy":"product_cat","embeddable":true,"href":"https:\/\/respaldar.easytravelmexico.com\/es\/wp-json\/wp\/v2\/product_cat?post=252"},{"taxonomy":"product_tag","embeddable":true,"href":"https:\/\/respaldar.easytravelmexico.com\/es\/wp-json\/wp\/v2\/product_tag?post=252"}],"curies":[{"name":"wp","href":"https:\/\/api.w.org\/{rel}","templated":true}]}}