{"id":3154,"date":"2021-07-29T02:48:40","date_gmt":"2021-07-29T02:48:40","guid":{"rendered":"https:\/\/capatours.com\/?post_type=product&#038;p=3154"},"modified":"2022-06-16T03:32:52","modified_gmt":"2022-06-16T03:32:52","slug":"chichen-itza-valladolid-cenote-classic-tour-pack","status":"publish","type":"product","link":"https:\/\/respaldar.easytravelmexico.com\/es\/producto\/chichen-itza-valladolid-cenote-classic-tour-pack\/","title":{"rendered":"Tour Chich\u00e9n Itz\u00e1 \u2013 Valladolid \u2013 Cenote Cl\u00e1sico Canc\u00fan"},"content":{"rendered":"<p class=\"translation-block\">CHICH\u00c9N ITZ\u00c1. LA M\u00cdTICA CIUDAD M\u00c1S GRANDE. UNA VEZ QUE EL CENTRO DE LA CIVILIZACI\u00d3N MAYA. TODAV\u00cdA CONSIDERADO UN SITIO SAGRADO POR LA POBLACI\u00d3N MAYA DE LA PEN\u00cdNSULA DE YUCAT\u00c1N. CATALOGADO COMO PATRIMONIO DE LA HUMANIDAD POR LA UNESCO. DESIGNADA COMO UNA DE LAS NUEVAS SIETE MARAVILLAS DEL MUNDO. APRENDE SOBRE SU FILOSOF\u00cdA, COSMOLOG\u00cdA Y MITOLOG\u00cdA. SE DESARROLLARON LOS CONOCIMIENTOS MATEM\u00c1TICOS Y ASTRON\u00d3MICOS. EL SIGNIFICADO DE LAS TALLAS DE PIEDRA, PIR\u00c1MIDES, PLATAFORMAS, JUEGOS DE PELOTA Y ESCALERAS. VISITE EL OBSERVATORIO, TEMPLO DE LOS JAGUARES, TEMPLO DE LOS GUERREROS Y CIERTAMENTE EL FAMOSO EL CASTILLO, TAMBI\u00c9N CONOCIDO COMO EL TEMPLO DE KUKULK\u00c1N. VISITA LA CIUDAD COLONIAL DE VALLADOLID Y UN CENOTE.<\/p>\n<p><strong>Incluido:<\/strong><br \/>\nTransporte de ida y vuelta, recogida en la mayor\u00eda de los hoteles.<br \/>\nAutob\u00fas Aire acondicionado, lavabo<br \/>\nEntradas al sitio arqueol\u00f3gico y cenote de Chich\u00e9n Itz\u00e1<br \/>\nGu\u00eda biling\u00fce ingl\u00e9s-espa\u00f1ol y tour conductor<br \/>\nAlmuerzo buffet mexicano<br \/>\nVisita la encantadora ciudad colonial de Valladolid<br \/>\n<strong>Consejos:<\/strong><br \/>\nLlevar ropa y zapatos c\u00f3modos, traje de ba\u00f1o, toalla, anteojos de sol, gorra, bloqueador solar y repelente de insectos para el recorrido.<br \/>\nTrae efectivo o tarjeta de cr\u00e9dito para souvenirs, compras personales y alquiler de casilleros y chalecos salvavidas en el cenote.<br \/>\nTodos los ni\u00f1os deben estar acompa\u00f1ados por un adulto.<br \/>\nEn caso de utilizar silla de ruedas, te recomendamos traer un acompa\u00f1ante.<br \/>\n<strong>Exclusiones:<\/strong><br \/>\nLocker y chaleco salvavidas en Cenote Hubiku<br \/>\nBebidas<\/p>\n<p><strong>\u00a0Hora de inicio: 8:20 am<\/strong>Le informaremos la hora de recogida que es de acuerdo a la ubicaci\u00f3n de su hotel.<\/p>\n<p>Te recogeremos en tu Hotel (opcional) Te avisaremos.<\/p>","protected":false},"excerpt":{"rendered":"<p class=\"translation-block\">CHICH\u00c9N ITZ\u00c1,  EL RECORRIDO TRADICIONAL. TODO LO QUE NECESITAS PARA la EXCURSI\u00d3N DE D\u00cdA completo A UN PRECIO JUSTO 1) BUS CON AIRE ACONDICIONADO 2) ENTRADAS A LA ZONA ARQUEOL\u00d3GICA DE CHICH\u00c9N ITZ\u00c1 Y AL CENOTE. 3) comida estilo BUFFET REGIONAL (SIN BEBIDAS). 4) GU\u00cdA BILING\u00dcE (ENG-SPN) Y TOUR CONDUCTOR. LOS NI\u00d1OS DE 3 A\u00d1OS O MENOS SON COMPLEMENTARIOS. LA TARIFA DE NI\u00d1OS aplica PARA NI\u00d1OS DE 4 A 10 A\u00d1OS.<\/p>\n<p><strong>Hora de inicio: 8:20 am<\/strong>Le informaremos la hora de recogida que es de acuerdo a la ubicaci\u00f3n de su hotel.<\/p>\n<p>Te recogeremos en tu Hotel (opcional) Te avisaremos.<\/p>\n<table style=\"border-collapse: collapse; width: 371px; height: 128px;\" border=\"0\" width=\"160\" cellspacing=\"0\" cellpadding=\"0\">\n<tbody>\n<tr style=\"height: 15.0pt;\">\n<td style=\"height: 15.0pt; width: 60pt;\" width=\"80\" height=\"20\"><img fetchpriority=\"high\" decoding=\"async\" class=\"alignnone size-medium wp-image-4141\" src=\"https:\/\/respaldar.easytravelmexico.com\/wp-content\/uploads\/2021\/12\/1-Imagen1.5-300x170.png\" alt=\"\" width=\"300\" height=\"170\" \/><\/td>\n<td style=\"width: 60pt;\" width=\"80\"><strong>46 USD POR CADA PERSONA<\/strong><\/td>\n<\/tr>\n<\/tbody>\n<\/table>","protected":false},"featured_media":3148,"comment_status":"open","ping_status":"closed","template":"","meta":{"site-sidebar-layout":"default","site-content-layout":"default","ast-site-content-layout":"default","site-content-style":"default","site-sidebar-style":"default","ast-global-header-display":"","ast-banner-title-visibility":"","ast-main-header-display":"","ast-hfb-above-header-display":"","ast-hfb-below-header-display":"","ast-hfb-mobile-header-display":"","site-post-title":"","ast-breadcrumbs-content":"","ast-featured-img":"","footer-sml-layout":"","theme-transparent-header-meta":"default","adv-header-id-meta":"","stick-header-meta":"","header-above-stick-meta":"","header-main-stick-meta":"","header-below-stick-meta":"","astra-migrate-meta-layouts":"default","ast-page-background-enabled":"default","ast-page-background-meta":{"desktop":{"background-color":"","background-image":"","background-repeat":"repeat","background-position":"center center","background-size":"auto","background-attachment":"scroll","background-type":"","background-media":"","overlay-type":"","overlay-color":"","overlay-opacity":"","overlay-gradient":""},"tablet":{"background-color":"","background-image":"","background-repeat":"repeat","background-position":"center center","background-size":"auto","background-attachment":"scroll","background-type":"","background-media":"","overlay-type":"","overlay-color":"","overlay-opacity":"","overlay-gradient":""},"mobile":{"background-color":"","background-image":"","background-repeat":"repeat","background-position":"center center","background-size":"auto","background-attachment":"scroll","background-type":"","background-media":"","overlay-type":"","overlay-color":"","overlay-opacity":"","overlay-gradient":""}},"ast-content-background-meta":{"desktop":{"background-color":"var(--ast-global-color-5)","background-image":"","background-repeat":"repeat","background-position":"center center","background-size":"auto","background-attachment":"scroll","background-type":"","background-media":"","overlay-type":"","overlay-color":"","overlay-opacity":"","overlay-gradient":""},"tablet":{"background-color":"var(--ast-global-color-5)","background-image":"","background-repeat":"repeat","background-position":"center center","background-size":"auto","background-attachment":"scroll","background-type":"","background-media":"","overlay-type":"","overlay-color":"","overlay-opacity":"","overlay-gradient":""},"mobile":{"background-color":"var(--ast-global-color-5)","background-image":"","background-repeat":"repeat","background-position":"center center","background-size":"auto","background-attachment":"scroll","background-type":"","background-media":"","overlay-type":"","overlay-color":"","overlay-opacity":"","overlay-gradient":""}},"_joinchat":[]},"product_brand":[],"product_cat":[43,39,45,34,41,40,32,24],"product_tag":[],"class_list":{"0":"post-3154","1":"product","2":"type-product","3":"status-publish","4":"has-post-thumbnail","6":"product_cat-achaeological-tours","7":"product_cat-cun","8":"product_cat-ecoturism-cenotes","9":"product_cat-family","10":"product_cat-pdc","11":"product_cat-rm","12":"product_cat-sightseeing","13":"product_cat-tours","14":"desktop-align-left","15":"tablet-align-left","16":"mobile-align-left","18":"first","19":"instock","20":"sale","21":"featured","22":"taxable","23":"shipping-taxable","24":"product-type-grouped"},"_links":{"self":[{"href":"https:\/\/respaldar.easytravelmexico.com\/es\/wp-json\/wp\/v2\/product\/3154","targetHints":{"allow":["GET"]}}],"collection":[{"href":"https:\/\/respaldar.easytravelmexico.com\/es\/wp-json\/wp\/v2\/product"}],"about":[{"href":"https:\/\/respaldar.easytravelmexico.com\/es\/wp-json\/wp\/v2\/types\/product"}],"replies":[{"embeddable":true,"href":"https:\/\/respaldar.easytravelmexico.com\/es\/wp-json\/wp\/v2\/comments?post=3154"}],"version-history":[{"count":12,"href":"https:\/\/respaldar.easytravelmexico.com\/es\/wp-json\/wp\/v2\/product\/3154\/revisions"}],"predecessor-version":[{"id":7244,"href":"https:\/\/respaldar.easytravelmexico.com\/es\/wp-json\/wp\/v2\/product\/3154\/revisions\/7244"}],"wp:featuredmedia":[{"embeddable":true,"href":"https:\/\/respaldar.easytravelmexico.com\/es\/wp-json\/wp\/v2\/media\/3148"}],"wp:attachment":[{"href":"https:\/\/respaldar.easytravelmexico.com\/es\/wp-json\/wp\/v2\/media?parent=3154"}],"wp:term":[{"taxonomy":"product_brand","embeddable":true,"href":"https:\/\/respaldar.easytravelmexico.com\/es\/wp-json\/wp\/v2\/product_brand?post=3154"},{"taxonomy":"product_cat","embeddable":true,"href":"https:\/\/respaldar.easytravelmexico.com\/es\/wp-json\/wp\/v2\/product_cat?post=3154"},{"taxonomy":"product_tag","embeddable":true,"href":"https:\/\/respaldar.easytravelmexico.com\/es\/wp-json\/wp\/v2\/product_tag?post=3154"}],"curies":[{"name":"wp","href":"https:\/\/api.w.org\/{rel}","templated":true}]}}