{"id":3172,"date":"2021-07-29T03:23:47","date_gmt":"2021-07-29T03:23:47","guid":{"rendered":"https:\/\/capatours.com\/?post_type=product&#038;p=3172"},"modified":"2022-06-16T03:38:57","modified_gmt":"2022-06-16T03:38:57","slug":"chichen-itza-valladolid-cenote-de-luxe-premiere-tour-pack","status":"publish","type":"product","link":"https:\/\/respaldar.easytravelmexico.com\/es\/producto\/chichen-itza-valladolid-cenote-de-luxe-premiere-tour-pack\/","title":{"rendered":"Tour Chich\u00e9n Itz\u00e1 \u2013 Valladolid \u2013 Cenote DeLuxe Riviera Maya"},"content":{"rendered":"<p class=\"translation-block\">CHICH\u00c9N ITZ\u00c1. DESCUBRA EL SITIO ARQUEOL\u00d3GICO MAYA M\u00c1S POPULAR, EXCURSI\u00d3N DE UN D\u00cdA COMPLETO, VIAJE EN EL TIEMPO M\u00c1S DE MIL A\u00d1OS, APRENDA C\u00d3MO LOS ASTR\u00d3NOMOS MAYAS SORPRENDEN A NUESTRO CIENT\u00cdFICO MODERNO. VISITA LA CIUDAD COLONIAL DE VALLADOLID, Y NADA EN UN CENOTE, TE ATRAER\u00c1 ENTRAR. EXPERIENCIA INOLVIDABLE. COMPARTA EN LAS REDES SOCIALES A TODOS C\u00d3MO LO EXPERIMENT\u00d3.<\/p>\n<p><strong>Incluir<\/strong><br \/>\nTransporte de ida y vuelta desde tu hotel a Chich\u00e9n Itz\u00e1 en un autocar de lujo con servicio ejecutivo, aire acondicionado y ba\u00f1o.<br \/>\nServicio de bebidas en autocar: agua, refrescos y cerveza<br \/>\nServicio de desayuno continental<br \/>\nEntrada al sitio arqueol\u00f3gico y cenote de Chich\u00e9n Itz\u00e1<br \/>\nGu\u00eda biling\u00fce ingl\u00e9s-espa\u00f1ol y tour conductor<br \/>\nAlmuerzo buffet mexicano con bebida de bienvenida de cortes\u00eda.<br \/>\n<strong>Consejos:<\/strong><br \/>\n<strong>Traer:<\/strong> ropa y zapatos c\u00f3modos, traje de ba\u00f1o, toalla, anteojos de sol, gorra, bloqueador solar y repelente de insectos para el recorrido.<br \/>\n<strong>Traer:<\/strong> efectivo o tarjeta de cr\u00e9dito para souvenirs, compras personales y renta de casilleros y chalecos salvavidas en el Cenote.<br \/>\nTodos los ni\u00f1os deben estar acompa\u00f1ados por un adulto.<br \/>\nEn caso de utilizar silla de ruedas, te recomendamos traer un acompa\u00f1ante.<\/p>","protected":false},"excerpt":{"rendered":"<p>Chich\u00e9n Itz\u00e1, en un gran confort: 1)Autocar de lujo con servicio ejecutivo, aire acondicionado y ba\u00f1o. 2)Servicio de bebidas en autocar: agua, refrescos y cerveza. 3)Servicio de desayuno continental. 4) Entrada al sitio arqueol\u00f3gico de Chich\u00e9n Itz\u00e1 y Cenote Asombroso. 5) Almuerzo buffet regional con bebidas de cortes\u00eda (refrescos, ron, tequila, etc.) 6) Gu\u00eda biling\u00fce (ENG-SPN) y gu\u00eda tur\u00edstico. Los ni\u00f1os de 3 a\u00f1os o menos son complementarios. La tarifa de ni\u00f1os es para ni\u00f1os de 4 a 10 a\u00f1os.<\/p>","protected":false},"featured_media":3163,"comment_status":"open","ping_status":"closed","template":"","meta":{"site-sidebar-layout":"default","site-content-layout":"default","ast-site-content-layout":"default","site-content-style":"default","site-sidebar-style":"default","ast-global-header-display":"","ast-banner-title-visibility":"","ast-main-header-display":"","ast-hfb-above-header-display":"","ast-hfb-below-header-display":"","ast-hfb-mobile-header-display":"","site-post-title":"","ast-breadcrumbs-content":"","ast-featured-img":"","footer-sml-layout":"","theme-transparent-header-meta":"default","adv-header-id-meta":"","stick-header-meta":"","header-above-stick-meta":"","header-main-stick-meta":"","header-below-stick-meta":"","astra-migrate-meta-layouts":"default","ast-page-background-enabled":"default","ast-page-background-meta":{"desktop":{"background-color":"","background-image":"","background-repeat":"repeat","background-position":"center center","background-size":"auto","background-attachment":"scroll","background-type":"","background-media":"","overlay-type":"","overlay-color":"","overlay-opacity":"","overlay-gradient":""},"tablet":{"background-color":"","background-image":"","background-repeat":"repeat","background-position":"center center","background-size":"auto","background-attachment":"scroll","background-type":"","background-media":"","overlay-type":"","overlay-color":"","overlay-opacity":"","overlay-gradient":""},"mobile":{"background-color":"","background-image":"","background-repeat":"repeat","background-position":"center center","background-size":"auto","background-attachment":"scroll","background-type":"","background-media":"","overlay-type":"","overlay-color":"","overlay-opacity":"","overlay-gradient":""}},"ast-content-background-meta":{"desktop":{"background-color":"var(--ast-global-color-5)","background-image":"","background-repeat":"repeat","background-position":"center center","background-size":"auto","background-attachment":"scroll","background-type":"","background-media":"","overlay-type":"","overlay-color":"","overlay-opacity":"","overlay-gradient":""},"tablet":{"background-color":"var(--ast-global-color-5)","background-image":"","background-repeat":"repeat","background-position":"center center","background-size":"auto","background-attachment":"scroll","background-type":"","background-media":"","overlay-type":"","overlay-color":"","overlay-opacity":"","overlay-gradient":""},"mobile":{"background-color":"var(--ast-global-color-5)","background-image":"","background-repeat":"repeat","background-position":"center center","background-size":"auto","background-attachment":"scroll","background-type":"","background-media":"","overlay-type":"","overlay-color":"","overlay-opacity":"","overlay-gradient":""}},"_joinchat":[]},"product_brand":[],"product_cat":[43,39,45,34,41,40,32,24],"product_tag":[],"class_list":{"0":"post-3172","1":"product","2":"type-product","3":"status-publish","4":"has-post-thumbnail","6":"product_cat-achaeological-tours","7":"product_cat-cun","8":"product_cat-ecoturism-cenotes","9":"product_cat-family","10":"product_cat-pdc","11":"product_cat-rm","12":"product_cat-sightseeing","13":"product_cat-tours","14":"desktop-align-left","15":"tablet-align-left","16":"mobile-align-left","18":"first","19":"instock","20":"sale","21":"featured","22":"taxable","23":"shipping-taxable","24":"product-type-grouped"},"_links":{"self":[{"href":"https:\/\/respaldar.easytravelmexico.com\/es\/wp-json\/wp\/v2\/product\/3172","targetHints":{"allow":["GET"]}}],"collection":[{"href":"https:\/\/respaldar.easytravelmexico.com\/es\/wp-json\/wp\/v2\/product"}],"about":[{"href":"https:\/\/respaldar.easytravelmexico.com\/es\/wp-json\/wp\/v2\/types\/product"}],"replies":[{"embeddable":true,"href":"https:\/\/respaldar.easytravelmexico.com\/es\/wp-json\/wp\/v2\/comments?post=3172"}],"version-history":[{"count":4,"href":"https:\/\/respaldar.easytravelmexico.com\/es\/wp-json\/wp\/v2\/product\/3172\/revisions"}],"predecessor-version":[{"id":7239,"href":"https:\/\/respaldar.easytravelmexico.com\/es\/wp-json\/wp\/v2\/product\/3172\/revisions\/7239"}],"wp:featuredmedia":[{"embeddable":true,"href":"https:\/\/respaldar.easytravelmexico.com\/es\/wp-json\/wp\/v2\/media\/3163"}],"wp:attachment":[{"href":"https:\/\/respaldar.easytravelmexico.com\/es\/wp-json\/wp\/v2\/media?parent=3172"}],"wp:term":[{"taxonomy":"product_brand","embeddable":true,"href":"https:\/\/respaldar.easytravelmexico.com\/es\/wp-json\/wp\/v2\/product_brand?post=3172"},{"taxonomy":"product_cat","embeddable":true,"href":"https:\/\/respaldar.easytravelmexico.com\/es\/wp-json\/wp\/v2\/product_cat?post=3172"},{"taxonomy":"product_tag","embeddable":true,"href":"https:\/\/respaldar.easytravelmexico.com\/es\/wp-json\/wp\/v2\/product_tag?post=3172"}],"curies":[{"name":"wp","href":"https:\/\/api.w.org\/{rel}","templated":true}]}}