{"id":3441,"date":"2021-12-06T03:35:09","date_gmt":"2021-12-06T03:35:09","guid":{"rendered":"https:\/\/outlet-tours.com\/?post_type=product&#038;p=3441"},"modified":"2022-06-16T02:47:00","modified_gmt":"2022-06-16T02:47:00","slug":"atvs-double-zip-lines-combo-bonus-adults","status":"publish","type":"product","link":"https:\/\/respaldar.easytravelmexico.com\/es\/producto\/atvs-double-zip-lines-combo-bonus-adults\/","title":{"rendered":"ATV\u00b4s Doble \u2013 Tirolesas y Cenote Adultos"},"content":{"rendered":"<p>Tirolesas \u2013 Cuatrimoto Doble &amp; CENOTE<\/p>\n<p>Combina y siente extremo<br \/>\nZIP LINE Comenzamos esta emocionante aventura en el dosel de la selva con un circuito de 7 l\u00edneas 2 puentes colgantes y una telara\u00f1a; diversi\u00f3n Tienes que realizar tu sue\u00f1o de volar entre las copas de los \u00e1rboles recorriendo el circuito de tirolinas y sus puentes<br \/>\nImportante para esta actividad: Peso m\u00e1ximo 240 lbs. (110kg)<br \/>\nCuatrimotos Doble. Contin\u00fae con 45 minutos de emoci\u00f3n llena de adrenalina en nuestros veh\u00edculos todo terreno en senderos creados para la m\u00e1xima diversi\u00f3n y seguridad. Piloto doble, lo que significa que 2 personas conducen un veh\u00edculo todo terreno. Con esta opci\u00f3n 2 personas viajar\u00e1n en un ATV uno como conductor. Es posible si cumple con los requisitos para compartir el tiempo de conducci\u00f3n.<br \/>\nDEBE TENER 16 A\u00d1OS PARA CONDUCIR LOS ATV. Por lo tanto, esta es la opci\u00f3n para los ni\u00f1os. Los ni\u00f1os tienen de 5 a 11 a\u00f1os. Los ni\u00f1os viajar\u00e1n con un adulto.<br \/>\nCENOTE: Nadar\u00e1s en nuestro refrescante Cenote y sus aguas cristalinas y disfrutar\u00e1s de 2 tirolesas acu\u00e1ticas antes de un delicioso snack para recuperar energ\u00edas en nuestra palapa principal.<br \/>\nNo se recomienda para personas con problemas de espalda, mujeres embarazadas o personas con limitaciones f\u00edsicas.<br \/>\nLo recogeremos en su Hotel (opcional) La mayor\u00eda de los hoteles en Canc\u00fan, Playa del Carmen.<\/p>\n<p>DESTACAR<\/p>\n<p>Una aut\u00e9ntica tirolesa en canopy, un circuito lleno de diversi\u00f3n y emociones. Seguido del circuito off road manejando una cuatrimoto por la selva, al final tendr\u00e1s la oportunidad de nadar en una formaci\u00f3n de agua muy particular \u00fanica en el mundo que se conoce como Cenote. Nuestros gu\u00edas biling\u00fces experimentados y amables se ocupar\u00e1n de usted, asegur\u00e1ndose de que pase un viaje seguro y maravilloso.<\/p>\n<p>INCLUYE<\/p>\n<p>Gu\u00eda biling\u00fce<br \/>\ntodo el equipamiento<br \/>\nTransporte compartido opcional<\/p>\n<p>Snack (fajitas de pollo, arroz y frijoles)<br \/>\nLimonada (ilimitada)<\/p>\n<p>EXCLUSIONES<\/p>\n<p>Fotograf\u00eda, Lockers, Propinas, Souvenirs, Bebidas Alcoh\u00f3licas, Toallas. Propinas, souvenirs. Todo disponible opcional.<\/p>\n<p>QUE TRAER<\/p>\n<p>Protector solar biodegradable y repelente de insectos<br \/>\nCambio de ropa<br \/>\nGafas de sol<br \/>\nTraje de ba\u00f1o<br \/>\nToalla<br \/>\nDinero extra para souvenirs y propinas (opcional)<\/p>\n<p>NO PERMITIDO<\/p>\n<p>Las personas bajo la influencia del alcohol o las drogas no podr\u00e1n participar en este tour.<\/p>\n<p>SABER ANTES DE RESERVAR<\/p>\n<p>Debes tener 14 a\u00f1os para conducir una cuatrimoto con permiso de un adulto.<br \/>\nEl peso m\u00ednimo es de 50 libras. y el peso m\u00e1ximo por persona es de 110 kg \/ 240 lbs.<br \/>\nSi tiene problemas de espalda, cuello, articulaciones, m\u00fasculos o si est\u00e1 embarazada, debe considerar cuidadosamente su participaci\u00f3n.<br \/>\nSi tienes 17 a\u00f1os o menos, debes tener el permiso de tus padres o tutores.<br \/>\nMientras participes en la actividad, no puedes traer c\u00e1maras de ning\u00fan tipo, drones u objetos de valor.<br \/>\nEs importante llegar 30 minutos antes de su reserva.<br \/>\nPor favor traiga su reserva de reserva y su identificaci\u00f3n.<\/p>","protected":false},"excerpt":{"rendered":"<p>Tirolesas \u2013 Cuatrimoto Doble &amp; CENOTE<\/p>\n<p>Combina y siente extremo<br \/>\nZIP LINE Comenzamos esta emocionante aventura en el dosel de la selva con un circuito de 7 l\u00edneas 2 puentes colgantes y una telara\u00f1a; diversi\u00f3n Tienes que realizar tu sue\u00f1o de volar entre las copas de los \u00e1rboles recorriendo el circuito de tirolinas y sus puentes<br \/>\nImportante para esta actividad: Peso m\u00e1ximo 240 lbs. (110kg)<br \/>\nCuatrimotos Doble. Contin\u00fae con 45 minutos de emoci\u00f3n llena de adrenalina en nuestros veh\u00edculos todo terreno en senderos creados para la m\u00e1xima diversi\u00f3n y seguridad. Piloto doble, lo que significa que 2 personas conducen un veh\u00edculo todo terreno. Con esta opci\u00f3n 2 personas viajar\u00e1n en un ATV uno como conductor. Es posible si cumple con los requisitos para compartir el tiempo de conducci\u00f3n.<br \/>\nDEBE TENER 16 A\u00d1OS PARA CONDUCIR LOS ATV. Por lo tanto, esta es la opci\u00f3n para los ni\u00f1os. Los ni\u00f1os tienen de 5 a 11 a\u00f1os. Los ni\u00f1os viajar\u00e1n con un adulto.<br \/>\nCENOTE: Nadar\u00e1s en nuestro refrescante Cenote y sus aguas cristalinas y disfrutar\u00e1s de 2 tirolesas acu\u00e1ticas antes de un delicioso snack para recuperar energ\u00edas en nuestra palapa principal.<\/p>","protected":false},"featured_media":3359,"comment_status":"open","ping_status":"closed","template":"","meta":{"site-sidebar-layout":"default","site-content-layout":"default","ast-site-content-layout":"default","site-content-style":"default","site-sidebar-style":"default","ast-global-header-display":"","ast-banner-title-visibility":"","ast-main-header-display":"","ast-hfb-above-header-display":"","ast-hfb-below-header-display":"","ast-hfb-mobile-header-display":"","site-post-title":"","ast-breadcrumbs-content":"","ast-featured-img":"","footer-sml-layout":"","theme-transparent-header-meta":"default","adv-header-id-meta":"","stick-header-meta":"default","header-above-stick-meta":"","header-main-stick-meta":"","header-below-stick-meta":"","astra-migrate-meta-layouts":"default","ast-page-background-enabled":"default","ast-page-background-meta":{"desktop":{"background-color":"","background-image":"","background-repeat":"repeat","background-position":"center center","background-size":"auto","background-attachment":"scroll","background-type":"","background-media":"","overlay-type":"","overlay-color":"","overlay-opacity":"","overlay-gradient":""},"tablet":{"background-color":"","background-image":"","background-repeat":"repeat","background-position":"center center","background-size":"auto","background-attachment":"scroll","background-type":"","background-media":"","overlay-type":"","overlay-color":"","overlay-opacity":"","overlay-gradient":""},"mobile":{"background-color":"","background-image":"","background-repeat":"repeat","background-position":"center center","background-size":"auto","background-attachment":"scroll","background-type":"","background-media":"","overlay-type":"","overlay-color":"","overlay-opacity":"","overlay-gradient":""}},"ast-content-background-meta":{"desktop":{"background-color":"var(--ast-global-color-5)","background-image":"","background-repeat":"repeat","background-position":"center center","background-size":"auto","background-attachment":"scroll","background-type":"","background-media":"","overlay-type":"","overlay-color":"","overlay-opacity":"","overlay-gradient":""},"tablet":{"background-color":"var(--ast-global-color-5)","background-image":"","background-repeat":"repeat","background-position":"center center","background-size":"auto","background-attachment":"scroll","background-type":"","background-media":"","overlay-type":"","overlay-color":"","overlay-opacity":"","overlay-gradient":""},"mobile":{"background-color":"var(--ast-global-color-5)","background-image":"","background-repeat":"repeat","background-position":"center center","background-size":"auto","background-attachment":"scroll","background-type":"","background-media":"","overlay-type":"","overlay-color":"","overlay-opacity":"","overlay-gradient":""}},"_joinchat":[]},"product_brand":[],"product_cat":[24],"product_tag":[],"class_list":{"0":"post-3441","1":"product","2":"type-product","3":"status-publish","4":"has-post-thumbnail","6":"product_cat-tours","7":"desktop-align-left","8":"tablet-align-left","9":"mobile-align-left","11":"first","12":"instock","13":"sale","14":"featured","15":"taxable","16":"shipping-taxable","17":"purchasable","18":"product-type-simple"},"_links":{"self":[{"href":"https:\/\/respaldar.easytravelmexico.com\/es\/wp-json\/wp\/v2\/product\/3441","targetHints":{"allow":["GET"]}}],"collection":[{"href":"https:\/\/respaldar.easytravelmexico.com\/es\/wp-json\/wp\/v2\/product"}],"about":[{"href":"https:\/\/respaldar.easytravelmexico.com\/es\/wp-json\/wp\/v2\/types\/product"}],"replies":[{"embeddable":true,"href":"https:\/\/respaldar.easytravelmexico.com\/es\/wp-json\/wp\/v2\/comments?post=3441"}],"version-history":[{"count":17,"href":"https:\/\/respaldar.easytravelmexico.com\/es\/wp-json\/wp\/v2\/product\/3441\/revisions"}],"predecessor-version":[{"id":7200,"href":"https:\/\/respaldar.easytravelmexico.com\/es\/wp-json\/wp\/v2\/product\/3441\/revisions\/7200"}],"wp:featuredmedia":[{"embeddable":true,"href":"https:\/\/respaldar.easytravelmexico.com\/es\/wp-json\/wp\/v2\/media\/3359"}],"wp:attachment":[{"href":"https:\/\/respaldar.easytravelmexico.com\/es\/wp-json\/wp\/v2\/media?parent=3441"}],"wp:term":[{"taxonomy":"product_brand","embeddable":true,"href":"https:\/\/respaldar.easytravelmexico.com\/es\/wp-json\/wp\/v2\/product_brand?post=3441"},{"taxonomy":"product_cat","embeddable":true,"href":"https:\/\/respaldar.easytravelmexico.com\/es\/wp-json\/wp\/v2\/product_cat?post=3441"},{"taxonomy":"product_tag","embeddable":true,"href":"https:\/\/respaldar.easytravelmexico.com\/es\/wp-json\/wp\/v2\/product_tag?post=3441"}],"curies":[{"name":"wp","href":"https:\/\/api.w.org\/{rel}","templated":true}]}}