{"id":3462,"date":"2021-12-10T00:28:58","date_gmt":"2021-12-10T00:28:58","guid":{"rendered":"https:\/\/outlet-tours.com\/?post_type=product&#038;p=3462"},"modified":"2022-06-21T16:02:35","modified_gmt":"2022-06-21T16:02:35","slug":"atvs-double-zip-lines-cenote-tour","status":"publish","type":"product","link":"https:\/\/respaldar.easytravelmexico.com\/es\/producto\/atvs-double-zip-lines-cenote-tour\/","title":{"rendered":"Tour Cuatrimotos Doble \u2013 Tirolesas &amp; Cenote"},"content":{"rendered":"<p>Combina y siente extremo<br \/>\n<strong>TIROLESA<\/strong> Iniciamos esta emocionante aventura en el dosel de la selva con un circuito de 7 l\u00edneas, 2 puentes colgantes y una Telara\u00f1a; diversi\u00f3n Tienes que hacer realidad tu sue\u00f1o de volar por las copas de los \u00e1rboles recorriendo el circuito de tirolesas y sus puentes<br \/>\nImportante para esta actividad: Peso m\u00e1ximo 240 lbs. (110kg)<br \/>\n<strong>Cuatrimotos dobles.<\/strong> Contin\u00fae con 45 minutos de emoci\u00f3n y adrenalina en nuestros veh\u00edculos todo terreno en senderos creados para la m\u00e1xima diversi\u00f3n y seguridad. Dos personas en un ATV si los adultos pueden conducir parte del tiempo, lo que significa que 2 personas conducen un ATV. Con esta opci\u00f3n viajar\u00e1n 2 personas en una cuatrimoto, una como conductor. Es posible si cumples los requisitos para compartir el tiempo de conducci\u00f3n.<br \/>\nDEBE TENER 16 A\u00d1OS PARA CONDUCIR LOS ATV. Por lo tanto, esta es la opci\u00f3n para los ni\u00f1os. Los ni\u00f1os tienen de 5 a 11 a\u00f1os. Los ni\u00f1os viajar\u00e1n con un adulto.<br \/>\nCENOTE: Nadar\u00e1s en nuestro refrescante Cenote y sus aguas cristalinas y disfrutar\u00e1s de 2 tirolesas acu\u00e1ticas antes de un delicioso snack para recuperar energ\u00edas en nuestra palapa principal.<br \/>\nNo recomendado para personas con problemas de espalda, mujeres embarazadas o personas con limitaciones f\u00edsicas<br \/>\nLo recogemos en su Hotel (opcional) La mayor\u00eda de los hoteles en Canc\u00fan, Playa del Carmen.<\/p>\n<p><strong>\u00a0 \u00a0 \u00a0 \u00a0 \u00a0 \u00a0DESTACAR<\/strong><\/p>\n<p>Una aut\u00e9ntica tirolesa en canopy, un circuito lleno de diversi\u00f3n y emociones. Seguido por el circuito off road conduciendo una cuatrimoto a trav\u00e9s de la selva, al final tendr\u00e1s la oportunidad de nadar en una formaci\u00f3n de agua muy particular \u00fanica en el mundo conocida como Cenote. Nuestros gu\u00edas biling\u00fces experimentados y amigables se encargar\u00e1n de usted, asegur\u00e1ndose de que tenga un viaje seguro y maravilloso.<\/p>\n<p><strong>\u00a0 \u00a0 \u00a0 \u00a0 \u00a0 \u00a0 INCLUYE<\/strong><\/p>\n<p>Gu\u00eda biling\u00fce<br \/>\ntodo el equipo<br \/>\nTransporte compartido opcional<\/p>\n<p>Snack (fajitas de pollo, arroz y frijoles)<br \/>\nLimonada (ilimitada)<\/p>\n<p><strong>\u00a0 \u00a0 \u00a0 \u00a0EXCLUSIONES<\/strong><\/p>\n<p>Fotograf\u00eda, Lockers, Propinas, Souvenirs, Bebidas Alcoh\u00f3licas, Toallas. Propinas, souvenirs. Todo disponible opcional.<\/p>\n<p><strong>\u00a0 \u00a0 \u00a0QUE BRIG<\/strong><\/p>\n<p>Protector solar biodegradable y repelente de insectos<br \/>\nCambio de ropa<br \/>\nGafas de sol<br \/>\nTrajes de ba\u00f1o<br \/>\nToalla de dinero<br \/>\nextra para souvenirs y propinas (opcional)<\/p>\n<p><strong>\u00a0 \u00a0 \u00a0NO PERMITIDO<\/strong><\/p>\n<p>Las personas bajo la influencia del alcohol o las drogas no podr\u00e1n participar en este tour.<\/p>\n<p><strong>\u00a0 \u00a0 \u00a0 SABER ANTES DE RESERVAR<\/strong><\/p>\n<p>Debe tener 14 a\u00f1os de edad para conducir un veh\u00edculo todo terreno con el permiso de un adulto.<br \/>\nEl peso m\u00ednimo es de 50 libras. y el peso m\u00e1ximo por persona es de 110 kg \/ 240 lbs.<br \/>\nSi tiene problemas de espalda, cuello, articulaciones o m\u00fasculos, o si est\u00e1 embarazada, debe considerar cuidadosamente su participaci\u00f3n.<br \/>\nSi tienes 17 a\u00f1os o menos, debes contar con el permiso de tus padres o tutores.<br \/>\nMientras participe en la actividad, no puede traer c\u00e1maras de ning\u00fan tipo, drones u objetos de valor.<br \/>\nEs importante llegar 30 minutos antes de su reserva.<br \/>\nPor favor traiga su reserva de reserva y DNI.<\/p>\n<p>&nbsp;<\/p>","protected":false},"excerpt":{"rendered":"<p><span style=\"vertical-align: inherit;\"><span style=\"vertical-align: inherit;\">Combina y Siente Extremo\nZIP LINE Comenzamos esta emocionante aventura en el dosel de la selva con un circuito de 7 l\u00edneas 2 puentes colgantes y una Telara\u00f1a; diversi\u00f3n Tienes que realizar tu sue\u00f1o de volar entre las copas de los \u00e1rboles recorriendo el circuito de tirolesas y sus puentes\nImportante para esta actividad: Peso m\u00e1ximo 240 lbs. (110kg)\nCuatrimotos Doble. Contin\u00fae con 45 minutos de emoci\u00f3n llena de adrenalina en nuestros veh\u00edculos todo terreno en senderos creados para la m\u00e1xima diversi\u00f3n y seguridad. Piloto doble, lo que significa que 2 personas conducen un veh\u00edculo todo terreno. Con esta opci\u00f3n 2 personas viajar\u00e1n en un ATV uno como conductor. Es posible si cumple con los requisitos para compartir el tiempo de conducci\u00f3n.\nDEBE TENER 16 A\u00d1OS PARA CONDUCIR LOS ATV. Por lo tanto, esta es la opci\u00f3n para los ni\u00f1os. Los ni\u00f1os tienen de 5 a 11 a\u00f1os. Los ni\u00f1os viajar\u00e1n con un adulto.\nCENOTE: Nadar\u00e1s en nuestro refrescante Cenote y sus aguas cristalinas y disfrutar\u00e1s de 2 tirolesas acu\u00e1ticas antes de un delicioso snack para recuperar energ\u00edas en nuestra palapa principal.\nNo recomendado para personas con problemas de espalda, mujeres embarazadas o personas con limitaciones f\u00edsicas\nLo recogemos en su Hotel (opcional) La mayor\u00eda de los hoteles en Canc\u00fan, Playa del Carmen.<\/span><\/span><\/p>\n<p class=\"translation-block\">Combina y siente extremo<br data-uw-styling-context=\"true\"> ZIP LINE Comenzamos esta emocionante aventura en el dosel de la selva con un circuito de 7 l\u00edneas 2 puentes colgantes y una telara\u00f1a; diversi\u00f3n Tienes que realizar tu sue\u00f1o de volar entre las copas de los \u00e1rboles recorriendo el circuito de tirolinas y sus puentes<br data-uw-styling-context=\"true\"> Importante para esta actividad: Peso m\u00e1ximo 240 lbs. (110kg)<br data-uw-styling-context=\"true\"> Cuatrimotos Doble. Contin\u00fae con 45 minutos de emoci\u00f3n llena de adrenalina en nuestros veh\u00edculos todo terreno en senderos creados para la m\u00e1xima diversi\u00f3n y seguridad. Piloto doble, lo que significa que 2 personas conducen un veh\u00edculo todo terreno. Con esta opci\u00f3n 2 personas viajar\u00e1n en un ATV uno como conductor. Es posible si cumple con los requisitos para compartir el tiempo de conducci\u00f3n.<br data-uw-styling-context=\"true\"> DEBE TENER 16 A\u00d1OS PARA CONDUCIR LOS ATV. Por lo tanto, esta es la opci\u00f3n para los ni\u00f1os. Los ni\u00f1os tienen de 5 a 11 a\u00f1os. Los ni\u00f1os viajar\u00e1n con un adulto.<br data-uw-styling-context=\"true\"> <span style=\"vertical-align: inherit\" data-uw-styling-context=\"true\"><span style=\"vertical-align: inherit\" data-uw-styling-context=\"true\">CENOTE: Nadar\u00e1s en nuestro refrescante Cenote y sus aguas cristalinas y disfrutar\u00e1s de 2 tirolesas acu\u00e1ticas antes de un delicioso snack para recuperar energ\u00edas en nuestra palapa principal.<\/span><\/span><\/p>\n<p class=\"translation-block\">Start time: 9:20 am,  12:15 pm   We will advise the pick-up time<\/p>\n<p>Lo recogeremos a la hora de su Hotel (opcional) o en un punto de encuentro dependiendo de la ubicaci\u00f3n del hotel. Te avisaremos.<\/p>\n<p>&nbsp;<\/p>\n<table style=\"border-collapse: collapse; width: 371px; height: 128px;\" border=\"0\" width=\"160\" cellspacing=\"0\" cellpadding=\"0\">\n<tbody>\n<tr style=\"height: 15.0pt;\">\n<td style=\"height: 15.0pt; width: 60pt;\" width=\"80\" height=\"20\"><img fetchpriority=\"high\" decoding=\"async\" class=\"alignnone size-medium wp-image-4141\" src=\"https:\/\/respaldar.easytravelmexico.com\/wp-content\/uploads\/2021\/12\/1-Imagen1.5-300x170.png\" alt=\"\" width=\"300\" height=\"170\" \/><\/td>\n<td style=\"width: 60pt;\" width=\"80\"><strong>Ahorre: 30 USD POR CADA PERSONA<\/strong><\/td>\n<\/tr>\n<\/tbody>\n<\/table>","protected":false},"featured_media":4777,"comment_status":"open","ping_status":"closed","template":"","meta":{"site-sidebar-layout":"default","site-content-layout":"default","ast-site-content-layout":"default","site-content-style":"default","site-sidebar-style":"default","ast-global-header-display":"","ast-banner-title-visibility":"","ast-main-header-display":"","ast-hfb-above-header-display":"","ast-hfb-below-header-display":"","ast-hfb-mobile-header-display":"","site-post-title":"","ast-breadcrumbs-content":"","ast-featured-img":"","footer-sml-layout":"","theme-transparent-header-meta":"default","adv-header-id-meta":"","stick-header-meta":"default","header-above-stick-meta":"","header-main-stick-meta":"","header-below-stick-meta":"","astra-migrate-meta-layouts":"default","ast-page-background-enabled":"default","ast-page-background-meta":{"desktop":{"background-color":"","background-image":"","background-repeat":"repeat","background-position":"center center","background-size":"auto","background-attachment":"scroll","background-type":"","background-media":"","overlay-type":"","overlay-color":"","overlay-opacity":"","overlay-gradient":""},"tablet":{"background-color":"","background-image":"","background-repeat":"repeat","background-position":"center center","background-size":"auto","background-attachment":"scroll","background-type":"","background-media":"","overlay-type":"","overlay-color":"","overlay-opacity":"","overlay-gradient":""},"mobile":{"background-color":"","background-image":"","background-repeat":"repeat","background-position":"center center","background-size":"auto","background-attachment":"scroll","background-type":"","background-media":"","overlay-type":"","overlay-color":"","overlay-opacity":"","overlay-gradient":""}},"ast-content-background-meta":{"desktop":{"background-color":"var(--ast-global-color-5)","background-image":"","background-repeat":"repeat","background-position":"center center","background-size":"auto","background-attachment":"scroll","background-type":"","background-media":"","overlay-type":"","overlay-color":"","overlay-opacity":"","overlay-gradient":""},"tablet":{"background-color":"var(--ast-global-color-5)","background-image":"","background-repeat":"repeat","background-position":"center center","background-size":"auto","background-attachment":"scroll","background-type":"","background-media":"","overlay-type":"","overlay-color":"","overlay-opacity":"","overlay-gradient":""},"mobile":{"background-color":"var(--ast-global-color-5)","background-image":"","background-repeat":"repeat","background-position":"center center","background-size":"auto","background-attachment":"scroll","background-type":"","background-media":"","overlay-type":"","overlay-color":"","overlay-opacity":"","overlay-gradient":""}},"_joinchat":[]},"product_brand":[],"product_cat":[39,45,33,34,41,40,44,24],"product_tag":[],"class_list":{"0":"post-3462","1":"product","2":"type-product","3":"status-publish","4":"has-post-thumbnail","6":"product_cat-cun","7":"product_cat-ecoturism-cenotes","8":"product_cat-extreme","9":"product_cat-family","10":"product_cat-pdc","11":"product_cat-rm","12":"product_cat-theme-parks","13":"product_cat-tours","14":"desktop-align-left","15":"tablet-align-left","16":"mobile-align-left","18":"first","19":"instock","20":"sale","21":"featured","22":"taxable","23":"shipping-taxable","24":"product-type-grouped"},"_links":{"self":[{"href":"https:\/\/respaldar.easytravelmexico.com\/es\/wp-json\/wp\/v2\/product\/3462","targetHints":{"allow":["GET"]}}],"collection":[{"href":"https:\/\/respaldar.easytravelmexico.com\/es\/wp-json\/wp\/v2\/product"}],"about":[{"href":"https:\/\/respaldar.easytravelmexico.com\/es\/wp-json\/wp\/v2\/types\/product"}],"replies":[{"embeddable":true,"href":"https:\/\/respaldar.easytravelmexico.com\/es\/wp-json\/wp\/v2\/comments?post=3462"}],"version-history":[{"count":19,"href":"https:\/\/respaldar.easytravelmexico.com\/es\/wp-json\/wp\/v2\/product\/3462\/revisions"}],"predecessor-version":[{"id":7866,"href":"https:\/\/respaldar.easytravelmexico.com\/es\/wp-json\/wp\/v2\/product\/3462\/revisions\/7866"}],"wp:featuredmedia":[{"embeddable":true,"href":"https:\/\/respaldar.easytravelmexico.com\/es\/wp-json\/wp\/v2\/media\/4777"}],"wp:attachment":[{"href":"https:\/\/respaldar.easytravelmexico.com\/es\/wp-json\/wp\/v2\/media?parent=3462"}],"wp:term":[{"taxonomy":"product_brand","embeddable":true,"href":"https:\/\/respaldar.easytravelmexico.com\/es\/wp-json\/wp\/v2\/product_brand?post=3462"},{"taxonomy":"product_cat","embeddable":true,"href":"https:\/\/respaldar.easytravelmexico.com\/es\/wp-json\/wp\/v2\/product_cat?post=3462"},{"taxonomy":"product_tag","embeddable":true,"href":"https:\/\/respaldar.easytravelmexico.com\/es\/wp-json\/wp\/v2\/product_tag?post=3462"}],"curies":[{"name":"wp","href":"https:\/\/api.w.org\/{rel}","templated":true}]}}