{"id":349,"date":"2017-12-20T14:16:27","date_gmt":"2017-12-20T14:16:27","guid":{"rendered":"http:\/\/capatours.com\/product\/dark-brown-jeans\/"},"modified":"2022-06-16T05:16:50","modified_gmt":"2022-06-16T05:16:50","slug":"jungle-tour","status":"publish","type":"product","link":"https:\/\/respaldar.easytravelmexico.com\/es\/producto\/jungle-tour\/","title":{"rendered":"Jungle Tour"},"content":{"rendered":"<p>Siente la emoci\u00f3n de conducir tu propia lancha r\u00e1pida de 2 plazas. Navega por los canales de manglares que rodean Canc\u00fan. Snorkel en las aguas cristalinas del Parque Nacional Punta Nizuc.<br \/>\nSobre el paquete:<\/p>\n<p>Tu aventura de 2 horas comienza con una breve charla de seguridad, en la que tus gu\u00edas biling\u00fces de habla hispana e inglesa te ense\u00f1ar\u00e1n los entresijos de pilotar una lancha r\u00e1pida, lo que no requiere experiencia previa. Las lanchas r\u00e1pidas de 4 m (13 pies) son f\u00e1ciles de conducir, seguras, estables y completamente adecuadas para navegantes primerizos.<\/p>\n<p>Siga a su gu\u00eda tur\u00edstico altamente capacitado; luego, navegar\u00e1 a trav\u00e9s de los impresionantes canales de manglares de la laguna Nichupt\u00e9, observando la vibrante biodiversidad que lo rodea.<\/p>\n<p>Despu\u00e9s de su emocionante navegaci\u00f3n, llegar\u00e1 a la barrera de arrecifes de coral m\u00e1s grande del planeta, ubicada dentro del Parque Nacional Punta Nizuc. P\u00f3ngase la m\u00e1scara y sum\u00e9rjase en aguas cristalinas para hacer esn\u00f3rquel con su gu\u00eda, mantenga los ojos bien abiertos para ver m\u00e1s de 500 especies de vida marina. Los nadadores m\u00e1s experimentados pueden visitar el museo submarino MUSA, que cuenta con esculturas hundidas que crean un h\u00e1bitat para las criaturas marinas.<\/p>\n<p>Despu\u00e9s de maravillarte con uno de los tesoros naturales m\u00e1s importantes del mundo, regresar\u00e1s a Canc\u00fan, emocionado por la aventura en la que acabas de participar.<\/p>\n<p><strong>\u00a0 \u00a0 \u00a0 \u00a0Lo mas atractivo<\/strong><br \/>\nConduce una lancha r\u00e1pida de 2 plazas hacia un impresionante destino de esn\u00f3rquel.<br \/>\nContemple una de las \u00e1reas oce\u00e1nicas con mayor biodiversidad del mundo.<br \/>\nPractique esn\u00f3rquel en aguas cristalinas y c\u00e1lidas del Caribe.<br \/>\nVisita el museo submarino.<br \/>\n<strong>\u00a0 \u00a0 \u00a0 \u00a0Incluye<\/strong><br \/>\nGu\u00edas tur\u00edsticos biling\u00fces calificados.<br \/>\nEquipo de seguridad (chaleco salvavidas).<br \/>\nLancha r\u00e1pida de 2 plazas.<br \/>\nEquipo de buceo.<br \/>\nAgua embotellada despu\u00e9s de hacer snorkel.<br \/>\nBa\u00f1os y zona de duchas.<br \/>\n<strong>\u00a0 \u00a0 \u00a0 \u00a0Exclusiones<\/strong><br \/>\nTransporte<br \/>\nTarifa de muelle<br \/>\nFotos y Videos<br \/>\nPropinas (opcional)<br \/>\nQue traer<br \/>\nPasaporte o DNI<br \/>\nRopa y zapatos c\u00f3modos<br \/>\nTrajes de ba\u00f1o<br \/>\nToalla<br \/>\nProtector solar biodegradable<br \/>\nDinero para souvenirs o fotos<br \/>\n<strong>\u00a0 \u00a0 \u00a0 \u00a0 No permitido<\/strong><br \/>\nC\u00e1maras (GoPro)<br \/>\nDrones<br \/>\ntel\u00e9fonos inteligentes<br \/>\nCosas valiosas<br \/>\n<strong>\u00a0 \u00a0 \u00a0 \u00a0 \u00a0 \u00a0 \u00a0Inf\u00f3rmate antes de reservar<\/strong><br \/>\nLos ni\u00f1os de 5 a 17 a\u00f1os deben estar acompa\u00f1ados por un adulto que pague.<br \/>\nDebe tener 18 a\u00f1os de edad y presentar una identificaci\u00f3n con foto v\u00e1lida para poder conducir la lancha r\u00e1pida.<br \/>\nPeso m\u00e1ximo 480 libras por m\u00e1quina.<br \/>\nNo es necesaria experiencia previa.<br \/>\nTenga en cuenta que si tiene varios dolores de espalda o cuello, claustrofobia o si est\u00e1 embarazada, debe considerar cuidadosamente si desea participar.<br \/>\nSe cobrar\u00e1 un recargo adicional de 13 USD por la tarifa de muelle a la llegada. Este cargo adicional es por persona.<br \/>\nSujeto a condiciones clim\u00e1ticas favorables. Si se cancela debido al mal tiempo, se le dar\u00e1 la opci\u00f3n de una fecha alternativa o un reembolso completo.<br \/>\nEst\u00e1 prohibido fumar, bebidas alcoh\u00f3licas, envases de vidrio y drogas en el recorrido.<br \/>\nLas personas bajo la influencia de drogas o cualquier sustancia ilegal no est\u00e1n permitidas en el recorrido y no est\u00e1n sujetas a reembolso.<br \/>\nMientras participes en la actividad, no puedes traer c\u00e1maras de ning\u00fan tipo, drones u objetos de valor.<br \/>\nEs importante llegar 30 minutos antes de su reserva.<br \/>\nPor favor traiga su reserva de reserva y su identificaci\u00f3n.<\/p>","protected":false},"excerpt":{"rendered":"<p>Tu aventura de 2 horas comienza con una breve charla de seguridad, en la que tus gu\u00edas biling\u00fces de habla hispana e inglesa te ense\u00f1ar\u00e1n los entresijos de pilotar una lancha r\u00e1pida, lo que no requiere experiencia previa. Las lanchas r\u00e1pidas de 4 m (13 pies) son f\u00e1ciles de conducir, seguras, estables y completamente adecuadas para navegantes primerizos.<\/p>","protected":false},"featured_media":4751,"comment_status":"open","ping_status":"closed","template":"","meta":{"site-sidebar-layout":"default","site-content-layout":"default","ast-site-content-layout":"default","site-content-style":"default","site-sidebar-style":"default","ast-global-header-display":"","ast-banner-title-visibility":"","ast-main-header-display":"","ast-hfb-above-header-display":"","ast-hfb-below-header-display":"","ast-hfb-mobile-header-display":"","site-post-title":"","ast-breadcrumbs-content":"","ast-featured-img":"","footer-sml-layout":"","theme-transparent-header-meta":"default","adv-header-id-meta":"","stick-header-meta":"","header-above-stick-meta":"","header-main-stick-meta":"","header-below-stick-meta":"","astra-migrate-meta-layouts":"default","ast-page-background-enabled":"default","ast-page-background-meta":{"desktop":{"background-color":"","background-image":"","background-repeat":"repeat","background-position":"center center","background-size":"auto","background-attachment":"scroll","background-type":"","background-media":"","overlay-type":"","overlay-color":"","overlay-opacity":"","overlay-gradient":""},"tablet":{"background-color":"","background-image":"","background-repeat":"repeat","background-position":"center center","background-size":"auto","background-attachment":"scroll","background-type":"","background-media":"","overlay-type":"","overlay-color":"","overlay-opacity":"","overlay-gradient":""},"mobile":{"background-color":"","background-image":"","background-repeat":"repeat","background-position":"center center","background-size":"auto","background-attachment":"scroll","background-type":"","background-media":"","overlay-type":"","overlay-color":"","overlay-opacity":"","overlay-gradient":""}},"ast-content-background-meta":{"desktop":{"background-color":"var(--ast-global-color-5)","background-image":"","background-repeat":"repeat","background-position":"center center","background-size":"auto","background-attachment":"scroll","background-type":"","background-media":"","overlay-type":"","overlay-color":"","overlay-opacity":"","overlay-gradient":""},"tablet":{"background-color":"var(--ast-global-color-5)","background-image":"","background-repeat":"repeat","background-position":"center center","background-size":"auto","background-attachment":"scroll","background-type":"","background-media":"","overlay-type":"","overlay-color":"","overlay-opacity":"","overlay-gradient":""},"mobile":{"background-color":"var(--ast-global-color-5)","background-image":"","background-repeat":"repeat","background-position":"center center","background-size":"auto","background-attachment":"scroll","background-type":"","background-media":"","overlay-type":"","overlay-color":"","overlay-opacity":"","overlay-gradient":""}},"_joinchat":[]},"product_brand":[],"product_cat":[38,39,45,33,34,41,24],"product_tag":[],"class_list":{"0":"post-349","1":"product","2":"type-product","3":"status-publish","4":"has-post-thumbnail","6":"product_cat-aqs","7":"product_cat-cun","8":"product_cat-ecoturism-cenotes","9":"product_cat-extreme","10":"product_cat-family","11":"product_cat-pdc","12":"product_cat-tours","13":"desktop-align-left","14":"tablet-align-left","15":"mobile-align-left","17":"first","18":"instock","19":"featured","20":"taxable","21":"shipping-taxable","22":"purchasable","23":"product-type-simple"},"_links":{"self":[{"href":"https:\/\/respaldar.easytravelmexico.com\/es\/wp-json\/wp\/v2\/product\/349","targetHints":{"allow":["GET"]}}],"collection":[{"href":"https:\/\/respaldar.easytravelmexico.com\/es\/wp-json\/wp\/v2\/product"}],"about":[{"href":"https:\/\/respaldar.easytravelmexico.com\/es\/wp-json\/wp\/v2\/types\/product"}],"replies":[{"embeddable":true,"href":"https:\/\/respaldar.easytravelmexico.com\/es\/wp-json\/wp\/v2\/comments?post=349"}],"version-history":[{"count":5,"href":"https:\/\/respaldar.easytravelmexico.com\/es\/wp-json\/wp\/v2\/product\/349\/revisions"}],"predecessor-version":[{"id":3656,"href":"https:\/\/respaldar.easytravelmexico.com\/es\/wp-json\/wp\/v2\/product\/349\/revisions\/3656"}],"wp:featuredmedia":[{"embeddable":true,"href":"https:\/\/respaldar.easytravelmexico.com\/es\/wp-json\/wp\/v2\/media\/4751"}],"wp:attachment":[{"href":"https:\/\/respaldar.easytravelmexico.com\/es\/wp-json\/wp\/v2\/media?parent=349"}],"wp:term":[{"taxonomy":"product_brand","embeddable":true,"href":"https:\/\/respaldar.easytravelmexico.com\/es\/wp-json\/wp\/v2\/product_brand?post=349"},{"taxonomy":"product_cat","embeddable":true,"href":"https:\/\/respaldar.easytravelmexico.com\/es\/wp-json\/wp\/v2\/product_cat?post=349"},{"taxonomy":"product_tag","embeddable":true,"href":"https:\/\/respaldar.easytravelmexico.com\/es\/wp-json\/wp\/v2\/product_tag?post=349"}],"curies":[{"name":"wp","href":"https:\/\/api.w.org\/{rel}","templated":true}]}}