{"id":3502,"date":"2021-12-11T03:42:10","date_gmt":"2021-12-11T03:42:10","guid":{"rendered":"https:\/\/outlet-tours.com\/?post_type=product&#038;p=3502"},"modified":"2022-06-16T02:35:40","modified_gmt":"2022-06-16T02:35:40","slug":"atvs-double-horseback-riding-cenote-combo-tour","status":"publish","type":"product","link":"https:\/\/respaldar.easytravelmexico.com\/es\/producto\/atvs-double-horseback-riding-cenote-combo-tour\/","title":{"rendered":"ATV Doble \u2013 Paseo a Caballo &amp; Cenote Combo tour."},"content":{"rendered":"<p>Paseo a Caballo, ATV Doble y Cenote.<\/p>\n<p>DESCRIPCI\u00d3N:<\/p>\n<p>ATV Individual: Contin\u00fae con 45 minutos de adrenalina en nuestros ATV por senderos dise\u00f1ados para m\u00e1xima diversi\u00f3n y seguridad. Doble conductor significa dos personas conduciendo un ATV. Con esta opci\u00f3n, dos personas conducir\u00e1n un ATV.<br \/>\nCabalgata Contin\u00fae 35 minutos en la selva con gu\u00edas de habla inglesa, aventura inolvidable en nuestra impresionante selva maya a caballo por senderos inmersos en la selva donde tendr\u00e1 la oportunidad de admirar incre\u00edbles paisajes naturales.<br \/>\nImportante para esta actividad: Peso m\u00e1ximo 220 lbs. (100 kg) y m\u00ednimo 55 libras. (20kg)<br \/>\nNo se recomienda para personas con problemas de espalda, mujeres embarazadas o personas con limitaciones f\u00edsicas.<br \/>\nCENOTE: Nadar\u00e1s en nuestro refrescante Cenote y sus cristalinas aguas y disfrutar\u00e1s de 2 Tirolesas acu\u00e1ticas antes de un delicioso snack para recuperar energ\u00edas en nuestra palapa principal.<br \/>\nDEBE TENER 16 A\u00d1OS PARA CONDUCIR LOS ATV. Por lo tanto, esta es la opci\u00f3n para los ni\u00f1os. Los ni\u00f1os tienen de 5 a 11 a\u00f1os. Los ni\u00f1os viajar\u00e1n con un adulto.<br \/>\nNo se recomienda para personas con problemas de espalda, mujeres embarazadas o personas con limitaciones f\u00edsicas.<br \/>\nLo recogeremos en su Hotel (opcional) La mayor\u00eda de los hoteles en Canc\u00fan, Playa del Carmen.<\/p>\n<p>DESTACADOS:<\/p>\n<p>Un aut\u00e9ntico paseo a caballo por la selva. Despu\u00e9s de un circuito todoterreno conduciendo una cuatrimoto entre los \u00e1rboles, tendr\u00e1 la oportunidad de nadar en una formaci\u00f3n de agua \u00fanica en el mundo, conocida como cenote. Nuestros gu\u00edas biling\u00fces, experimentados y amables, le atender\u00e1n para garantizarle un viaje seguro y maravilloso.<\/p>\n<p>INCLUYE:<\/p>\n<p>Gu\u00eda biling\u00fce<br \/>\nTransporte compartido opcional<br \/>\nSnack (fajitas de pollo, arroz y frijoles)<br \/>\nLimonada (ilimitada)<\/p>\n<p>EXCLUSIONES:<\/p>\n<p>Fotograf\u00eda, Lockers, Propinas, Souvenirs, Bebidas Alcoh\u00f3licas, Toallas. Propinas, souvenirs. Todo disponible opcional.<\/p>\n<p>QUE TRAER:<\/p>\n<p>Protector solar biodegradable y repelente de insectos<br \/>\nCambio de ropa<br \/>\nGafas de sol<br \/>\nTraje de ba\u00f1o<br \/>\nToalla<br \/>\nDinero extra para souvenirs y propinas (opcional)<\/p>\n<p>NO PERMITIDO:<\/p>\n<p>Las personas bajo la influencia del alcohol o las drogas no podr\u00e1n participar en este tour.<\/p>\n<p>CONOZCA ANTES DE RESERVAR:<\/p>\n<p>Debes tener 14 a\u00f1os para conducir una cuatrimoto con permiso de un adulto.<br \/>\nEl peso m\u00ednimo es de 100 libras y el m\u00e1ximo de 220 libras.<br \/>\nSi tiene problemas de espalda, cuello, articulaciones, m\u00fasculos o si est\u00e1 embarazada, debe considerar cuidadosamente su participaci\u00f3n.<br \/>\nSi tienes 17 a\u00f1os o menos, debes tener el permiso de tus padres o tutores.<br \/>\nMientras participes en la actividad, no puedes traer c\u00e1maras de ning\u00fan tipo, drones u objetos de valor.<br \/>\nEs importante llegar 30 minutos antes de su reserva.<br \/>\nPor favor traiga su reserva de reserva y su identificaci\u00f3n.<\/p>\n<p class=\"translation-block\">Start time: 9:20 am,  12:15 pm   We will advise the pick-up time<\/p>\n<p>Lo recogeremos a la hora de su Hotel (opcional) o en un punto de encuentro dependiendo de la ubicaci\u00f3n del hotel. Te avisaremos.<\/p>","protected":false},"excerpt":{"rendered":"<p><span style=\"vertical-align: inherit;\"><span style=\"vertical-align: inherit;\">ATV Individual: Contin\u00fae con 45 minutos de adrenalina en nuestros ATV por senderos dise\u00f1ados para m\u00e1xima diversi\u00f3n y seguridad. Doble conductor significa dos personas conduciendo un ATV. Con esta opci\u00f3n, dos personas conducir\u00e1n un ATV.<br \/>\nCabalgata Contin\u00fae 35 minutos en la selva con gu\u00edas de habla inglesa, aventura inolvidable en nuestra impresionante selva maya a caballo por senderos inmersos en la selva donde tendr\u00e1 la oportunidad de admirar incre\u00edbles paisajes naturales.<br \/>\nCENOTE: Nadar\u00e1s en nuestro refrescante Cenote y sus cristalinas aguas y disfrutar\u00e1s de 2 Tirolesas acu\u00e1ticas antes de un delicioso snack para recuperar energ\u00edas en nuestra palapa principal.<\/span><\/span><\/p>\n<p class=\"translation-block\">Start time: 9:20 am,  12:15 pm   We will advise the pick-up time<\/p>\n<p>Lo recogeremos a la hora de su Hotel (opcional) o en un punto de encuentro dependiendo de la ubicaci\u00f3n del hotel. Te avisaremos.<\/p>\n<table style=\"border-collapse: collapse; width: 371px; height: 128px;\" border=\"0\" width=\"160\" cellspacing=\"0\" cellpadding=\"0\">\n<tbody>\n<tr style=\"height: 15.0pt;\">\n<td style=\"height: 15.0pt; width: 60pt;\" width=\"80\" height=\"20\"><img fetchpriority=\"high\" decoding=\"async\" class=\"alignnone size-medium wp-image-4141\" src=\"https:\/\/respaldar.easytravelmexico.com\/wp-content\/uploads\/2021\/12\/1-Imagen1.5-300x170.png\" alt=\"\" width=\"300\" height=\"170\" \/><\/td>\n<td style=\"width: 60pt;\" width=\"80\"><strong>24 USD POR CADA PERSONA<\/strong><\/td>\n<\/tr>\n<\/tbody>\n<\/table>","protected":false},"featured_media":6436,"comment_status":"open","ping_status":"closed","template":"","meta":{"site-sidebar-layout":"default","site-content-layout":"default","ast-site-content-layout":"default","site-content-style":"default","site-sidebar-style":"default","ast-global-header-display":"","ast-banner-title-visibility":"","ast-main-header-display":"","ast-hfb-above-header-display":"","ast-hfb-below-header-display":"","ast-hfb-mobile-header-display":"","site-post-title":"","ast-breadcrumbs-content":"","ast-featured-img":"","footer-sml-layout":"","theme-transparent-header-meta":"default","adv-header-id-meta":"","stick-header-meta":"default","header-above-stick-meta":"","header-main-stick-meta":"","header-below-stick-meta":"","astra-migrate-meta-layouts":"default","ast-page-background-enabled":"default","ast-page-background-meta":{"desktop":{"background-color":"","background-image":"","background-repeat":"repeat","background-position":"center center","background-size":"auto","background-attachment":"scroll","background-type":"","background-media":"","overlay-type":"","overlay-color":"","overlay-opacity":"","overlay-gradient":""},"tablet":{"background-color":"","background-image":"","background-repeat":"repeat","background-position":"center center","background-size":"auto","background-attachment":"scroll","background-type":"","background-media":"","overlay-type":"","overlay-color":"","overlay-opacity":"","overlay-gradient":""},"mobile":{"background-color":"","background-image":"","background-repeat":"repeat","background-position":"center center","background-size":"auto","background-attachment":"scroll","background-type":"","background-media":"","overlay-type":"","overlay-color":"","overlay-opacity":"","overlay-gradient":""}},"ast-content-background-meta":{"desktop":{"background-color":"var(--ast-global-color-5)","background-image":"","background-repeat":"repeat","background-position":"center center","background-size":"auto","background-attachment":"scroll","background-type":"","background-media":"","overlay-type":"","overlay-color":"","overlay-opacity":"","overlay-gradient":""},"tablet":{"background-color":"var(--ast-global-color-5)","background-image":"","background-repeat":"repeat","background-position":"center center","background-size":"auto","background-attachment":"scroll","background-type":"","background-media":"","overlay-type":"","overlay-color":"","overlay-opacity":"","overlay-gradient":""},"mobile":{"background-color":"var(--ast-global-color-5)","background-image":"","background-repeat":"repeat","background-position":"center center","background-size":"auto","background-attachment":"scroll","background-type":"","background-media":"","overlay-type":"","overlay-color":"","overlay-opacity":"","overlay-gradient":""}},"_joinchat":[]},"product_brand":[],"product_cat":[39,45,33,34,41,40,44,24],"product_tag":[],"class_list":{"0":"post-3502","1":"product","2":"type-product","3":"status-publish","4":"has-post-thumbnail","6":"product_cat-cun","7":"product_cat-ecoturism-cenotes","8":"product_cat-extreme","9":"product_cat-family","10":"product_cat-pdc","11":"product_cat-rm","12":"product_cat-theme-parks","13":"product_cat-tours","14":"desktop-align-left","15":"tablet-align-left","16":"mobile-align-left","18":"first","19":"instock","20":"sale","21":"featured","22":"taxable","23":"shipping-taxable","24":"product-type-grouped"},"_links":{"self":[{"href":"https:\/\/respaldar.easytravelmexico.com\/es\/wp-json\/wp\/v2\/product\/3502","targetHints":{"allow":["GET"]}}],"collection":[{"href":"https:\/\/respaldar.easytravelmexico.com\/es\/wp-json\/wp\/v2\/product"}],"about":[{"href":"https:\/\/respaldar.easytravelmexico.com\/es\/wp-json\/wp\/v2\/types\/product"}],"replies":[{"embeddable":true,"href":"https:\/\/respaldar.easytravelmexico.com\/es\/wp-json\/wp\/v2\/comments?post=3502"}],"version-history":[{"count":15,"href":"https:\/\/respaldar.easytravelmexico.com\/es\/wp-json\/wp\/v2\/product\/3502\/revisions"}],"predecessor-version":[{"id":7213,"href":"https:\/\/respaldar.easytravelmexico.com\/es\/wp-json\/wp\/v2\/product\/3502\/revisions\/7213"}],"wp:featuredmedia":[{"embeddable":true,"href":"https:\/\/respaldar.easytravelmexico.com\/es\/wp-json\/wp\/v2\/media\/6436"}],"wp:attachment":[{"href":"https:\/\/respaldar.easytravelmexico.com\/es\/wp-json\/wp\/v2\/media?parent=3502"}],"wp:term":[{"taxonomy":"product_brand","embeddable":true,"href":"https:\/\/respaldar.easytravelmexico.com\/es\/wp-json\/wp\/v2\/product_brand?post=3502"},{"taxonomy":"product_cat","embeddable":true,"href":"https:\/\/respaldar.easytravelmexico.com\/es\/wp-json\/wp\/v2\/product_cat?post=3502"},{"taxonomy":"product_tag","embeddable":true,"href":"https:\/\/respaldar.easytravelmexico.com\/es\/wp-json\/wp\/v2\/product_tag?post=3502"}],"curies":[{"name":"wp","href":"https:\/\/api.w.org\/{rel}","templated":true}]}}