{"id":3600,"date":"2021-12-17T15:56:53","date_gmt":"2021-12-17T15:56:53","guid":{"rendered":"https:\/\/outlet-tours.com\/?post_type=product&#038;p=3600"},"modified":"2025-07-21T01:58:13","modified_gmt":"2025-07-21T01:58:13","slug":"dolphin-swim-encounter-tour","status":"publish","type":"product","link":"https:\/\/respaldar.easytravelmexico.com\/es\/producto\/dolphin-swim-encounter-tour\/","title":{"rendered":"Nado con Delfines Encuentro Tour"},"content":{"rendered":"<p>el programa Dolphin Encounter para personas de todas las edades. Dolphin Discovery-Isla Mujeres se encuentra a solo 20 minutos en ferry en Isla Mujeres, una isla con uno de los paisajes m\u00e1s hermosos del Mar Caribe.<\/p>\n<p>\u00a1Lo incre\u00edble de este programa es que nadar\u00e1s con los animales marinos m\u00e1s adorables en su h\u00e1bitat natural del Caribe! No necesitas ser un nadador profesional para vivir la mejor experiencia con los delfines, estar\u00e1s parado en todo momento en una plataforma submarina donde nuestros queridos delfines te dar\u00e1n un encantador abrazo y un apret\u00f3n de manos.<\/p>\n<p>Los delfines siempre est\u00e1n emocionados de jugar con nuestros visitantes y compartir sus incre\u00edbles habilidades y su amigable compa\u00f1\u00eda. Mientras est\u00e1n de pie en la plataforma submarina, nuestros especialistas en mam\u00edferos marinos le ense\u00f1ar\u00e1n algunos datos interesantes sobre los delfines, su dieta y los programas reproductivos y de crianza que procuramos para nuestra especie, as\u00ed como consejos especiales para proteger nuestro medio ambiente.<\/p>\n<p>Disfruta el resto del d\u00eda en nuestras dos incre\u00edbles piscinas, o rel\u00e1jate tomando un ba\u00f1o de sol. Saboree un delicioso buffet y obtenga refrescantes bebidas de la barra libre nacional en compa\u00f1\u00eda de su familia y amigos. \u00a1No lo dudes! Si quieres divertirte con tus seres queridos, \u00a1Dolphin Discovery-Isla Mujeres es la mejor opci\u00f3n para ti!<\/p>\n<p><strong>\u00a0 \u00a0 \u00a0 \u00a0Incluye<\/strong>:<br \/>\nTransporte de ida y vuelta en ferry:<br \/>\nCanc\u00fan a Isla Mujeres \/ Isla Mujeres a Canc\u00fan<br \/>\nSi te hospedas en Puerto Ju\u00e1rez, por favor comun\u00edcate con nuestro Call Center.<br \/>\nSesi\u00f3n informativa de 15 minutos.<br \/>\n40 min en el agua.<br \/>\nAmenidades: casilleros, regaderas, alberca, camastros.<br \/>\nComida buffet y barra libre nacional.<\/p>\n<p><strong>\u00a0 \u00a0 \u00a0NO INCLUIDO<\/strong><br \/>\nTasa de muelle de 13 USD, a pagar en el check-in.<br \/>\nNi\u00f1os mayores de 6 a\u00f1os pagan tarifa de muelle.<br \/>\nTransporte terrestre de $15.00 USD.<br \/>\nOtras actividades en Canc\u00fan o Isla Mujeres.<br \/>\nFotos de tu experiencia con los delfines.<br \/>\n<strong>\u00a0INFORMACI\u00d3N ADICIONAL<\/strong><br \/>\nNo incluyas en tu reserva a ni\u00f1os menores de 6 a\u00f1os ya que son gratuitos; sin embargo, aseg\u00farese de agregarlos en la secci\u00f3n de comentarios de su reserva.<br \/>\nLos ni\u00f1os de m\u00e1s de 4,6 pies podr\u00e1n participar solos en cualquiera de nuestros programas con delfines pagando la tarifa de adulto.<br \/>\nLos ni\u00f1os de m\u00e1s de 3,9 pies hasta 4,6 pies podr\u00e1n participar solos en el programa Encuentro.<br \/>\nLos ni\u00f1os de m\u00e1s de 1 metro y hasta 3,9 pies podr\u00e1n participar en el programa Encuentro acompa\u00f1ados de un adulto que pague (1 adulto por ni\u00f1o).<br \/>\nLos ni\u00f1os menores de 1 metro ser\u00e1n considerados infantes y realizar\u00e1n actividades de Encuentro independientemente del programa en el que participen (es requisito que les quede el chaleco).<br \/>\nPor razones de seguridad, est\u00e1 prohibido el uso de c\u00e1maras en el agua. Fotos profesionales estar\u00e1n disponibles para la venta.<br \/>\nEn este programa en Isla Mujeres, el n\u00famero m\u00e1ximo de personas por grupo es de 20 para asegurar una mejor experiencia.<br \/>\nEl uso de chalecos salvavidas es obligatorio en todos los programas acu\u00e1ticos.<br \/>\nPaquete de fotos disponible durante su proceso de reserva en su carrito de compras.<br \/>\n<em><strong>IMPORTANTE<\/strong><\/em>: actualmente NO estamos aceptando d\u00f3lares estadounidenses en efectivo en nuestras instalaciones (check-in, restaurante, boutique y fotos), sin embargo, aceptamos pesos mexicanos en efectivo. Si desea utilizar una tarjeta de cr\u00e9dito o d\u00e9bito internacional, los pagos se realizar\u00e1n en moneda mexicana o estadounidense.<br \/>\n<strong>RECOMENDACIONES<\/strong><br \/>\nLleva toallas y dinero en efectivo para taxis, compras, comidas, etc.<br \/>\nPor razones de seguridad, las futuras mam\u00e1s de 5 meses o m\u00e1s no pueden participar en ninguno de nuestros programas acu\u00e1ticos. Sin embargo, las mujeres embarazadas de menos de 5 meses solo pueden participar en el programa Encuentro si est\u00e1n acompa\u00f1adas por otro adulto y despu\u00e9s de firmar una exenci\u00f3n.<br \/>\nSi tiene alg\u00fan problema f\u00edsico o de salud, comun\u00edquese con nuestro centro de llamadas antes de reservar su reserva para que podamos brindarle informaci\u00f3n completa sobre nuestros servicios.<br \/>\nEs importante llegar 30 minutos antes de su programa, recuerde que recibir\u00e1 una breve sesi\u00f3n informativa antes de nadar.<br \/>\nRecuerda usar protector solar biodegradable para proteger tu piel, el medio ambiente y las especies marinas.<\/p>","protected":false},"excerpt":{"rendered":"<p class=\"translation-block\">ENCUENTRO CON DELFINES PROGRAMA PARA PERSONAS DE TODAS LAS EDADES. DOLPHIN DISCOVERY-ISLA MUJERES SE ENCUENTRA A SOLO 20 MINUTOS EN FERRY EN ISLA MUJERES, UNA ISLA CON UNO DE LOS PAISAJES M\u00c1S HERMOSOS DEL MAR CARIBE.<\/p>\n<p>\u00a1Lo incre\u00edble de este programa es que nadar\u00e1s con los animales marinos m\u00e1s adorables en su h\u00e1bitat natural del Caribe! No necesitas ser un nadador profesional para vivir la mejor experiencia con los delfines, estar\u00e1s parado en todo momento en una plataforma submarina donde nuestros queridos delfines te dar\u00e1n un encantador abrazo y un apret\u00f3n de manos.<\/p>\n<p class=\"translation-block\">ES MUY IMPORTANTE: VERIFICAR LAS DESCRIPCIONES. TODAS LAS ACTIVIDADES CON DELFINES TIENEN MUCHAS RESTRICCIONES O DETALLES QUE DEBES TENER EN CUENTA. QUEREMOS QUE DISFRUTE Y TENGA UNAS VACACIONES MEMORABLES.<\/p>","protected":false},"featured_media":4750,"comment_status":"open","ping_status":"closed","template":"","meta":{"site-sidebar-layout":"default","site-content-layout":"default","ast-site-content-layout":"default","site-content-style":"default","site-sidebar-style":"default","ast-global-header-display":"","ast-banner-title-visibility":"","ast-main-header-display":"","ast-hfb-above-header-display":"","ast-hfb-below-header-display":"","ast-hfb-mobile-header-display":"","site-post-title":"","ast-breadcrumbs-content":"","ast-featured-img":"","footer-sml-layout":"","theme-transparent-header-meta":"default","adv-header-id-meta":"","stick-header-meta":"","header-above-stick-meta":"","header-main-stick-meta":"","header-below-stick-meta":"","astra-migrate-meta-layouts":"default","ast-page-background-enabled":"default","ast-page-background-meta":{"desktop":{"background-color":"","background-image":"","background-repeat":"repeat","background-position":"center center","background-size":"auto","background-attachment":"scroll","background-type":"","background-media":"","overlay-type":"","overlay-color":"","overlay-opacity":"","overlay-gradient":""},"tablet":{"background-color":"","background-image":"","background-repeat":"repeat","background-position":"center center","background-size":"auto","background-attachment":"scroll","background-type":"","background-media":"","overlay-type":"","overlay-color":"","overlay-opacity":"","overlay-gradient":""},"mobile":{"background-color":"","background-image":"","background-repeat":"repeat","background-position":"center center","background-size":"auto","background-attachment":"scroll","background-type":"","background-media":"","overlay-type":"","overlay-color":"","overlay-opacity":"","overlay-gradient":""}},"ast-content-background-meta":{"desktop":{"background-color":"var(--ast-global-color-5)","background-image":"","background-repeat":"repeat","background-position":"center center","background-size":"auto","background-attachment":"scroll","background-type":"","background-media":"","overlay-type":"","overlay-color":"","overlay-opacity":"","overlay-gradient":""},"tablet":{"background-color":"var(--ast-global-color-5)","background-image":"","background-repeat":"repeat","background-position":"center center","background-size":"auto","background-attachment":"scroll","background-type":"","background-media":"","overlay-type":"","overlay-color":"","overlay-opacity":"","overlay-gradient":""},"mobile":{"background-color":"var(--ast-global-color-5)","background-image":"","background-repeat":"repeat","background-position":"center center","background-size":"auto","background-attachment":"scroll","background-type":"","background-media":"","overlay-type":"","overlay-color":"","overlay-opacity":"","overlay-gradient":""}},"_joinchat":[]},"product_brand":[],"product_cat":[38,39,34,41,40,24],"product_tag":[],"class_list":{"0":"post-3600","1":"product","2":"type-product","3":"status-publish","4":"has-post-thumbnail","6":"product_cat-aqs","7":"product_cat-cun","8":"product_cat-family","9":"product_cat-pdc","10":"product_cat-rm","11":"product_cat-tours","12":"desktop-align-left","13":"tablet-align-left","14":"mobile-align-left","16":"first","17":"instock","18":"sale","19":"featured","20":"taxable","21":"shipping-taxable","22":"product-type-grouped"},"_links":{"self":[{"href":"https:\/\/respaldar.easytravelmexico.com\/es\/wp-json\/wp\/v2\/product\/3600","targetHints":{"allow":["GET"]}}],"collection":[{"href":"https:\/\/respaldar.easytravelmexico.com\/es\/wp-json\/wp\/v2\/product"}],"about":[{"href":"https:\/\/respaldar.easytravelmexico.com\/es\/wp-json\/wp\/v2\/types\/product"}],"replies":[{"embeddable":true,"href":"https:\/\/respaldar.easytravelmexico.com\/es\/wp-json\/wp\/v2\/comments?post=3600"}],"version-history":[{"count":5,"href":"https:\/\/respaldar.easytravelmexico.com\/es\/wp-json\/wp\/v2\/product\/3600\/revisions"}],"predecessor-version":[{"id":4876,"href":"https:\/\/respaldar.easytravelmexico.com\/es\/wp-json\/wp\/v2\/product\/3600\/revisions\/4876"}],"wp:featuredmedia":[{"embeddable":true,"href":"https:\/\/respaldar.easytravelmexico.com\/es\/wp-json\/wp\/v2\/media\/4750"}],"wp:attachment":[{"href":"https:\/\/respaldar.easytravelmexico.com\/es\/wp-json\/wp\/v2\/media?parent=3600"}],"wp:term":[{"taxonomy":"product_brand","embeddable":true,"href":"https:\/\/respaldar.easytravelmexico.com\/es\/wp-json\/wp\/v2\/product_brand?post=3600"},{"taxonomy":"product_cat","embeddable":true,"href":"https:\/\/respaldar.easytravelmexico.com\/es\/wp-json\/wp\/v2\/product_cat?post=3600"},{"taxonomy":"product_tag","embeddable":true,"href":"https:\/\/respaldar.easytravelmexico.com\/es\/wp-json\/wp\/v2\/product_tag?post=3600"}],"curies":[{"name":"wp","href":"https:\/\/api.w.org\/{rel}","templated":true}]}}