{"id":3610,"date":"2021-12-17T18:11:06","date_gmt":"2021-12-17T18:11:06","guid":{"rendered":"https:\/\/outlet-tours.com\/?post_type=product&#038;p=3610"},"modified":"2022-06-16T01:52:02","modified_gmt":"2022-06-16T01:52:02","slug":"dolphin-swim-adventure-tour","status":"publish","type":"product","link":"https:\/\/respaldar.easytravelmexico.com\/es\/producto\/dolphin-swim-adventure-tour\/","title":{"rendered":"Nado con Delfines Swim Adventure Tour"},"content":{"rendered":"<p>Cuando vengas a visitar Canc\u00fan, no te pierdas la fant\u00e1stica oportunidad de experimentar algo que muy probablemente atesorar\u00e1s y recordar\u00e1s por el resto de tu vida. Ven y visita Dolphin Discovery-Isla Mujeres y experimenta nuestro emocionante programa Swim Adventure para darte cuenta de lo maravilloso que puede ser nadar con delfines, \u00a1quiz\u00e1s una experiencia que te cambie la vida!<\/p>\n<p>Ubicado en la isla, Dolphin Discovery-Isla Mujeres es donde comienza tu mejor experiencia con delfines y nos aseguraremos de que tengas un d\u00eda inolvidable en estas instalaciones. Tendr\u00e1s la oportunidad \u00fanica de nadar con nuestros alegres y amorosos delfines. Con ellos, podr\u00e1s realizar actividades muy lindas y emocionantes como un abrazo, un apret\u00f3n de manos muy divertido y, para colmo, \u00a1un emocionante empuj\u00f3n de boogie! Esta es la oportunidad perfecta para ponerse en contacto con una de las criaturas m\u00e1s amigables e inteligentes del mundo en su h\u00e1bitat natural del Caribe.<\/p>\n<p>Tambi\u00e9n puede disfrutar del maravilloso clima c\u00e1lido de Isla Mujeres y nadar en nuestra relajante piscina o simplemente relajarse en nuestros c\u00f3modos camastros. Recuerda que tambi\u00e9n puedes alegrar tu est\u00f3mago probando nuestro delicioso men\u00fa buffet y nuestras exquisitas y refrescantes bebidas disponibles en nuestra barra libre nacional.<\/p>\n<p class=\"translation-block\">ES MUY IMPORTANTE: VERIFICAR LAS DESCRIPCIONES. TODAS LAS ACTIVIDADES CON DELFINES TIENEN MUCHAS RESTRICCIONES O DETALLES QUE DEBES TENER EN CUENTA. QUEREMOS QUE DISFRUTE Y TENGA UNAS VACACIONES MEMORABLES.<\/p>\n<p><strong> INCLUYE<\/strong><br \/>\n*15 min de interacci\u00f3n con el manat\u00ed.<br \/>\nSolo para horario de nado con delfines a las 12:00 PM. compruebe en la recepci\u00f3n cuando llegue<br \/>\nTransporte de ida y vuelta en ferry:<br \/>\nCanc\u00fan a Isla Mujeres \/ Isla Mujeres a Canc\u00fan<br \/>\nSi te hospedas en Puerto Ju\u00e1rez, por favor comun\u00edcate con nuestro Call Center.<br \/>\n15 minutos. de informaci\u00f3n<br \/>\n50 minutos en el agua.<br \/>\nAmenidades: casilleros, regaderas, alberca, camastros.<br \/>\nAlmuerzo buffet y barra libre nacional.<\/p>\n<p><strong>\u00a0 \u00a0 \u00a0 \u00a0NO INCLUIDO<\/strong><br \/>\nTasa de muelle de 13 USD, a pagar en el check-in.<br \/>\nNi\u00f1os mayores de 6 a\u00f1os pagan tarifa de muelle.<br \/>\nTransporte terrestre de $15.00 USD.<br \/>\nFotos de tu experiencia con los delfines.<br \/>\nOtras actividades en Canc\u00fan o Isla Mujeres.<br \/>\n<strong>\u00a0 \u00a0 \u00a0 INFORMACI\u00d3N ADICIONAL<\/strong><br \/>\nNo incluyas en tu reserva a ni\u00f1os menores de 6 a\u00f1os ya que son gratuitos; sin embargo, aseg\u00farese de agregarlos en la secci\u00f3n de comentarios de su reserva.<br \/>\nTodos los participantes deben tener al menos 3.9 a\u00f1os para realizar las actividades de snorkel.<br \/>\nLos ni\u00f1os de m\u00e1s de 4,6 pies podr\u00e1n participar solos en cualquiera de nuestros programas con delfines pagando la tarifa de adulto.<br \/>\nPara participar en los programas Swim Adventure o Royal Swim, los ni\u00f1os de m\u00e1s de 3,9 pies hasta 4,6 pies deben estar acompa\u00f1ados por un adulto que pague (1 adulto por ni\u00f1o).<br \/>\nPara participar en los programas Swim Adventure o Royal Swim, los ni\u00f1os de m\u00e1s de 3,3 pies y hasta 3,9 pies deben estar acompa\u00f1ados por dos adultos que pagan (2 adultos por ni\u00f1o).<br \/>\nLos ni\u00f1os menores de 1 metro ser\u00e1n considerados infantes y realizar\u00e1n actividades de Encuentro independientemente del programa en el que participen (es requisito que les quede el chaleco).<br \/>\nPor razones de seguridad, est\u00e1 prohibido el uso de c\u00e1maras en el agua. Fotos profesionales estar\u00e1n disponibles para la venta.<br \/>\nEn este programa en Isla Mujeres, el n\u00famero m\u00e1ximo de personas por grupo es de 12 para garantizar una mejor experiencia.<br \/>\nEl uso de chalecos salvavidas es obligatorio en todos los programas acu\u00e1ticos.<br \/>\nPaquete de fotos disponible durante su proceso de reserva en su carrito de compras.<br \/>\nIMPORTANTE: actualmente NO estamos aceptando d\u00f3lares estadounidenses en efectivo en nuestras instalaciones (check-in, restaurante, boutique y fotos), sin embargo, aceptamos pesos mexicanos en efectivo. Si desea utilizar una tarjeta de cr\u00e9dito o d\u00e9bito internacional, los pagos se realizar\u00e1n en moneda mexicana o estadounidense.<\/p>\n<p><strong>\u00a0 \u00a0 \u00a0 RECOMENDACIONES<\/strong><br \/>\nLleva toallas y dinero en efectivo para taxis, compras, comidas, etc.<br \/>\nPor razones de seguridad, las futuras mam\u00e1s de 5 meses o m\u00e1s no pueden participar en ninguno de nuestros programas acu\u00e1ticos. Sin embargo, las mujeres embarazadas de menos de 5 meses solo pueden participar en el programa Encuentro si est\u00e1n acompa\u00f1adas por otro adulto y despu\u00e9s de firmar una exenci\u00f3n.<br \/>\nSi tiene alg\u00fan problema f\u00edsico o de salud, comun\u00edquese con nuestro centro de llamadas antes de reservar su reserva para que podamos brindarle informaci\u00f3n completa sobre nuestros servicios.<br \/>\nEs importante llegar 30 minutos antes de su programa, recuerde que recibir\u00e1 una breve sesi\u00f3n informativa antes de nadar.<br \/>\nRecuerda usar protector solar biodegradable para proteger tu piel, el medio ambiente y las especies marinas.<\/p>","protected":false},"excerpt":{"rendered":"<p class=\"translation-block\">NO SE PIERDA LA FANT\u00c1STICA OPORTUNIDAD DE EXPERIMENTAR ALGO QUE PROBABLEMENTE APRECIAR\u00c1 Y RECORDAR\u00c1 POR EL RESTO DE SU VIDA. VEN Y VISITA DOLPHIN DISCOVERY-ISLA MUJERES Y EXPERIMENTA NUESTRO EMOCIONANTE PROGRAMA SWIM ADVENTURE PARA DARTE CUENTA DE LO MARAVILLOSO QUE PUEDE SER NADAR CON DELFINES, \u00a1QUIZ\u00c1S UNA EXPERIENCIA QUE TE CAMBIE LA VIDA!  TOME LA EXCURSI\u00d3N DE UN D\u00cdA A ISLA MUJERES, VISITE EL CENTRO DE LA ISLA, LAS COMPRAS Y LA HERMOSA PLAYA NORTE.<\/p>\n<p class=\"translation-block\">ES MUY IMPORTANTE: VERIFICAR LAS DESCRIPCIONES. TODAS LAS ACTIVIDADES CON DELFINES TIENEN MUCHAS RESTRICCIONES O DETALLES QUE DEBES TENER EN CUENTA. QUEREMOS QUE DISFRUTE Y TENGA UNAS VACACIONES MEMORABLES.<\/p>","protected":false},"featured_media":5447,"comment_status":"open","ping_status":"closed","template":"","meta":{"site-sidebar-layout":"default","site-content-layout":"default","ast-site-content-layout":"default","site-content-style":"default","site-sidebar-style":"default","ast-global-header-display":"","ast-banner-title-visibility":"","ast-main-header-display":"","ast-hfb-above-header-display":"","ast-hfb-below-header-display":"","ast-hfb-mobile-header-display":"","site-post-title":"","ast-breadcrumbs-content":"","ast-featured-img":"","footer-sml-layout":"","theme-transparent-header-meta":"default","adv-header-id-meta":"","stick-header-meta":"","header-above-stick-meta":"","header-main-stick-meta":"","header-below-stick-meta":"","astra-migrate-meta-layouts":"default","ast-page-background-enabled":"default","ast-page-background-meta":{"desktop":{"background-color":"","background-image":"","background-repeat":"repeat","background-position":"center center","background-size":"auto","background-attachment":"scroll","background-type":"","background-media":"","overlay-type":"","overlay-color":"","overlay-opacity":"","overlay-gradient":""},"tablet":{"background-color":"","background-image":"","background-repeat":"repeat","background-position":"center center","background-size":"auto","background-attachment":"scroll","background-type":"","background-media":"","overlay-type":"","overlay-color":"","overlay-opacity":"","overlay-gradient":""},"mobile":{"background-color":"","background-image":"","background-repeat":"repeat","background-position":"center center","background-size":"auto","background-attachment":"scroll","background-type":"","background-media":"","overlay-type":"","overlay-color":"","overlay-opacity":"","overlay-gradient":""}},"ast-content-background-meta":{"desktop":{"background-color":"var(--ast-global-color-5)","background-image":"","background-repeat":"repeat","background-position":"center center","background-size":"auto","background-attachment":"scroll","background-type":"","background-media":"","overlay-type":"","overlay-color":"","overlay-opacity":"","overlay-gradient":""},"tablet":{"background-color":"var(--ast-global-color-5)","background-image":"","background-repeat":"repeat","background-position":"center center","background-size":"auto","background-attachment":"scroll","background-type":"","background-media":"","overlay-type":"","overlay-color":"","overlay-opacity":"","overlay-gradient":""},"mobile":{"background-color":"var(--ast-global-color-5)","background-image":"","background-repeat":"repeat","background-position":"center center","background-size":"auto","background-attachment":"scroll","background-type":"","background-media":"","overlay-type":"","overlay-color":"","overlay-opacity":"","overlay-gradient":""}},"_joinchat":[]},"product_brand":[],"product_cat":[38,39,34,41,40,24],"product_tag":[],"class_list":{"0":"post-3610","1":"product","2":"type-product","3":"status-publish","4":"has-post-thumbnail","6":"product_cat-aqs","7":"product_cat-cun","8":"product_cat-family","9":"product_cat-pdc","10":"product_cat-rm","11":"product_cat-tours","12":"desktop-align-left","13":"tablet-align-left","14":"mobile-align-left","16":"first","17":"instock","18":"featured","19":"taxable","20":"shipping-taxable","21":"product-type-grouped"},"_links":{"self":[{"href":"https:\/\/respaldar.easytravelmexico.com\/es\/wp-json\/wp\/v2\/product\/3610","targetHints":{"allow":["GET"]}}],"collection":[{"href":"https:\/\/respaldar.easytravelmexico.com\/es\/wp-json\/wp\/v2\/product"}],"about":[{"href":"https:\/\/respaldar.easytravelmexico.com\/es\/wp-json\/wp\/v2\/types\/product"}],"replies":[{"embeddable":true,"href":"https:\/\/respaldar.easytravelmexico.com\/es\/wp-json\/wp\/v2\/comments?post=3610"}],"version-history":[{"count":6,"href":"https:\/\/respaldar.easytravelmexico.com\/es\/wp-json\/wp\/v2\/product\/3610\/revisions"}],"predecessor-version":[{"id":7733,"href":"https:\/\/respaldar.easytravelmexico.com\/es\/wp-json\/wp\/v2\/product\/3610\/revisions\/7733"}],"wp:featuredmedia":[{"embeddable":true,"href":"https:\/\/respaldar.easytravelmexico.com\/es\/wp-json\/wp\/v2\/media\/5447"}],"wp:attachment":[{"href":"https:\/\/respaldar.easytravelmexico.com\/es\/wp-json\/wp\/v2\/media?parent=3610"}],"wp:term":[{"taxonomy":"product_brand","embeddable":true,"href":"https:\/\/respaldar.easytravelmexico.com\/es\/wp-json\/wp\/v2\/product_brand?post=3610"},{"taxonomy":"product_cat","embeddable":true,"href":"https:\/\/respaldar.easytravelmexico.com\/es\/wp-json\/wp\/v2\/product_cat?post=3610"},{"taxonomy":"product_tag","embeddable":true,"href":"https:\/\/respaldar.easytravelmexico.com\/es\/wp-json\/wp\/v2\/product_tag?post=3610"}],"curies":[{"name":"wp","href":"https:\/\/api.w.org\/{rel}","templated":true}]}}