{"id":3767,"date":"2021-12-19T18:52:42","date_gmt":"2021-12-19T18:52:42","guid":{"rendered":"https:\/\/outlet-tours.com\/?post_type=product&#038;p=3767"},"modified":"2022-06-20T18:30:26","modified_gmt":"2022-06-20T18:30:26","slug":"32-xplor-admission","status":"publish","type":"product","link":"https:\/\/respaldar.easytravelmexico.com\/es\/producto\/32-xplor-admission\/","title":{"rendered":"Entrada Xplor Day (sin transporte)"},"content":{"rendered":"<p>Un parque de aventuras todo incluido en Playa del Carmen<br \/>\nXplor es el parque donde encontrar\u00e1s la emoci\u00f3n y la adrenalina de volar por los cielos, descubrir lo que hay debajo de la superficie e interactuar con la naturaleza de la selva.<\/p>\n<p>Desaf\u00eda las alturas con las catorce tirolesas de la Riviera Maya y Canc\u00fan, incluida la m\u00e1s alta de todo el destino. En la superficie, conducir\u00e1s un veh\u00edculo anfibio en la jungla, sobre puentes y cavernas. Debajo del planeta, navegar\u00e1s en balsa y nadar\u00e1s a trav\u00e9s de r\u00edos de estalactitas, adem\u00e1s de realizar una expedici\u00f3n subterr\u00e1nea para revelar los secretos ocultos debajo.<\/p>\n<p>Descubre todas las atracciones en Canc\u00fan y Playa del Carmen que el Parque Xplor tiene para ti.<\/p>\n<p>Horario: Lunes a S\u00e1bado de 9:00 am a 5:00 pm<\/p>\n<p>Edad m\u00ednima: 5 a\u00f1os.<\/p>\n<p>Ni\u00f1os: De 5 a 11 a\u00f1os bonifica la mitad del precio de la entrada de adulto.<\/p>\n<p>Imprescindible presentar DNI en taquilla del Parque.<\/p>\n<p><strong>Incluye<\/strong><br \/>\nDos circuitos con siete tirolesas cada uno (4 km de distancia total), que incluyen la m\u00e1s alta de Riviera Maya.<br \/>\nVeh\u00edculo anfibio para conducir por la selva y cuevas inundadas.<br \/>\nNueva actividad: Expedici\u00f3n Subterr\u00e1nea. 800 yardas de una divertida aventura cavernosa.<br \/>\nRemar con remos de mano especiales a lo largo de un r\u00edo subterr\u00e1neo.<br \/>\nR\u00edo de estalactitas Nade dentro de cuevas antiguas.<br \/>\nSalpicadura de hamaca.<br \/>\nCaminata de espeleolog\u00eda.<br \/>\nSnacks y bebidas no alcoh\u00f3licas ilimitadas (galletas de avena, frutas, batidos y aguas frescas de sabores).<br \/>\nAlmuerzo buffet.<br \/>\nTaquilla para dos.<br \/>\n\u00c1reas de descanso, vestidores y sanitarios.<br \/>\nOtros servicios (WiFi, cajero autom\u00e1tico y comercios).<br \/>\nEstacionamiento gratis.<\/p>\n<p><strong>Recomendaciones<\/strong><br \/>\nRecuerda traer tu comprobante de compra impreso.<br \/>\nUse traje de ba\u00f1o, zapatos para el agua y use repelente de insectos. Llevar una muda extra de ropa y una toalla.<br \/>\nSolo se permite en el parque el uso de bloqueadores y protectores solares que contengan \u00f3xido de titanio y \u00f3xido de zinc.<br \/>\nLleva efectivo o tarjeta de cr\u00e9dito para comprar souvenirs o las fotograf\u00edas de tu visita.<\/p>\n<p><strong>\u00a0 \u00a0 \u00a0 \u00a0Informaci\u00f3n importante<br \/>\n<\/strong>Ni\u00f1os mayores de 4.5 pies pero menores de 12 a\u00f1os, deber\u00e1n presentar una identificaci\u00f3n para verificar su edad en las taquillas del parque.<br \/>\nAlgunas actividades no son adecuadas para mujeres embarazadas.<br \/>\nCiertas actividades del parque no son recomendables si sufres de problemas card\u00edacos, miedo a las alturas, dolor de espalda; o si se est\u00e1 recuperando de una cirug\u00eda reciente o si se marea f\u00e1cilmente.<br \/>\nPara las Tirolesas la altura m\u00ednima requerida es de 3.6 ft. El peso m\u00ednimo requerido es de 88 lbs y un m\u00e1ximo de 300 lbs. La capacidad de circunferencia del cintur\u00f3n del arn\u00e9s es de 47 pulgadas (120 cm) y 25 pulgadas (65 cm) para las piernas. En el caso de los ni\u00f1os, el arn\u00e9s debe ajustarse correctamente y tener una altura m\u00ednima de 3,6 pies (1,10 m). De lo contrario, por su propia seguridad, no podr\u00e1n realizar la actividad.<br \/>\nLa transportaci\u00f3n desde Canc\u00fan, Playa del Carmen y Riviera Maya est\u00e1 incluida si la agregas al momento de la compra.<br \/>\nLas reservas canceladas con m\u00e1s de dos d\u00edas de anticipaci\u00f3n a la fecha de la visita est\u00e1n sujetas a una tarifa administrativa 10%. Las reservas canceladas en 2 d\u00edas o menos antes de la fecha de la visita, o en caso de no presentarse, no son reembolsables.<br \/>\nNo es posible realizar cambios de fecha el mismo d\u00eda de su visita.<\/p>\n<p><strong>No incluido:<\/strong><br \/>\nTransporte<br \/>\nFotos,<br \/>\nProductos en tienda de regalos y souvenirs.<br \/>\nOtras actividades opcionales<\/p>\n<p><strong>\u00a0 \u00a0 \u00a0 \u00a0Que traer:<\/strong><br \/>\nLlevar traje de ba\u00f1o, zapatos para el agua y ropa c\u00f3moda. Llevar una muda extra de ropa y una toalla.<br \/>\nSolo se permite en el parque el uso de bloqueador solar y bloqueador solar que contenga \u00f3xido de titanio y \u00f3xido de zinc.<br \/>\nRecuerde traer efectivo o tarjeta de cr\u00e9dito para comprar souvenirs, obtenga las fotos de<br \/>\ntu visita, o disfrutar de una Actividad Opcional.<\/p>\n<p><strong>\u00a0 \u00a0 \u00a0 Notas importantes:<\/strong><br \/>\nNo accesible para sillas de ruedas<br \/>\nNo recomendado para viajeros con problemas de espalda.<br \/>\nNo recomendado para mujeres embarazadas.<br \/>\nSin problemas card\u00edacos u otras condiciones m\u00e9dicas graves.<\/p>\n<p><strong> \u00a0 Antes de reservar<\/strong><br \/>\nLos ni\u00f1os de m\u00e1s de 4,5 pies pero menores de 12 a\u00f1os tambi\u00e9n deben mostrar una identificaci\u00f3n para verificar su edad.<br \/>\nActividad de d\u00eda completo el parque abre a las 9.00 horas y cierra a las 17.00 horas.<br \/>\nDisponible<br \/>\nSolo de lunes a s\u00e1bado<\/p>\n<p>&nbsp;<\/p>","protected":false},"excerpt":{"rendered":"<p>Un parque de aventuras todo incluido en Playa del Carmen<br \/>\nXplor es el parque donde encontrar\u00e1s excelentes tirolesas en Canc\u00fan, incluida la m\u00e1s alta de todo el destino. En la superficie, conducir\u00e1s un veh\u00edculo anfibio en la jungla, sobre puentes y cavernas. Debajo del planeta, navegar\u00e1s en balsa y nadar\u00e1s a trav\u00e9s de r\u00edos de estalactitas, adem\u00e1s de realizar una expedici\u00f3n subterr\u00e1nea para revelar los secretos ocultos debajo. <strong style=\"font-size: 16px;\">Ni\u00f1os: Menores de 4 a\u00f1os tienen entrada gratuita. Del 5 al 11 consigue la mitad del precio de la entrada de adulto.<\/strong><\/p>\n<p class=\"translation-block\">BONOS ESPECIALES CUANDO RESERVAS CUALQUIERA XPLORAR OPCI\u00d3N. UNA VEZ QUE COMPRE OBTENGA ACCESO A HASTA 50% DESCUENTO EN LA MAYOR\u00cdA DE NUESTROS PRODUCTOS.<\/p>","protected":false},"featured_media":5042,"comment_status":"open","ping_status":"closed","template":"","meta":{"site-sidebar-layout":"default","site-content-layout":"default","ast-site-content-layout":"default","site-content-style":"default","site-sidebar-style":"default","ast-global-header-display":"","ast-banner-title-visibility":"","ast-main-header-display":"","ast-hfb-above-header-display":"","ast-hfb-below-header-display":"","ast-hfb-mobile-header-display":"","site-post-title":"","ast-breadcrumbs-content":"","ast-featured-img":"","footer-sml-layout":"","theme-transparent-header-meta":"default","adv-header-id-meta":"","stick-header-meta":"default","header-above-stick-meta":"","header-main-stick-meta":"","header-below-stick-meta":"","astra-migrate-meta-layouts":"default","ast-page-background-enabled":"default","ast-page-background-meta":{"desktop":{"background-color":"","background-image":"","background-repeat":"repeat","background-position":"center center","background-size":"auto","background-attachment":"scroll","background-type":"","background-media":"","overlay-type":"","overlay-color":"","overlay-opacity":"","overlay-gradient":""},"tablet":{"background-color":"","background-image":"","background-repeat":"repeat","background-position":"center center","background-size":"auto","background-attachment":"scroll","background-type":"","background-media":"","overlay-type":"","overlay-color":"","overlay-opacity":"","overlay-gradient":""},"mobile":{"background-color":"","background-image":"","background-repeat":"repeat","background-position":"center center","background-size":"auto","background-attachment":"scroll","background-type":"","background-media":"","overlay-type":"","overlay-color":"","overlay-opacity":"","overlay-gradient":""}},"ast-content-background-meta":{"desktop":{"background-color":"var(--ast-global-color-5)","background-image":"","background-repeat":"repeat","background-position":"center center","background-size":"auto","background-attachment":"scroll","background-type":"","background-media":"","overlay-type":"","overlay-color":"","overlay-opacity":"","overlay-gradient":""},"tablet":{"background-color":"var(--ast-global-color-5)","background-image":"","background-repeat":"repeat","background-position":"center center","background-size":"auto","background-attachment":"scroll","background-type":"","background-media":"","overlay-type":"","overlay-color":"","overlay-opacity":"","overlay-gradient":""},"mobile":{"background-color":"var(--ast-global-color-5)","background-image":"","background-repeat":"repeat","background-position":"center center","background-size":"auto","background-attachment":"scroll","background-type":"","background-media":"","overlay-type":"","overlay-color":"","overlay-opacity":"","overlay-gradient":""}},"_joinchat":[]},"product_brand":[],"product_cat":[38,39,33,34,41,40,44,37],"product_tag":[],"class_list":{"0":"post-3767","1":"product","2":"type-product","3":"status-publish","4":"has-post-thumbnail","6":"product_cat-aqs","7":"product_cat-cun","8":"product_cat-extreme","9":"product_cat-family","10":"product_cat-pdc","11":"product_cat-rm","12":"product_cat-theme-parks","13":"product_cat-xcaret-parks","14":"desktop-align-left","15":"tablet-align-left","16":"mobile-align-left","18":"first","19":"instock","20":"featured","21":"taxable","22":"shipping-taxable","23":"product-type-grouped"},"_links":{"self":[{"href":"https:\/\/respaldar.easytravelmexico.com\/es\/wp-json\/wp\/v2\/product\/3767","targetHints":{"allow":["GET"]}}],"collection":[{"href":"https:\/\/respaldar.easytravelmexico.com\/es\/wp-json\/wp\/v2\/product"}],"about":[{"href":"https:\/\/respaldar.easytravelmexico.com\/es\/wp-json\/wp\/v2\/types\/product"}],"replies":[{"embeddable":true,"href":"https:\/\/respaldar.easytravelmexico.com\/es\/wp-json\/wp\/v2\/comments?post=3767"}],"version-history":[{"count":13,"href":"https:\/\/respaldar.easytravelmexico.com\/es\/wp-json\/wp\/v2\/product\/3767\/revisions"}],"predecessor-version":[{"id":7863,"href":"https:\/\/respaldar.easytravelmexico.com\/es\/wp-json\/wp\/v2\/product\/3767\/revisions\/7863"}],"wp:featuredmedia":[{"embeddable":true,"href":"https:\/\/respaldar.easytravelmexico.com\/es\/wp-json\/wp\/v2\/media\/5042"}],"wp:attachment":[{"href":"https:\/\/respaldar.easytravelmexico.com\/es\/wp-json\/wp\/v2\/media?parent=3767"}],"wp:term":[{"taxonomy":"product_brand","embeddable":true,"href":"https:\/\/respaldar.easytravelmexico.com\/es\/wp-json\/wp\/v2\/product_brand?post=3767"},{"taxonomy":"product_cat","embeddable":true,"href":"https:\/\/respaldar.easytravelmexico.com\/es\/wp-json\/wp\/v2\/product_cat?post=3767"},{"taxonomy":"product_tag","embeddable":true,"href":"https:\/\/respaldar.easytravelmexico.com\/es\/wp-json\/wp\/v2\/product_tag?post=3767"}],"curies":[{"name":"wp","href":"https:\/\/api.w.org\/{rel}","templated":true}]}}