{"id":3778,"date":"2021-12-19T19:31:57","date_gmt":"2021-12-19T19:31:57","guid":{"rendered":"https:\/\/outlet-tours.com\/?post_type=product&#038;p=3778"},"modified":"2022-06-20T18:43:07","modified_gmt":"2022-06-20T18:43:07","slug":"xplor-fuego-admission","status":"publish","type":"product","link":"https:\/\/respaldar.easytravelmexico.com\/es\/producto\/xplor-fuego-admission\/","title":{"rendered":"Admisi\u00f3n Xplor Fuego (sin transporte)"},"content":{"rendered":"<p>Excursi\u00f3n a Playa del carmen: Admisi\u00f3n a Xplor Fuego<\/p>\n<p>El \u00fanico ilimitado <strong>Aventura Nocturna\u00a0<\/strong><br \/>\nAtr\u00e9vete a vivir la aventura de la noche en Xplor Fuego, el parque con actividades en Playa del Carmen que encender\u00e1 tu adrenalina. S\u00fabete a un veh\u00edculo anfibio y recorre la selva maya, vuela por el cielo estrellado en las tirolesas de Canc\u00fan, explora el mundo subterr\u00e1neo de la Riviera Maya a trav\u00e9s de r\u00edos de estalactitas mientras nadas o haces rafting y chapoteas en las aguas de un cenote en una hamaca.<\/p>\n<p>Finalmente, en Xplor Fuego, las actividades de aventura se acompa\u00f1an de un buffet ilimitado en el restaurante El Troglodita para recuperar fuerzas.<\/p>\n<p>Horario: Lunes a S\u00e1bado de 17:30 a 23:00 Sujeto a cambios por normativa oficial.<\/p>\n<p>Edad m\u00ednima: 5 a\u00f1os.<\/p>\n<p>Ni\u00f1os: De 5 a 11 a\u00f1os bonifica la mitad del precio de la entrada de adulto.<\/p>\n<p>Imprescindible presentar DNI en taquilla del Parque.<\/p>\n<p><strong>Incluye<\/strong><br \/>\nUn circuito de siete tirolesas, que incluye la m\u00e1s alta de la Riviera Maya.<br \/>\nConducir un veh\u00edculo anfibio a lo largo de un circuito de 5 km (3 millas) de selva y cuevas.<br \/>\nNade en el r\u00edo de estalactitas de 383 yardas (350 m) dentro de cuevas antiguas.<br \/>\nRemar con remos manuales especiales a lo largo de un r\u00edo subterr\u00e1neo de 570 m (623 yardas).<br \/>\nSalpicadura de hamaca.<br \/>\nCaminata de espeleolog\u00eda.<br \/>\nBuffet BBQ con deliciosas costillas (opciones vegetarianas disponibles).<br \/>\nBebidas no alcoh\u00f3licas ilimitadas (caf\u00e9, chocolate caliente y aguas frescas de sabores).<br \/>\nTaquilla para dos.<br \/>\n\u00c1reas de descanso, vestidores y sanitarios.<br \/>\nOtros servicios (cajero autom\u00e1tico, WiFi y tiendas de regalos).<br \/>\nEstacionamiento gratis.<\/p>\n<p><strong>\u00a0 \u00a0 \u00a0 \u00a0Recomendaciones<\/strong><br \/>\nRecuerda traer comprobante impreso de tu compra.<br \/>\nUse traje de ba\u00f1o, zapatos para el agua y use repelente de insectos. Llevar una muda extra de ropa y una toalla.<br \/>\nSolo se permite en el parque el uso de bloqueador solar y bloqueador solar que contenga \u00f3xido de titanio y \u00f3xido de zinc.<br \/>\nBring cash or a credit card to purchase souvenirs or the pictures of your visit<\/p>\n<p><strong>\u00a0 \u00a0 \u00a0 Informaci\u00f3n importante<\/strong><br \/>\nLos ni\u00f1os de m\u00e1s de 4,5 pies pero menores de 12 a\u00f1os deben presentar una identificaci\u00f3n para verificar su edad en las taquillas del parque.<br \/>\nAlgunas actividades no son adecuadas para mujeres embarazadas.<br \/>\nCiertas actividades del parque no son recomendables si sufres de problemas card\u00edacos, miedo a las alturas, dolor de espalda; si se est\u00e1 recuperando de una cirug\u00eda reciente o si se marea con facilidad.<br \/>\nPara las Tirolesas la altura m\u00ednima requerida es de 3.6 ft. El peso m\u00ednimo requerido es de 88 lbs y un m\u00e1ximo de 300 lbs. La capacidad de circunferencia del cintur\u00f3n del arn\u00e9s es de 47 pulgadas (120 cm) y 25 pulgadas (65 cm) para las piernas. En el caso de los ni\u00f1os, el arn\u00e9s debe ajustarse correctamente y tener una altura m\u00ednima de 3,6 pies (1,10 m). De lo contrario, por su propia seguridad, no podr\u00e1n realizar la actividad.<br \/>\nLa transportaci\u00f3n desde Canc\u00fan, Playa del Carmen y Riviera Maya est\u00e1 incluida si la agregas al momento de la compra.<br \/>\nLas reservas canceladas con m\u00e1s de dos d\u00edas de anticipaci\u00f3n a la fecha de la visita est\u00e1n sujetas a una tarifa administrativa 10%. Las reservas canceladas 2 d\u00edas o menos antes de la fecha de la visita, o en caso de no presentarse, no son reembolsables.<br \/>\nNo es posible realizar cambios de fecha el mismo d\u00eda de su visita.<\/p>\n<p><strong>No incluido:<\/strong><br \/>\nTransporte<br \/>\nFotos,<br \/>\nProductos en tienda de regalos y souvenirs.<br \/>\nOtras actividades opcionales<\/p>\n<p><strong>\u00a0 \u00a0 \u00a0 \u00a0Que traer:<\/strong><br \/>\nLlevar traje de ba\u00f1o, zapatos para el agua y ropa c\u00f3moda. Llevar una muda extra de ropa y una toalla.<br \/>\nSolo se permite en el parque el uso de bloqueador solar y bloqueador solar que contenga \u00f3xido de titanio y \u00f3xido de zinc.<br \/>\nRecuerde traer efectivo o tarjeta de cr\u00e9dito para comprar souvenirs, obtenga las fotos de<br \/>\ntu visita, o disfrutar de una Actividad Opcional.<\/p>\n<p><strong>\u00a0 \u00a0 \u00a0 Notas importantes:<\/strong><br \/>\nNo accesible para sillas de ruedas<br \/>\nNo recomendado para viajeros con problemas de espalda.<br \/>\nNo recomendado para mujeres embarazadas.<br \/>\nSin problemas card\u00edacos u otras condiciones m\u00e9dicas graves.<\/p>\n<p><strong> \u00a0 Antes de reservar<\/strong><br \/>\nLos ni\u00f1os de m\u00e1s de 4,5 pies pero menores de 12 a\u00f1os tambi\u00e9n deben mostrar una identificaci\u00f3n para verificar su edad.<br \/>\nActividad de d\u00eda completo el parque abre a las 9.00 horas y cierra a las 17.00 horas.<br \/>\nDisponible<br \/>\nSolo de lunes a s\u00e1bado<\/p>\n<p>&nbsp;<\/p>","protected":false},"excerpt":{"rendered":"<p>El \u00fanico ilimitado <strong>Aventura Nocturna y Buffet Ilimitado<\/strong><br \/>\nAtr\u00e9vete a vivir la aventura de la noche en Xplor Fuego, el parque con actividades en Playa del Carmen que encender\u00e1 tu adrenalina. S\u00fabete a un veh\u00edculo anfibio y recorre la selva maya, vuela por el cielo estrellado en las tirolesas de Canc\u00fan, explora el mundo subterr\u00e1neo de la Riviera Maya a trav\u00e9s de r\u00edos de estalactitas mientras nadas o haces rafting y chapoteas en las aguas de un cenote en una hamaca.\u00a0 \u00a0<strong style=\"font-size: 16px;\">Ni\u00f1os: Menores de 4 a\u00f1os tienen entrada gratuita. Del 5 al 11 consigue la mitad del precio de la entrada de adulto.<\/strong><\/p>\n<p class=\"translation-block\">BONOS ESPECIALES CUANDO RESERVAS CUALQUIERA XPLORAR OPCI\u00d3N. UNA VEZ QUE COMPRE OBTENGA ACCESO A HASTA 50% DESCUENTO EN LA MAYOR\u00cdA DE NUESTROS PRODUCTOS.<\/p>\n<p>&nbsp;<\/p>","protected":false},"featured_media":5163,"comment_status":"open","ping_status":"closed","template":"","meta":{"site-sidebar-layout":"default","site-content-layout":"default","ast-site-content-layout":"default","site-content-style":"default","site-sidebar-style":"default","ast-global-header-display":"","ast-banner-title-visibility":"","ast-main-header-display":"","ast-hfb-above-header-display":"","ast-hfb-below-header-display":"","ast-hfb-mobile-header-display":"","site-post-title":"","ast-breadcrumbs-content":"","ast-featured-img":"","footer-sml-layout":"","theme-transparent-header-meta":"default","adv-header-id-meta":"","stick-header-meta":"default","header-above-stick-meta":"","header-main-stick-meta":"","header-below-stick-meta":"","astra-migrate-meta-layouts":"default","ast-page-background-enabled":"default","ast-page-background-meta":{"desktop":{"background-color":"","background-image":"","background-repeat":"repeat","background-position":"center center","background-size":"auto","background-attachment":"scroll","background-type":"","background-media":"","overlay-type":"","overlay-color":"","overlay-opacity":"","overlay-gradient":""},"tablet":{"background-color":"","background-image":"","background-repeat":"repeat","background-position":"center center","background-size":"auto","background-attachment":"scroll","background-type":"","background-media":"","overlay-type":"","overlay-color":"","overlay-opacity":"","overlay-gradient":""},"mobile":{"background-color":"","background-image":"","background-repeat":"repeat","background-position":"center center","background-size":"auto","background-attachment":"scroll","background-type":"","background-media":"","overlay-type":"","overlay-color":"","overlay-opacity":"","overlay-gradient":""}},"ast-content-background-meta":{"desktop":{"background-color":"var(--ast-global-color-5)","background-image":"","background-repeat":"repeat","background-position":"center center","background-size":"auto","background-attachment":"scroll","background-type":"","background-media":"","overlay-type":"","overlay-color":"","overlay-opacity":"","overlay-gradient":""},"tablet":{"background-color":"var(--ast-global-color-5)","background-image":"","background-repeat":"repeat","background-position":"center center","background-size":"auto","background-attachment":"scroll","background-type":"","background-media":"","overlay-type":"","overlay-color":"","overlay-opacity":"","overlay-gradient":""},"mobile":{"background-color":"var(--ast-global-color-5)","background-image":"","background-repeat":"repeat","background-position":"center center","background-size":"auto","background-attachment":"scroll","background-type":"","background-media":"","overlay-type":"","overlay-color":"","overlay-opacity":"","overlay-gradient":""}},"_joinchat":[]},"product_brand":[],"product_cat":[38,39,33,23,41,40,44,37],"product_tag":[],"class_list":{"0":"post-3778","1":"product","2":"type-product","3":"status-publish","4":"has-post-thumbnail","6":"product_cat-aqs","7":"product_cat-cun","8":"product_cat-extreme","9":"product_cat-night","10":"product_cat-pdc","11":"product_cat-rm","12":"product_cat-theme-parks","13":"product_cat-xcaret-parks","14":"desktop-align-left","15":"tablet-align-left","16":"mobile-align-left","18":"first","19":"instock","20":"featured","21":"taxable","22":"shipping-taxable","23":"product-type-grouped"},"_links":{"self":[{"href":"https:\/\/respaldar.easytravelmexico.com\/es\/wp-json\/wp\/v2\/product\/3778","targetHints":{"allow":["GET"]}}],"collection":[{"href":"https:\/\/respaldar.easytravelmexico.com\/es\/wp-json\/wp\/v2\/product"}],"about":[{"href":"https:\/\/respaldar.easytravelmexico.com\/es\/wp-json\/wp\/v2\/types\/product"}],"replies":[{"embeddable":true,"href":"https:\/\/respaldar.easytravelmexico.com\/es\/wp-json\/wp\/v2\/comments?post=3778"}],"version-history":[{"count":12,"href":"https:\/\/respaldar.easytravelmexico.com\/es\/wp-json\/wp\/v2\/product\/3778\/revisions"}],"predecessor-version":[{"id":7864,"href":"https:\/\/respaldar.easytravelmexico.com\/es\/wp-json\/wp\/v2\/product\/3778\/revisions\/7864"}],"wp:featuredmedia":[{"embeddable":true,"href":"https:\/\/respaldar.easytravelmexico.com\/es\/wp-json\/wp\/v2\/media\/5163"}],"wp:attachment":[{"href":"https:\/\/respaldar.easytravelmexico.com\/es\/wp-json\/wp\/v2\/media?parent=3778"}],"wp:term":[{"taxonomy":"product_brand","embeddable":true,"href":"https:\/\/respaldar.easytravelmexico.com\/es\/wp-json\/wp\/v2\/product_brand?post=3778"},{"taxonomy":"product_cat","embeddable":true,"href":"https:\/\/respaldar.easytravelmexico.com\/es\/wp-json\/wp\/v2\/product_cat?post=3778"},{"taxonomy":"product_tag","embeddable":true,"href":"https:\/\/respaldar.easytravelmexico.com\/es\/wp-json\/wp\/v2\/product_tag?post=3778"}],"curies":[{"name":"wp","href":"https:\/\/api.w.org\/{rel}","templated":true}]}}