{"id":4231,"date":"2022-03-29T18:35:07","date_gmt":"2022-03-29T18:35:07","guid":{"rendered":"https:\/\/outlet-tours.com\/?post_type=product&#038;p=4231"},"modified":"2022-06-14T23:48:23","modified_gmt":"2022-06-14T23:48:23","slug":"xenotes-tour","status":"publish","type":"product","link":"https:\/\/respaldar.easytravelmexico.com\/es\/producto\/xenotes-tour\/","title":{"rendered":"Cenotes Tour \"Xenotes\""},"content":{"rendered":"<p>Disfruta de cuatro tipos diferentes de cenotes en un mismo recorrido.<br \/>\nEn Xenotes, disfruta de la naturaleza y el misticismo de cuatro cenotes diferentes, cada uno con diferentes actividades para pasar un d\u00eda en un entorno \u00fanico: Desciende en rappel, desl\u00edzate en tirolesas hasta un agua muy refrescante, nada y haz snorkel, disfruta de un paseo en kayak y rel\u00e1jate. en un neum\u00e1tico flotante.<\/p>\n<p><strong>\u00a0 \u00a0 \u00a0 \u00a0 Atracciones principales<\/strong><br \/>\nVisita cuatro cenotes diferentes: el Xenote Fuego, K&#039;\u00e1ak&#039;, el Xenote Agua, Ha&#039;, el Xenote Tierra, Lu&#039;um y el Xenote Aire, Lik&#039;.<br \/>\nConocer\u00e1s las leyendas de los Aluxes, los peque\u00f1os cuidadores de los cenotes y la selva, a quienes se les debe pedir permiso antes de ingresar a sus dominios.<br \/>\nDisfruta de deliciosas comidas y bebidas ya incluidas, en plena naturaleza.<br \/>\ngrupos de centros comerciales para una experiencia m\u00e1s c\u00f3moda.<\/p>\n<p><strong>\u00a0 \u00a0 \u00a0 \u00a0 Qu\u00e9 est\u00e1 incluido<\/strong><br \/>\nTransportaci\u00f3n redonda desde la comodidad de tu hotel.<br \/>\nGu\u00eda biling\u00fce especializado durante todo el recorrido.<br \/>\nVisita a cuatro tipos diferentes de cenotes.<br \/>\nActividades de rapel asistido, tirolesas, kayaks y nado.<br \/>\nAgua, caf\u00e9, chocolate, pan dulce y fruta de la estaci\u00f3n a la salida del primer cenote.<br \/>\nGlam Picnic al finalizar las actividades: Sopa juliana, barra fr\u00eda de carnes y quesos calidad Premium, variedad de panes r\u00fasticos, aderezos, ensaladas y bebidas (agua, vino y cerveza).<br \/>\nEquipo: chaleco salvavidas, equipo de rapel, kayak y llanta.<br \/>\nBa\u00f1os, vestidores y dos toallas.<\/p>\n<p><strong>\u00a0 \u00a0 \u00a0 No incluido<\/strong><br \/>\nConsejos, Fotos, Recuerdos<br \/>\n<strong>\u00a0 \u00a0 \u00a0 Recomendaciones<\/strong><br \/>\n\u2013 El uso del chaleco salvavidas es obligatorio durante todas las actividades acu\u00e1ticas.<br \/>\n\u2013 D\u00fachate antes de entrar al cenote para proteger su ecosistema.<br \/>\n\u2013 No se recomienda este tour si tiene problemas de coraz\u00f3n, pulm\u00f3n, columna, asma, diabetes, hipertensi\u00f3n, est\u00e1 embarazada o tiene sospecha de estarlo.<br \/>\n\u2013 La edad m\u00ednima para Xenotes es de 6 a\u00f1os. NOTA: para la actividad de Tirolesas se requiere una altura m\u00ednima de 1,40 m y un peso m\u00ednimo de 40 kg.<br \/>\n\u2013 Ni\u00f1os de 6 a 11 a\u00f1os pagan la mitad del boleto de adulto (imprescindible presentar identificaci\u00f3n al tour operador al abordar el transporte).<br \/>\n\u2013 Ni\u00f1os mayores a 1,40 metros. pero menores de 12 a\u00f1os, deber\u00e1n presentar identificaci\u00f3n que acredite su edad.<br \/>\n\u2013 Las reservas canceladas m\u00e1s de 2 d\u00edas antes de la fecha de llegada est\u00e1n sujetas a un cargo 10% por cargos administrativos; de 2 a 0 d\u00edas antes de la fecha de llegada, o en caso de no llegada, no ser\u00e1n reembolsables.<br \/>\n\u2013 No es posible cambiar la fecha en el mismo d\u00eda de su visita.<\/p>\n<p><strong>\u00a0 \u00a0 \u00a0 Informaci\u00f3n importante<\/strong><br \/>\n\u2013 Tour disponible de lunes a s\u00e1bado.<br \/>\n\u2013 Las actividades del Xenotes Oasis Maya Tour est\u00e1n recomendadas para ni\u00f1os mayores de 6 a\u00f1os.<br \/>\n\u2013 Recuerda llevar impreso el comprobante de compra de tu tour.<br \/>\n\u2013 Llevar ropa de playa c\u00f3moda y traje de ba\u00f1o. Trae una muda extra.<br \/>\n\u2013 Confirmar la hora y lugar de salida de su transporte.<br \/>\n\u2013 Tus bloqueadores y bronceadores solo deben contener \u00f3xido de titanio y \u00f3xido de zinc para uso en el Parque.<br \/>\n\u2013 Llevar efectivo o tarjeta para adquirir las fotos de su visita.<br \/>\n\u2013 Todas las actividades cuentan con modernos equipos de seguridad y pueden ser realizadas por toda la familia, a partir de los 6 a\u00f1os.<br \/>\n\u2013 Es importante que tomes en cuenta que los cenotes se encuentran en medio de la selva, por lo que los caminos para llegar a ellos no est\u00e1n asfaltados.<\/p>","protected":false},"excerpt":{"rendered":"<p>Disfruta de cuatro tipos diferentes de cenotes en un mismo recorrido.<br \/>\nEn Xenotes, disfruta de la naturaleza y el misticismo de cuatro cenotes diferentes, cada uno con diferentes actividades para pasar un d\u00eda en un entorno \u00fanico: Desciende en rappel, desl\u00edzate en tirolesas hasta un agua muy refrescante, nada y haz snorkel, disfruta de un paseo en kayak y rel\u00e1jate. en un neum\u00e1tico flotante.<\/p>\n<p>Tour disponible de lunes a s\u00e1bado.<br \/>\nLas actividades del Xenotes Oasis Maya Tour est\u00e1n recomendadas para ni\u00f1os mayores de 6 a\u00f1os.<\/p>\n<p><strong>Precio NI\u00d1OS 4 \u2013 11 a\u00f1os<\/strong><\/p>\n<p>&nbsp;<\/p>\n<p>&nbsp;<\/p>","protected":false},"featured_media":5380,"comment_status":"open","ping_status":"closed","template":"","meta":{"site-sidebar-layout":"default","site-content-layout":"default","ast-site-content-layout":"default","site-content-style":"default","site-sidebar-style":"default","ast-global-header-display":"","ast-banner-title-visibility":"","ast-main-header-display":"","ast-hfb-above-header-display":"","ast-hfb-below-header-display":"","ast-hfb-mobile-header-display":"","site-post-title":"","ast-breadcrumbs-content":"","ast-featured-img":"","footer-sml-layout":"","theme-transparent-header-meta":"default","adv-header-id-meta":"","stick-header-meta":"","header-above-stick-meta":"","header-main-stick-meta":"","header-below-stick-meta":"","astra-migrate-meta-layouts":"default","ast-page-background-enabled":"default","ast-page-background-meta":{"desktop":{"background-color":"","background-image":"","background-repeat":"repeat","background-position":"center center","background-size":"auto","background-attachment":"scroll","background-type":"","background-media":"","overlay-type":"","overlay-color":"","overlay-opacity":"","overlay-gradient":""},"tablet":{"background-color":"","background-image":"","background-repeat":"repeat","background-position":"center center","background-size":"auto","background-attachment":"scroll","background-type":"","background-media":"","overlay-type":"","overlay-color":"","overlay-opacity":"","overlay-gradient":""},"mobile":{"background-color":"","background-image":"","background-repeat":"repeat","background-position":"center center","background-size":"auto","background-attachment":"scroll","background-type":"","background-media":"","overlay-type":"","overlay-color":"","overlay-opacity":"","overlay-gradient":""}},"ast-content-background-meta":{"desktop":{"background-color":"var(--ast-global-color-5)","background-image":"","background-repeat":"repeat","background-position":"center center","background-size":"auto","background-attachment":"scroll","background-type":"","background-media":"","overlay-type":"","overlay-color":"","overlay-opacity":"","overlay-gradient":""},"tablet":{"background-color":"var(--ast-global-color-5)","background-image":"","background-repeat":"repeat","background-position":"center center","background-size":"auto","background-attachment":"scroll","background-type":"","background-media":"","overlay-type":"","overlay-color":"","overlay-opacity":"","overlay-gradient":""},"mobile":{"background-color":"var(--ast-global-color-5)","background-image":"","background-repeat":"repeat","background-position":"center center","background-size":"auto","background-attachment":"scroll","background-type":"","background-media":"","overlay-type":"","overlay-color":"","overlay-opacity":"","overlay-gradient":""}},"_joinchat":[]},"product_brand":[],"product_cat":[38,39,41,40,32,44,24,37],"product_tag":[],"class_list":{"0":"post-4231","1":"product","2":"type-product","3":"status-publish","4":"has-post-thumbnail","6":"product_cat-aqs","7":"product_cat-cun","8":"product_cat-pdc","9":"product_cat-rm","10":"product_cat-sightseeing","11":"product_cat-theme-parks","12":"product_cat-tours","13":"product_cat-xcaret-parks","14":"desktop-align-left","15":"tablet-align-left","16":"mobile-align-left","18":"first","19":"instock","20":"featured","21":"taxable","22":"shipping-taxable","23":"product-type-grouped"},"_links":{"self":[{"href":"https:\/\/respaldar.easytravelmexico.com\/es\/wp-json\/wp\/v2\/product\/4231","targetHints":{"allow":["GET"]}}],"collection":[{"href":"https:\/\/respaldar.easytravelmexico.com\/es\/wp-json\/wp\/v2\/product"}],"about":[{"href":"https:\/\/respaldar.easytravelmexico.com\/es\/wp-json\/wp\/v2\/types\/product"}],"replies":[{"embeddable":true,"href":"https:\/\/respaldar.easytravelmexico.com\/es\/wp-json\/wp\/v2\/comments?post=4231"}],"version-history":[{"count":1,"href":"https:\/\/respaldar.easytravelmexico.com\/es\/wp-json\/wp\/v2\/product\/4231\/revisions"}],"predecessor-version":[{"id":4232,"href":"https:\/\/respaldar.easytravelmexico.com\/es\/wp-json\/wp\/v2\/product\/4231\/revisions\/4232"}],"wp:featuredmedia":[{"embeddable":true,"href":"https:\/\/respaldar.easytravelmexico.com\/es\/wp-json\/wp\/v2\/media\/5380"}],"wp:attachment":[{"href":"https:\/\/respaldar.easytravelmexico.com\/es\/wp-json\/wp\/v2\/media?parent=4231"}],"wp:term":[{"taxonomy":"product_brand","embeddable":true,"href":"https:\/\/respaldar.easytravelmexico.com\/es\/wp-json\/wp\/v2\/product_brand?post=4231"},{"taxonomy":"product_cat","embeddable":true,"href":"https:\/\/respaldar.easytravelmexico.com\/es\/wp-json\/wp\/v2\/product_cat?post=4231"},{"taxonomy":"product_tag","embeddable":true,"href":"https:\/\/respaldar.easytravelmexico.com\/es\/wp-json\/wp\/v2\/product_tag?post=4231"}],"curies":[{"name":"wp","href":"https:\/\/api.w.org\/{rel}","templated":true}]}}