{"id":4348,"date":"2022-03-30T01:13:58","date_gmt":"2022-03-30T01:13:58","guid":{"rendered":"https:\/\/outlet-tours.com\/?post_type=product&#038;p=4348"},"modified":"2022-06-14T22:10:40","modified_gmt":"2022-06-14T22:10:40","slug":"isla-mujeres-catamaran-samba-reg-tour","status":"publish","type":"product","link":"https:\/\/respaldar.easytravelmexico.com\/es\/producto\/isla-mujeres-catamaran-samba-reg-tour\/","title":{"rendered":"Excursi\u00f3n de placer en catamar\u00e1n a Isla Mujeres"},"content":{"rendered":"<p><span style=\"vertical-align: inherit\"><span style=\"vertical-align: inherit\">Navega en uno de nuestros impresionantes catamaranes y disfruta de un viaje a Isla Mujeres animado con un ambiente extraordinario, con bebidas y divertidas actividades, solo d\u00e9jate llevar y pasa un d\u00eda inolvidable rodeado de una incre\u00edble belleza natural. <\/span><\/span><br \/>\n<span style=\"vertical-align: inherit\"><span style=\"vertical-align: inherit\">Comienza el d\u00eda con una divertida fiesta a bordo en uno de nuestros catamaranes equipados, te ofreceremos desayuno continental (caf\u00e9, jugo, pan dulce o galletas) y una gran variedad de bebidas de nuestra barra libre nacional, te llevamos a uno de los arrecifes m\u00e1s hermosos con impresionantes vistas del Caribe Mexicano para disfrutar de una m\u00e1gica experiencia de snorkel nadando con peces tropicales multicolores y contemplando la belleza de las formaciones coralinas, descubrir\u00e1s por qu\u00e9 Canc\u00fan se ha convertido en el destino favorito de los buceadores y snorkelers.<\/span><\/span><\/p>\n<p><span style=\"vertical-align: inherit\"><span style=\"vertical-align: inherit\">Una vez en Isla Mujeres podr\u00e1s disfrutar de una deliciosa comida buffet en el exclusivo Club de Playa, tendr\u00e1s una hora de tiempo libre para relajarte junto a la alberca o disfrutar de las actividades del club, no pierdas la oportunidad de visitar las tiendas t\u00edpicas de la isla. isla y comprar un bonito recuerdo. <\/span><\/span><br \/>\n<span style=\"vertical-align: inherit\"><span style=\"vertical-align: inherit\">Principales atractivos <\/span><\/span><br \/>\n<span style=\"vertical-align: inherit\"><span style=\"vertical-align: inherit\">\u2013 Sesi\u00f3n de snorkel \u2013 Tiempo <\/span><\/span><br \/>\n<span style=\"vertical-align: inherit\"><span style=\"vertical-align: inherit\">libre en Isla Mujeres <\/span><\/span><br \/>\n<span style=\"vertical-align: inherit\"><span style=\"vertical-align: inherit\">\u2013 Diversi\u00f3n a bordo <\/span><\/span><br \/>\n<strong><span style=\"vertical-align: inherit\"><span style=\"vertical-align: inherit\">\u00a0 \u00a0 \u00a0 \u00a0 \u00a0Qu\u00e9 incluye<\/span><\/span><\/strong><br \/>\n<span style=\"vertical-align: inherit\"><span style=\"vertical-align: inherit\"> \u2013 Desayuno continental (caf\u00e9, jugo y pan dulce o galletas) <\/span><\/span><br \/>\n<span style=\"vertical-align: inherit\"><span style=\"vertical-align: inherit\">\u2013 Snorkel en Manchones o El Farito (dependiendo del clima) <\/span><\/span><br \/>\n<span style=\"vertical-align: inherit\"><span style=\"vertical-align: inherit\">\u2013 Barra libre de bebidas mexicanas en todo el tour (bebidas, snacks, agua purificada, jugos, cervezas) <\/span><\/span><br \/>\n<span style=\"vertical-align: inherit\"><span style=\"vertical-align: inherit\">\u2013 Almuerzo buffet en Beach Club <\/span><\/span><br \/>\n<span style=\"vertical-align: inherit\"><span style=\"vertical-align: inherit\">\u2013 Vuelo en Spinnaker (depende del clima) <\/span><\/span><br \/>\n<span style=\"vertical-align: inherit\"><span style=\"vertical-align: inherit\">\u2013 Gu\u00edas de Snorkel<\/span><\/span><br \/>\n<span style=\"vertical-align: inherit\"><span style=\"vertical-align: inherit\">\u2013 Seguro de gastos m\u00e9dicos y responsabilidad civil <\/span><\/span><br \/>\n<span style=\"vertical-align: inherit\"><span style=\"vertical-align: inherit\">\u2013 Visita al centro de Isla Mujeres para ir de compras. <\/span><\/span><br \/>\n<span style=\"vertical-align: inherit\"><span style=\"vertical-align: inherit\">\u2013 TOUR REGULAR: Barra libre nacional<\/span><\/span><\/p>\n<p><strong><span style=\"vertical-align: inherit\"><span style=\"vertical-align: inherit\">\u00a0 \u00a0 \u00a0 \u00a0No incluido<\/span><\/span><\/strong><br \/>\n<span style=\"vertical-align: inherit\"><span style=\"vertical-align: inherit\"> \u2013 Impuesto de arrecife $5 usd y tasa de muelle $10 usd = $15 usd (Pagar al momento del check in) <\/span><\/span><br \/>\n<span style=\"vertical-align: inherit\"><span style=\"vertical-align: inherit\">\u2013 Propina para el equipo <\/span><\/span><br \/>\n<span style=\"vertical-align: inherit\"><span style=\"vertical-align: inherit\">\u2013 Transporte disponible con carga adicional.<\/span><\/span><\/p>\n<p><strong><span style=\"vertical-align: inherit\"><span style=\"vertical-align: inherit\">\u00a0 Qu\u00e9 llevar:<\/span><\/span><\/strong><br \/>\n<span style=\"vertical-align: inherit\"><span style=\"vertical-align: inherit\"> \u2013 Toalla <\/span><\/span><br \/>\n<span style=\"vertical-align: inherit\"><span style=\"vertical-align: inherit\">\u2013 C\u00e1mara <\/span><\/span><br \/>\n<span style=\"vertical-align: inherit\"><span style=\"vertical-align: inherit\">\u2013 Lentes de sol y gorra <\/span><\/span><br \/>\n<span style=\"vertical-align: inherit\"><span style=\"vertical-align: inherit\">\u2013 Ropa c\u00f3moda <\/span><\/span><br \/>\n<span style=\"vertical-align: inherit\"><span style=\"vertical-align: inherit\">\u2013 Traje de ba\u00f1o y bloqueador solar.<\/span><\/span><\/p>\n<p><strong><span style=\"vertical-align: inherit\"><span style=\"vertical-align: inherit\">\u00a0 \u00a0 \u00a0 \u00a0 Informaci\u00f3n importante<\/span><\/span><\/strong><br \/>\n<span style=\"vertical-align: inherit\"><span style=\"vertical-align: inherit\"> Tour disponible de lunes a domingo <\/span><\/span><br \/>\n<span style=\"vertical-align: inherit\"><span style=\"vertical-align: inherit\">El check-in es a las 9:30 am <\/span><\/span><br \/>\n<span style=\"vertical-align: inherit\"><span style=\"vertical-align: inherit\">Hora de salida: 10:00 am <\/span><\/span><br \/>\n<span style=\"vertical-align: inherit\"><span style=\"vertical-align: inherit\">Regreso: 5:30 pm aproximadamente <\/span><\/span><br \/>\n<span style=\"vertical-align: inherit\"><span style=\"vertical-align: inherit\">Snorkel dependiendo de las condiciones clim\u00e1ticas. <\/span><\/span><br \/>\n<span style=\"vertical-align: inherit\"><span style=\"vertical-align: inherit\">Spinnaker seg\u00fan las condiciones clim\u00e1ticas <\/span><\/span><br \/>\n<strong><span style=\"vertical-align: inherit\"><span style=\"vertical-align: inherit\">Ni\u00f1os de 6 a 11 a\u00f1os tarifa pagana<\/span><\/span><\/strong><\/p>","protected":false},"excerpt":{"rendered":"<p>Navega en uno de nuestros impresionantes catamaranes y disfruta de un viaje a Isla Mujeres animado con un ambiente extraordinario, con bebidas y divertidas actividades, solo d\u00e9jate llevar y pasa un d\u00eda inolvidable rodeado de una incre\u00edble belleza natural.<br \/>\nComienza el d\u00eda con una divertida fiesta a bordo en uno de nuestros catamaranes equipados, te ofreceremos desayuno continental (caf\u00e9, jugo, pan dulce o galletas) y una gran variedad de bebidas de nuestra barra libre nacional, te llevamos a uno de los arrecifes m\u00e1s hermosos con impresionantes vistas del Caribe Mexicano para disfrutar de una m\u00e1gica experiencia de snorkeling nadando con peces tropicales multicolores y viendo la belleza de las formaciones coralinas, descubrir\u00e1s por qu\u00e9 Canc\u00fan se ha convertido en el destino favorito de los buceadores y snorkelers.<\/p>\n<p><span style=\"vertical-align: inherit\"><span style=\"vertical-align: inherit\">Una vez en Isla Mujeres podr\u00e1s disfrutar de una deliciosa comida buffet en el exclusivo Club de Playa, tendr\u00e1s una hora de tiempo libre para relajarte junto a la alberca o disfrutar de las actividades del club, no pierdas la oportunidad de visitar las tiendas t\u00edpicas de la isla. isla y comprar un bonito recuerdo.<\/span><\/span><\/p>\n<p><strong><span style=\"vertical-align: inherit\"><span style=\"vertical-align: inherit\">Tarifa Ni\u00f1os<\/span><\/span><\/strong><span style=\"vertical-align: inherit\"><span style=\"vertical-align: inherit\"> : De 6 a 11 a\u00f1os pagano como menor.<\/span><\/span><\/p>","protected":false},"featured_media":5437,"comment_status":"open","ping_status":"closed","template":"","meta":{"site-sidebar-layout":"default","site-content-layout":"default","ast-site-content-layout":"default","site-content-style":"default","site-sidebar-style":"default","ast-global-header-display":"","ast-banner-title-visibility":"","ast-main-header-display":"","ast-hfb-above-header-display":"","ast-hfb-below-header-display":"","ast-hfb-mobile-header-display":"","site-post-title":"","ast-breadcrumbs-content":"","ast-featured-img":"","footer-sml-layout":"","theme-transparent-header-meta":"default","adv-header-id-meta":"","stick-header-meta":"default","header-above-stick-meta":"","header-main-stick-meta":"","header-below-stick-meta":"","astra-migrate-meta-layouts":"default","ast-page-background-enabled":"default","ast-page-background-meta":{"desktop":{"background-color":"","background-image":"","background-repeat":"repeat","background-position":"center center","background-size":"auto","background-attachment":"scroll","background-type":"","background-media":"","overlay-type":"","overlay-color":"","overlay-opacity":"","overlay-gradient":""},"tablet":{"background-color":"","background-image":"","background-repeat":"repeat","background-position":"center center","background-size":"auto","background-attachment":"scroll","background-type":"","background-media":"","overlay-type":"","overlay-color":"","overlay-opacity":"","overlay-gradient":""},"mobile":{"background-color":"","background-image":"","background-repeat":"repeat","background-position":"center center","background-size":"auto","background-attachment":"scroll","background-type":"","background-media":"","overlay-type":"","overlay-color":"","overlay-opacity":"","overlay-gradient":""}},"ast-content-background-meta":{"desktop":{"background-color":"var(--ast-global-color-5)","background-image":"","background-repeat":"repeat","background-position":"center center","background-size":"auto","background-attachment":"scroll","background-type":"","background-media":"","overlay-type":"","overlay-color":"","overlay-opacity":"","overlay-gradient":""},"tablet":{"background-color":"var(--ast-global-color-5)","background-image":"","background-repeat":"repeat","background-position":"center center","background-size":"auto","background-attachment":"scroll","background-type":"","background-media":"","overlay-type":"","overlay-color":"","overlay-opacity":"","overlay-gradient":""},"mobile":{"background-color":"var(--ast-global-color-5)","background-image":"","background-repeat":"repeat","background-position":"center center","background-size":"auto","background-attachment":"scroll","background-type":"","background-media":"","overlay-type":"","overlay-color":"","overlay-opacity":"","overlay-gradient":""}},"_joinchat":[]},"product_brand":[],"product_cat":[38,39,45,34,41,32,24],"product_tag":[],"class_list":{"0":"post-4348","1":"product","2":"type-product","3":"status-publish","4":"has-post-thumbnail","6":"product_cat-aqs","7":"product_cat-cun","8":"product_cat-ecoturism-cenotes","9":"product_cat-family","10":"product_cat-pdc","11":"product_cat-sightseeing","12":"product_cat-tours","13":"desktop-align-left","14":"tablet-align-left","15":"mobile-align-left","17":"first","18":"instock","19":"featured","20":"taxable","21":"shipping-taxable","22":"product-type-grouped"},"_links":{"self":[{"href":"https:\/\/respaldar.easytravelmexico.com\/es\/wp-json\/wp\/v2\/product\/4348","targetHints":{"allow":["GET"]}}],"collection":[{"href":"https:\/\/respaldar.easytravelmexico.com\/es\/wp-json\/wp\/v2\/product"}],"about":[{"href":"https:\/\/respaldar.easytravelmexico.com\/es\/wp-json\/wp\/v2\/types\/product"}],"replies":[{"embeddable":true,"href":"https:\/\/respaldar.easytravelmexico.com\/es\/wp-json\/wp\/v2\/comments?post=4348"}],"version-history":[{"count":4,"href":"https:\/\/respaldar.easytravelmexico.com\/es\/wp-json\/wp\/v2\/product\/4348\/revisions"}],"predecessor-version":[{"id":7827,"href":"https:\/\/respaldar.easytravelmexico.com\/es\/wp-json\/wp\/v2\/product\/4348\/revisions\/7827"}],"wp:featuredmedia":[{"embeddable":true,"href":"https:\/\/respaldar.easytravelmexico.com\/es\/wp-json\/wp\/v2\/media\/5437"}],"wp:attachment":[{"href":"https:\/\/respaldar.easytravelmexico.com\/es\/wp-json\/wp\/v2\/media?parent=4348"}],"wp:term":[{"taxonomy":"product_brand","embeddable":true,"href":"https:\/\/respaldar.easytravelmexico.com\/es\/wp-json\/wp\/v2\/product_brand?post=4348"},{"taxonomy":"product_cat","embeddable":true,"href":"https:\/\/respaldar.easytravelmexico.com\/es\/wp-json\/wp\/v2\/product_cat?post=4348"},{"taxonomy":"product_tag","embeddable":true,"href":"https:\/\/respaldar.easytravelmexico.com\/es\/wp-json\/wp\/v2\/product_tag?post=4348"}],"curies":[{"name":"wp","href":"https:\/\/api.w.org\/{rel}","templated":true}]}}