{"id":6642,"date":"2022-05-05T18:19:09","date_gmt":"2022-05-05T18:19:09","guid":{"rendered":"https:\/\/outlet-tours.com\/?post_type=product&#038;p=6642"},"modified":"2025-08-01T13:31:51","modified_gmt":"2025-08-01T13:31:51","slug":"tulum-cenote-tour","status":"publish","type":"product","link":"https:\/\/respaldar.easytravelmexico.com\/es\/producto\/tulum-cenote-tour\/","title":{"rendered":"Tour Tulum y Cenotes"},"content":{"rendered":"<p>Explorador de Tulum: Tulum, el sitio arqueol\u00f3gico m\u00e1s popular de la Riviera Maya. Un para\u00edso costero que conserva los \u00faltimos vestigios de una antigua civilizaci\u00f3n. Construido sobre un acantilado con vistas al oc\u00e9ano, desde donde los colores turquesa del Mar Caribe brillan con esplendor. Antiguamente llamado Zam\u00e1, significa amanecer. Tulum significa &quot;recinto o amurallado&quot;. Contaba con un faro y desempe\u00f1\u00f3 un papel fundamental en el comercio mar\u00edtimo de la regi\u00f3n, adem\u00e1s de ser un observatorio astron\u00f3mico, con su sistema defensivo; posiblemente como vestigio de tiempos de conflicto.<\/p>\n<p>Cenote Dos Ojos, agua dulce cristalina, impresionantes formaciones naturales. El Parque Dos Ojos es un sistema de cinco cuevas sumergidas al norte de Tulum. Con un entorno natural bien conservado, es ideal para disfrutarlo con toda la familia.<\/p>\n<p>Incluye<br \/>\nGu\u00eda biling\u00fce<br \/>\nEquipo completo de snorkel<br \/>\nRefrescos (agua, refrescos y cerveza) a bordo del autob\u00fas.<br \/>\nEntrada a Dos Ojos<br \/>\nRecorrido por las ruinas de Tulum<\/p>\n<p>Recomendaciones<br \/>\nTraer zapatos c\u00f3modos, traje de ba\u00f1o y toallas.<br \/>\nConsidere gastos adicionales en su presupuesto<\/p>\n<p>Exclusiones<br \/>\nTarifa de reserva natural de 10,00 USD<br \/>\nAlmuerzo<\/p>","protected":false},"excerpt":{"rendered":"<p><strong>Tulum<\/strong><br \/>\nLa \u00fanica zona arqueol\u00f3gica maya que se encuentra a la orilla del mar.<br \/>\nCenote Dos Ojos.<br \/>\nUn entorno natural bien conservado, con aguas cristalinas y frescas. Disfrute nadando, sintiendo y relaj\u00e1ndose.<\/p>\n<p>Los ni\u00f1os de 3 a\u00f1os o menos entran gratis.<br \/>\nThe child rate applies to 4-10 years old.<\/p>\n<table style=\"border-collapse: collapse; width: 329px; height: 86px;\" border=\"0\" width=\"160\" cellspacing=\"0\" cellpadding=\"0\">\n<tbody>\n<tr style=\"height: 15.0pt;\">\n<td style=\"height: 15.0pt; width: 60pt;\" width=\"80\" height=\"20\"><img decoding=\"async\" class=\"alignnone size-medium wp-image-4160\" src=\"https:\/\/respaldar.easytravelmexico.com\/wp-content\/uploads\/2021\/12\/1-Imagen1.1.2-300x107.png\" alt=\"\" width=\"300\" height=\"107\" \/><\/td>\n<td style=\"width: 60pt;\" width=\"80\">\n<h5>14 USD<\/h5>\n<\/td>\n<\/tr>\n<\/tbody>\n<\/table>\n<h5><\/h5>","protected":false},"featured_media":3394,"comment_status":"open","ping_status":"closed","template":"","meta":{"site-sidebar-layout":"default","site-content-layout":"default","ast-site-content-layout":"default","site-content-style":"default","site-sidebar-style":"default","ast-global-header-display":"","ast-banner-title-visibility":"","ast-main-header-display":"","ast-hfb-above-header-display":"","ast-hfb-below-header-display":"","ast-hfb-mobile-header-display":"","site-post-title":"","ast-breadcrumbs-content":"","ast-featured-img":"","footer-sml-layout":"","theme-transparent-header-meta":"default","adv-header-id-meta":"","stick-header-meta":"","header-above-stick-meta":"","header-main-stick-meta":"","header-below-stick-meta":"","astra-migrate-meta-layouts":"set","ast-page-background-enabled":"default","ast-page-background-meta":{"desktop":{"background-color":"","background-image":"","background-repeat":"repeat","background-position":"center center","background-size":"auto","background-attachment":"scroll","background-type":"","background-media":"","overlay-type":"","overlay-color":"","overlay-opacity":"","overlay-gradient":""},"tablet":{"background-color":"","background-image":"","background-repeat":"repeat","background-position":"center center","background-size":"auto","background-attachment":"scroll","background-type":"","background-media":"","overlay-type":"","overlay-color":"","overlay-opacity":"","overlay-gradient":""},"mobile":{"background-color":"","background-image":"","background-repeat":"repeat","background-position":"center center","background-size":"auto","background-attachment":"scroll","background-type":"","background-media":"","overlay-type":"","overlay-color":"","overlay-opacity":"","overlay-gradient":""}},"ast-content-background-meta":{"desktop":{"background-color":"var(--ast-global-color-5)","background-image":"","background-repeat":"repeat","background-position":"center center","background-size":"auto","background-attachment":"scroll","background-type":"","background-media":"","overlay-type":"","overlay-color":"","overlay-opacity":"","overlay-gradient":""},"tablet":{"background-color":"var(--ast-global-color-5)","background-image":"","background-repeat":"repeat","background-position":"center center","background-size":"auto","background-attachment":"scroll","background-type":"","background-media":"","overlay-type":"","overlay-color":"","overlay-opacity":"","overlay-gradient":""},"mobile":{"background-color":"var(--ast-global-color-5)","background-image":"","background-repeat":"repeat","background-position":"center center","background-size":"auto","background-attachment":"scroll","background-type":"","background-media":"","overlay-type":"","overlay-color":"","overlay-opacity":"","overlay-gradient":""}},"_joinchat":[]},"product_brand":[],"product_cat":[43,38,39,45,34,41,40,32,24],"product_tag":[],"class_list":{"0":"post-6642","1":"product","2":"type-product","3":"status-publish","4":"has-post-thumbnail","6":"product_cat-achaeological-tours","7":"product_cat-aqs","8":"product_cat-cun","9":"product_cat-ecoturism-cenotes","10":"product_cat-family","11":"product_cat-pdc","12":"product_cat-rm","13":"product_cat-sightseeing","14":"product_cat-tours","15":"desktop-align-left","16":"tablet-align-left","17":"mobile-align-left","19":"first","20":"instock","21":"sale","22":"taxable","23":"shipping-taxable","24":"product-type-grouped"},"_links":{"self":[{"href":"https:\/\/respaldar.easytravelmexico.com\/es\/wp-json\/wp\/v2\/product\/6642","targetHints":{"allow":["GET"]}}],"collection":[{"href":"https:\/\/respaldar.easytravelmexico.com\/es\/wp-json\/wp\/v2\/product"}],"about":[{"href":"https:\/\/respaldar.easytravelmexico.com\/es\/wp-json\/wp\/v2\/types\/product"}],"replies":[{"embeddable":true,"href":"https:\/\/respaldar.easytravelmexico.com\/es\/wp-json\/wp\/v2\/comments?post=6642"}],"version-history":[{"count":4,"href":"https:\/\/respaldar.easytravelmexico.com\/es\/wp-json\/wp\/v2\/product\/6642\/revisions"}],"predecessor-version":[{"id":40120,"href":"https:\/\/respaldar.easytravelmexico.com\/es\/wp-json\/wp\/v2\/product\/6642\/revisions\/40120"}],"wp:featuredmedia":[{"embeddable":true,"href":"https:\/\/respaldar.easytravelmexico.com\/es\/wp-json\/wp\/v2\/media\/3394"}],"wp:attachment":[{"href":"https:\/\/respaldar.easytravelmexico.com\/es\/wp-json\/wp\/v2\/media?parent=6642"}],"wp:term":[{"taxonomy":"product_brand","embeddable":true,"href":"https:\/\/respaldar.easytravelmexico.com\/es\/wp-json\/wp\/v2\/product_brand?post=6642"},{"taxonomy":"product_cat","embeddable":true,"href":"https:\/\/respaldar.easytravelmexico.com\/es\/wp-json\/wp\/v2\/product_cat?post=6642"},{"taxonomy":"product_tag","embeddable":true,"href":"https:\/\/respaldar.easytravelmexico.com\/es\/wp-json\/wp\/v2\/product_tag?post=6642"}],"curies":[{"name":"wp","href":"https:\/\/api.w.org\/{rel}","templated":true}]}}