{"id":6686,"date":"2022-05-10T16:13:22","date_gmt":"2022-05-10T16:13:22","guid":{"rendered":"https:\/\/outlet-tours.com\/?post_type=product&#038;p=6686"},"modified":"2025-05-25T23:58:08","modified_gmt":"2025-05-25T23:58:08","slug":"jeep-tour-snorkeling-in-cozumel","status":"publish","type":"product","link":"https:\/\/respaldar.easytravelmexico.com\/es\/producto\/jeep-tour-snorkeling-in-cozumel\/","title":{"rendered":"Tour En Jeep Y Snorkel En Cozumel"},"content":{"rendered":"<p>Cozumel tiene que ver con los turistas y el hecho de que es parte de la segunda barrera de arrecifes m\u00e1s grande del mundo. Es f\u00e1cil moverse por un lugar tranquilo. Lleno de experiencias valiosas. Los visitantes pueden beneficiarse de las maravillas naturales de las playas, el buceo y el esn\u00f3rquel de la isla. La ciudad principal de la isla es San Miguel de Cozumel. Es la Isla m\u00e1s visitada por Cruceros. Sin duda es la isla m\u00e1s grande de M\u00e9xico.<\/p>\n<p><span style=\"vertical-align: inherit\"><span style=\"vertical-align: inherit\">TOUR EN JEEP Y SNORKEL EN COZUMEL<\/span><\/span><\/p>\n<p><span style=\"vertical-align: inherit\"><span style=\"vertical-align: inherit\">\u2013 Transporte redondo recojo en su hotel, en camioneta con aire acondicionado <\/span><\/span><br \/>\n<span style=\"vertical-align: inherit\"><span style=\"vertical-align: inherit\">\u2013 Cruce en ferry redondo \u2013 <\/span><\/span><br \/>\n<span style=\"vertical-align: inherit\"><span style=\"vertical-align: inherit\">TOUR EN JEEP <\/span><\/span><br \/>\n<span style=\"vertical-align: inherit\"><span style=\"vertical-align: inherit\">\u2013 Visita a la tequila <\/span><\/span><br \/>\n<span style=\"vertical-align: inherit\"><span style=\"vertical-align: inherit\">\u2013 Visita a San Mart\u00edn <\/span><\/span><br \/>\n<span style=\"vertical-align: inherit\"><span style=\"vertical-align: inherit\">\u2013 Visita a Chen Rio \u2013 <\/span><span style=\"vertical-align: inherit\">Equipo de snorkel <\/span><\/span><br \/>\n<span style=\"vertical-align: inherit\"><span style=\"vertical-align: inherit\">Mirador de Cozumel <\/span><span style=\"vertical-align: inherit\">\u2013 Chalecos <\/span><span style=\"vertical-align: inherit\">\u2013 Viseras <\/span><span style=\"vertical-align: inherit\">\u2013 Aletas <\/span><span style=\"vertical-align: inherit\">\u2013 Esn\u00f3rquel <\/span><span style=\"vertical-align: inherit\">COMIDA <\/span><span style=\"vertical-align: inherit\">-Quesadillas <\/span><span style=\"vertical-align: inherit\">-Fajitas <\/span><span style=\"vertical-align: inherit\">-Filete <\/span><span style=\"vertical-align: inherit\">Bebidas de cortes\u00eda a bordo del <\/span><span style=\"vertical-align: inherit\">jeep (AGUA Y REFRESCO)<\/span><\/span><\/p>\n<p><span style=\"vertical-align: inherit\"><span style=\"vertical-align: inherit\">\u2013 No incluye acceso a Punta Sur, <\/span><\/span><br \/>\n<span style=\"vertical-align: inherit\"><span style=\"vertical-align: inherit\">\u2013 No incluye bebidas en el club de playa, solo a bordo del jeep.<\/span><\/span><\/p>\n<p><span style=\"vertical-align: inherit\"><span style=\"vertical-align: inherit\">\u2013 IMPRESCINDIBLE MOSTRAR PERMISO DE CONDUCIR PARA EL CONDUCTOR<\/span><\/span><\/p>\n<p><span style=\"vertical-align: inherit\"><span style=\"vertical-align: inherit\">\u2013 El itinerario puede ser modificado sin aviso previo por condiciones clim\u00e1ticas o restricciones de las autoridades por el COVID.<\/span><\/span><\/p>","protected":false},"excerpt":{"rendered":"<p><span style=\"vertical-align: inherit\"><span style=\"vertical-align: inherit\">\u2013 Transporte redondo recojo en su hotel, en camioneta con aire acondicionado <\/span><\/span><br \/>\n<span style=\"vertical-align: inherit\"><span style=\"vertical-align: inherit\">\u2013 Cruce en ferry redondo \u2013 <\/span><\/span><br \/>\n<span style=\"vertical-align: inherit\"><span style=\"vertical-align: inherit\">TOUR EN JEEP <\/span><\/span><br \/>\n<span style=\"vertical-align: inherit\"><span style=\"vertical-align: inherit\">\u2013 Visita a la tequila <\/span><\/span><br \/>\n<span style=\"vertical-align: inherit\"><span style=\"vertical-align: inherit\">\u2013 Visita a San Mart\u00edn <\/span><\/span><br \/>\n<span style=\"vertical-align: inherit\"><span style=\"vertical-align: inherit\">\u2013 Visita a Chen Rio \u2013 <\/span><span style=\"vertical-align: inherit\">Equipo de snorkel <\/span><\/span><br \/>\n<span style=\"vertical-align: inherit\"><span style=\"vertical-align: inherit\">Mirador de Cozumel <\/span><span style=\"vertical-align: inherit\">\u2013 Chalecos <\/span><span style=\"vertical-align: inherit\">\u2013 Viseras <\/span><span style=\"vertical-align: inherit\">\u2013 Aletas <\/span><span style=\"vertical-align: inherit\">\u2013 Esn\u00f3rquel <\/span><span style=\"vertical-align: inherit\">COMIDA <\/span><span style=\"vertical-align: inherit\">-Quesadillas <\/span><span style=\"vertical-align: inherit\">-Fajitas <\/span><span style=\"vertical-align: inherit\">-Filete <\/span><span style=\"vertical-align: inherit\">Bebidas de cortes\u00eda a bordo del <\/span><span style=\"vertical-align: inherit\">jeep (AGUA Y REFRESCO)<\/span><\/span><\/p>\n<p><span style=\"vertical-align: inherit\"><span style=\"vertical-align: inherit\">\u2013 No incluye acceso a Punta Sur, <\/span><\/span><br \/>\n<span style=\"vertical-align: inherit\"><span style=\"vertical-align: inherit\">\u2013 No incluye bebidas en el club de playa, solo a bordo del jeep.<\/span><\/span><\/p>\n<p><span style=\"vertical-align: inherit\"><span style=\"vertical-align: inherit\">\u2013 IMPRESCINDIBLE MOSTRAR PERMISO DE CONDUCIR PARA EL CONDUCTOR<\/span><\/span><\/p>\n<p><span style=\"vertical-align: inherit\"><span style=\"vertical-align: inherit\">\u2013 El itinerario puede ser modificado sin aviso previo por condiciones clim\u00e1ticas o restricciones de las autoridades por el COVID.<\/span><\/span><\/p>","protected":false},"featured_media":6869,"comment_status":"open","ping_status":"closed","template":"","meta":{"site-sidebar-layout":"default","site-content-layout":"default","ast-site-content-layout":"default","site-content-style":"default","site-sidebar-style":"default","ast-global-header-display":"","ast-banner-title-visibility":"","ast-main-header-display":"","ast-hfb-above-header-display":"","ast-hfb-below-header-display":"","ast-hfb-mobile-header-display":"","site-post-title":"","ast-breadcrumbs-content":"","ast-featured-img":"","footer-sml-layout":"","theme-transparent-header-meta":"default","adv-header-id-meta":"","stick-header-meta":"","header-above-stick-meta":"","header-main-stick-meta":"","header-below-stick-meta":"","astra-migrate-meta-layouts":"default","ast-page-background-enabled":"default","ast-page-background-meta":{"desktop":{"background-color":"","background-image":"","background-repeat":"repeat","background-position":"center center","background-size":"auto","background-attachment":"scroll","background-type":"","background-media":"","overlay-type":"","overlay-color":"","overlay-opacity":"","overlay-gradient":""},"tablet":{"background-color":"","background-image":"","background-repeat":"repeat","background-position":"center center","background-size":"auto","background-attachment":"scroll","background-type":"","background-media":"","overlay-type":"","overlay-color":"","overlay-opacity":"","overlay-gradient":""},"mobile":{"background-color":"","background-image":"","background-repeat":"repeat","background-position":"center center","background-size":"auto","background-attachment":"scroll","background-type":"","background-media":"","overlay-type":"","overlay-color":"","overlay-opacity":"","overlay-gradient":""}},"ast-content-background-meta":{"desktop":{"background-color":"var(--ast-global-color-5)","background-image":"","background-repeat":"repeat","background-position":"center center","background-size":"auto","background-attachment":"scroll","background-type":"","background-media":"","overlay-type":"","overlay-color":"","overlay-opacity":"","overlay-gradient":""},"tablet":{"background-color":"var(--ast-global-color-5)","background-image":"","background-repeat":"repeat","background-position":"center center","background-size":"auto","background-attachment":"scroll","background-type":"","background-media":"","overlay-type":"","overlay-color":"","overlay-opacity":"","overlay-gradient":""},"mobile":{"background-color":"var(--ast-global-color-5)","background-image":"","background-repeat":"repeat","background-position":"center center","background-size":"auto","background-attachment":"scroll","background-type":"","background-media":"","overlay-type":"","overlay-color":"","overlay-opacity":"","overlay-gradient":""}},"_joinchat":[]},"product_brand":[],"product_cat":[15,38,39,42,45,33,34,41,40,24],"product_tag":[],"class_list":{"0":"post-6686","1":"product","2":"type-product","3":"status-publish","4":"has-post-thumbnail","6":"product_cat-uncategorized","7":"product_cat-aqs","8":"product_cat-cun","9":"product_cat-czm","10":"product_cat-ecoturism-cenotes","11":"product_cat-extreme","12":"product_cat-family","13":"product_cat-pdc","14":"product_cat-rm","15":"product_cat-tours","16":"desktop-align-left","17":"tablet-align-left","18":"mobile-align-left","20":"first","21":"instock","22":"sale","23":"featured","24":"taxable","25":"shipping-taxable","26":"product-type-grouped"},"_links":{"self":[{"href":"https:\/\/respaldar.easytravelmexico.com\/es\/wp-json\/wp\/v2\/product\/6686","targetHints":{"allow":["GET"]}}],"collection":[{"href":"https:\/\/respaldar.easytravelmexico.com\/es\/wp-json\/wp\/v2\/product"}],"about":[{"href":"https:\/\/respaldar.easytravelmexico.com\/es\/wp-json\/wp\/v2\/types\/product"}],"replies":[{"embeddable":true,"href":"https:\/\/respaldar.easytravelmexico.com\/es\/wp-json\/wp\/v2\/comments?post=6686"}],"version-history":[{"count":8,"href":"https:\/\/respaldar.easytravelmexico.com\/es\/wp-json\/wp\/v2\/product\/6686\/revisions"}],"predecessor-version":[{"id":7750,"href":"https:\/\/respaldar.easytravelmexico.com\/es\/wp-json\/wp\/v2\/product\/6686\/revisions\/7750"}],"wp:featuredmedia":[{"embeddable":true,"href":"https:\/\/respaldar.easytravelmexico.com\/es\/wp-json\/wp\/v2\/media\/6869"}],"wp:attachment":[{"href":"https:\/\/respaldar.easytravelmexico.com\/es\/wp-json\/wp\/v2\/media?parent=6686"}],"wp:term":[{"taxonomy":"product_brand","embeddable":true,"href":"https:\/\/respaldar.easytravelmexico.com\/es\/wp-json\/wp\/v2\/product_brand?post=6686"},{"taxonomy":"product_cat","embeddable":true,"href":"https:\/\/respaldar.easytravelmexico.com\/es\/wp-json\/wp\/v2\/product_cat?post=6686"},{"taxonomy":"product_tag","embeddable":true,"href":"https:\/\/respaldar.easytravelmexico.com\/es\/wp-json\/wp\/v2\/product_tag?post=6686"}],"curies":[{"name":"wp","href":"https:\/\/api.w.org\/{rel}","templated":true}]}}