{"id":7132,"date":"2022-05-16T20:14:30","date_gmt":"2022-05-16T20:14:30","guid":{"rendered":"https:\/\/outlet-tours.com\/?post_type=product&#038;p=7132"},"modified":"2025-05-25T23:23:45","modified_gmt":"2025-05-25T23:23:45","slug":"holbox-ferry-punta-mosquito","status":"publish","type":"product","link":"https:\/\/respaldar.easytravelmexico.com\/es\/producto\/holbox-ferry-punta-mosquito\/","title":{"rendered":"Ferry HOLBOX Punta Mosquito Tour"},"content":{"rendered":"<p>Holbox is home to flamingos, pelicans, and other rich birdlife. Holbox Island is part of the Yum Balam Biosphere Reserve.\u00a0 The small fishers&#8217; island is a growing tourist industry in the form of whale shark viewing. Lobster is the main product of this fishing and many of the dishes made on the island center around lobster or other seafood. The last few years is taking a lot of attention from the beautiful virgin beach, amazing whale shark tours, and many new eco-friendly hotel industry.<\/p>\n<p>HOLBOX Ferry Punta Mosquito<br \/>\nIncluye<br \/>\n+ Transporte ida y vuelta<br \/>\n+ Gu\u00eda Tur\u00edstico Biling\u00fce<br \/>\n+ Round trip ferry from Chiquila<br \/>\n+ Shared Golf cart or one Single bicycle (3 hours to visit Holbox)<br \/>\n+ Visit Punta Mosquito 1 hour<br \/>\n+ Visit Punta Coco 1 hour<br \/>\nIncluye:<br \/>\n+ Almuerzo para llevar<br \/>\n+ 1 Drink (soda, Beer, or lemonade)<\/p>\n<p>No incluido:<br \/>\n+ Dinner<\/p>","protected":false},"excerpt":{"rendered":"<p>Holbox Island is a rustic fishers&#8217; island full of virgin areas and exotic tropical wildlife.\u00a0 The last few years is taking a lot of attention from the beautiful virgin beach, amazing whale shark tours, Lobster &amp; and a growing new eco-friendly hotel industry. There are no cars, nor trucks, transportation on the island is on motorcycles bicycles, or golf carts.<\/p>\n<p>HOLBOX Ferry Punta Mosquito<br \/>\nIncluye<br \/>\n+ Transporte ida y vuelta<br \/>\n+ Gu\u00eda Tur\u00edstico Biling\u00fce<br \/>\n+ Round trip ferry from Chiquila<br \/>\n+ Shared Golf cart or one Single bicycle (3 hours to visit Holbox)<br \/>\n+ Visit Punta Mosquito 1 hour<br \/>\n+ Visit Punta Coco 1 hour<br \/>\nIncluye:<br \/>\n+ Almuerzo para llevar<br \/>\n+ 1 Drink (soda, Beer, or lemonade)<\/p>\n<p>No incluido:<br \/>\n+ Dinner<\/p>\n<p><strong>Start time: 7:20 am<\/strong>Le informaremos la hora de recogida que es de acuerdo a la ubicaci\u00f3n de su hotel.<\/p>\n<p>Te recogeremos en tu Hotel (opcional) Te avisaremos.<\/p>\n<table style=\"border-collapse: collapse;width: 371px;height: 128px\" border=\"0\" width=\"160\" cellspacing=\"0\" cellpadding=\"0\">\n<tbody>\n<tr style=\"height: 15.0pt\">\n<td style=\"height: 15.0pt;width: 60pt\" width=\"80\" height=\"20\"><img fetchpriority=\"high\" decoding=\"async\" class=\"alignnone size-medium wp-image-4141\" src=\"https:\/\/respaldar.easytravelmexico.com\/wp-content\/uploads\/2021\/12\/1-Imagen1.5-300x170.png\" alt=\"\" width=\"300\" height=\"170\" \/><\/td>\n<td style=\"width: 60pt\" width=\"80\"><strong>40 USD FOR EACH PERSON<\/strong><\/td>\n<\/tr>\n<\/tbody>\n<\/table>","protected":false},"featured_media":7841,"comment_status":"open","ping_status":"closed","template":"","meta":{"site-sidebar-layout":"default","site-content-layout":"default","ast-site-content-layout":"default","site-content-style":"default","site-sidebar-style":"default","ast-global-header-display":"","ast-banner-title-visibility":"","ast-main-header-display":"","ast-hfb-above-header-display":"","ast-hfb-below-header-display":"","ast-hfb-mobile-header-display":"","site-post-title":"","ast-breadcrumbs-content":"","ast-featured-img":"","footer-sml-layout":"","theme-transparent-header-meta":"default","adv-header-id-meta":"","stick-header-meta":"","header-above-stick-meta":"","header-main-stick-meta":"","header-below-stick-meta":"","astra-migrate-meta-layouts":"default","ast-page-background-enabled":"default","ast-page-background-meta":{"desktop":{"background-color":"","background-image":"","background-repeat":"repeat","background-position":"center center","background-size":"auto","background-attachment":"scroll","background-type":"","background-media":"","overlay-type":"","overlay-color":"","overlay-opacity":"","overlay-gradient":""},"tablet":{"background-color":"","background-image":"","background-repeat":"repeat","background-position":"center center","background-size":"auto","background-attachment":"scroll","background-type":"","background-media":"","overlay-type":"","overlay-color":"","overlay-opacity":"","overlay-gradient":""},"mobile":{"background-color":"","background-image":"","background-repeat":"repeat","background-position":"center center","background-size":"auto","background-attachment":"scroll","background-type":"","background-media":"","overlay-type":"","overlay-color":"","overlay-opacity":"","overlay-gradient":""}},"ast-content-background-meta":{"desktop":{"background-color":"var(--ast-global-color-5)","background-image":"","background-repeat":"repeat","background-position":"center center","background-size":"auto","background-attachment":"scroll","background-type":"","background-media":"","overlay-type":"","overlay-color":"","overlay-opacity":"","overlay-gradient":""},"tablet":{"background-color":"var(--ast-global-color-5)","background-image":"","background-repeat":"repeat","background-position":"center center","background-size":"auto","background-attachment":"scroll","background-type":"","background-media":"","overlay-type":"","overlay-color":"","overlay-opacity":"","overlay-gradient":""},"mobile":{"background-color":"var(--ast-global-color-5)","background-image":"","background-repeat":"repeat","background-position":"center center","background-size":"auto","background-attachment":"scroll","background-type":"","background-media":"","overlay-type":"","overlay-color":"","overlay-opacity":"","overlay-gradient":""}},"_joinchat":[]},"product_brand":[],"product_cat":[38,39,45,34,41,32,24],"product_tag":[],"class_list":{"0":"post-7132","1":"product","2":"type-product","3":"status-publish","4":"has-post-thumbnail","6":"product_cat-aqs","7":"product_cat-cun","8":"product_cat-ecoturism-cenotes","9":"product_cat-family","10":"product_cat-pdc","11":"product_cat-sightseeing","12":"product_cat-tours","13":"desktop-align-left","14":"tablet-align-left","15":"mobile-align-left","17":"first","18":"instock","19":"sale","20":"featured","21":"taxable","22":"shipping-taxable","23":"product-type-grouped"},"_links":{"self":[{"href":"https:\/\/respaldar.easytravelmexico.com\/es\/wp-json\/wp\/v2\/product\/7132","targetHints":{"allow":["GET"]}}],"collection":[{"href":"https:\/\/respaldar.easytravelmexico.com\/es\/wp-json\/wp\/v2\/product"}],"about":[{"href":"https:\/\/respaldar.easytravelmexico.com\/es\/wp-json\/wp\/v2\/types\/product"}],"replies":[{"embeddable":true,"href":"https:\/\/respaldar.easytravelmexico.com\/es\/wp-json\/wp\/v2\/comments?post=7132"}],"version-history":[{"count":9,"href":"https:\/\/respaldar.easytravelmexico.com\/es\/wp-json\/wp\/v2\/product\/7132\/revisions"}],"predecessor-version":[{"id":7850,"href":"https:\/\/respaldar.easytravelmexico.com\/es\/wp-json\/wp\/v2\/product\/7132\/revisions\/7850"}],"wp:featuredmedia":[{"embeddable":true,"href":"https:\/\/respaldar.easytravelmexico.com\/es\/wp-json\/wp\/v2\/media\/7841"}],"wp:attachment":[{"href":"https:\/\/respaldar.easytravelmexico.com\/es\/wp-json\/wp\/v2\/media?parent=7132"}],"wp:term":[{"taxonomy":"product_brand","embeddable":true,"href":"https:\/\/respaldar.easytravelmexico.com\/es\/wp-json\/wp\/v2\/product_brand?post=7132"},{"taxonomy":"product_cat","embeddable":true,"href":"https:\/\/respaldar.easytravelmexico.com\/es\/wp-json\/wp\/v2\/product_cat?post=7132"},{"taxonomy":"product_tag","embeddable":true,"href":"https:\/\/respaldar.easytravelmexico.com\/es\/wp-json\/wp\/v2\/product_tag?post=7132"}],"curies":[{"name":"wp","href":"https:\/\/api.w.org\/{rel}","templated":true}]}}