{"id":7138,"date":"2022-05-16T20:21:32","date_gmt":"2022-05-16T20:21:32","guid":{"rendered":"https:\/\/outlet-tours.com\/?post_type=product&#038;p=7138"},"modified":"2022-06-17T22:35:54","modified_gmt":"2022-06-17T22:35:54","slug":"cozumel-submarino","status":"publish","type":"product","link":"https:\/\/respaldar.easytravelmexico.com\/es\/producto\/cozumel-submarino\/","title":{"rendered":"Tour Submarino Cozumel"},"content":{"rendered":"<p>Cozumel es un destino tur\u00edstico, donde los visitantes pueden disfrutar de sus balnearios, buceo y snorkel, y de sus maravillas naturales. El pueblo principal es San Miguel de Cozumel. Es la isla m\u00e1s visitada por cruceros. Sin duda, es la isla m\u00e1s grande de M\u00e9xico.<\/p>\n<p>El \u00fanico submarino de M\u00e9xico dise\u00f1ado para que los turistas exploren la vida tropical del Caribe. Misterios, como el barco hundido Felipe Xicot\u00e9ncatl y la ca\u00edda vertical de 122 metros, conocida cari\u00f1osamente como El Muro, cobran vida al observar las profundidades a trav\u00e9s de una de sus 26 portillas. As\u00ed es, es un submarino real. En algunos de los lugares con mayor vida marina. Cuente la historia de sus vacaciones para siempre despu\u00e9s de un tour con Atlantis Submarines. \u00danase a los escasos 1% de la poblaci\u00f3n mundial para viajar a m\u00e1s de 30 metros bajo la superficie y descubrir las maravillas de las profundidades.<\/p>\n<p>&nbsp;<\/p>\n<p>Incluye<br \/>\n+ Transporte ida y vuelta<br \/>\n+ Ferry Ida y Vuelta a Cozumel<br \/>\n+ Transporte en taxi desde el muelle del ferry hasta la Marina<br \/>\n+ Gu\u00eda Tur\u00edstico Biling\u00fce<br \/>\n+ Paseo en submarino 1 hora y 30 min<br \/>\n+ Visita al pueblo de Cozumel 2 horas de tiempo libre<br \/>\nIncluye:<br \/>\n+ Almuerzo para llevar<br \/>\n+ Almuerzo en el Beach Club<br \/>\n+ 1 Bebida (refresco, cerveza o limonada)<\/p>\n<p>No incluido:<br \/>\n+ Bebidas<br \/>\n+ Taxi de regreso al muelle del ferry.<\/p>\n<p>Los ni\u00f1os deben medir al menos 90 cm de altura.<\/p>","protected":false},"excerpt":{"rendered":"<p>El \u00fanico submarino de M\u00e9xico dise\u00f1ado para que los turistas exploren la vida tropical del Caribe. Cuente la historia de sus vacaciones para siempre despu\u00e9s de un tour con Atlantis Submarines. \u00danase a los escasos 1% de la poblaci\u00f3n mundial para viajar a m\u00e1s de 30 metros bajo la superficie y descubrir las maravillas de las profundidades.<\/p>\n<p>Submarino de Cozumel<\/p>\n<p>Incluye<br \/>\n+ Transporte ida y vuelta<br \/>\n+ Ferry Ida y Vuelta a Cozumel<br \/>\n+ Transporte en taxi desde el muelle del ferry hasta la Marina<br \/>\n+ Gu\u00eda Tur\u00edstico Biling\u00fce<br \/>\n+ Paseo en submarino 1 hora y 30 min<br \/>\n+ Visita al pueblo de Cozumel 2 horas de tiempo libre<br \/>\nIncluye:<br \/>\n+ Almuerzo para llevar<br \/>\n+ Almuerzo en el Beach Club<br \/>\n+ 1 Bebida (refresco, cerveza o limonada)<\/p>\n<p>No incluido:<br \/>\n+ Bebidas<br \/>\n+ Taxi de regreso al muelle del ferry.<\/p>\n<p>Los ni\u00f1os deben medir al menos 90 cm de altura.<\/p>\n<p><strong>Hora de inicio: 8:20 am<\/strong>Le informaremos la hora de recogida que es de acuerdo a la ubicaci\u00f3n de su hotel.<\/p>\n<p>Te recogeremos en tu Hotel (opcional) Te avisaremos.<\/p>\n<table style=\"border-collapse: collapse;width: 371px;height: 128px\" border=\"0\" width=\"160\" cellspacing=\"0\" cellpadding=\"0\">\n<tbody>\n<tr style=\"height: 15.0pt\">\n<td style=\"height: 15.0pt;width: 60pt\" width=\"80\" height=\"20\"><img fetchpriority=\"high\" decoding=\"async\" class=\"alignnone size-medium wp-image-4141\" src=\"https:\/\/respaldar.easytravelmexico.com\/wp-content\/uploads\/2021\/12\/1-Imagen1.5-300x170.png\" alt=\"\" width=\"300\" height=\"170\" \/><\/td>\n<td style=\"width: 60pt\" width=\"80\"><strong>46 USD POR CADA PERSONA<\/strong><\/td>\n<\/tr>\n<\/tbody>\n<\/table>\n<p>&nbsp;<\/p>","protected":false},"featured_media":7852,"comment_status":"open","ping_status":"closed","template":"","meta":{"site-sidebar-layout":"default","site-content-layout":"default","ast-site-content-layout":"default","site-content-style":"default","site-sidebar-style":"default","ast-global-header-display":"","ast-banner-title-visibility":"","ast-main-header-display":"","ast-hfb-above-header-display":"","ast-hfb-below-header-display":"","ast-hfb-mobile-header-display":"","site-post-title":"","ast-breadcrumbs-content":"","ast-featured-img":"","footer-sml-layout":"","theme-transparent-header-meta":"default","adv-header-id-meta":"","stick-header-meta":"","header-above-stick-meta":"","header-main-stick-meta":"","header-below-stick-meta":"","astra-migrate-meta-layouts":"default","ast-page-background-enabled":"default","ast-page-background-meta":{"desktop":{"background-color":"","background-image":"","background-repeat":"repeat","background-position":"center center","background-size":"auto","background-attachment":"scroll","background-type":"","background-media":"","overlay-type":"","overlay-color":"","overlay-opacity":"","overlay-gradient":""},"tablet":{"background-color":"","background-image":"","background-repeat":"repeat","background-position":"center center","background-size":"auto","background-attachment":"scroll","background-type":"","background-media":"","overlay-type":"","overlay-color":"","overlay-opacity":"","overlay-gradient":""},"mobile":{"background-color":"","background-image":"","background-repeat":"repeat","background-position":"center center","background-size":"auto","background-attachment":"scroll","background-type":"","background-media":"","overlay-type":"","overlay-color":"","overlay-opacity":"","overlay-gradient":""}},"ast-content-background-meta":{"desktop":{"background-color":"var(--ast-global-color-5)","background-image":"","background-repeat":"repeat","background-position":"center center","background-size":"auto","background-attachment":"scroll","background-type":"","background-media":"","overlay-type":"","overlay-color":"","overlay-opacity":"","overlay-gradient":""},"tablet":{"background-color":"var(--ast-global-color-5)","background-image":"","background-repeat":"repeat","background-position":"center center","background-size":"auto","background-attachment":"scroll","background-type":"","background-media":"","overlay-type":"","overlay-color":"","overlay-opacity":"","overlay-gradient":""},"mobile":{"background-color":"var(--ast-global-color-5)","background-image":"","background-repeat":"repeat","background-position":"center center","background-size":"auto","background-attachment":"scroll","background-type":"","background-media":"","overlay-type":"","overlay-color":"","overlay-opacity":"","overlay-gradient":""}},"_joinchat":[]},"product_brand":[],"product_cat":[38,39,42,45,34,41,40,32,24],"product_tag":[],"class_list":{"0":"post-7138","1":"product","2":"type-product","3":"status-publish","4":"has-post-thumbnail","6":"product_cat-aqs","7":"product_cat-cun","8":"product_cat-czm","9":"product_cat-ecoturism-cenotes","10":"product_cat-family","11":"product_cat-pdc","12":"product_cat-rm","13":"product_cat-sightseeing","14":"product_cat-tours","15":"desktop-align-left","16":"tablet-align-left","17":"mobile-align-left","19":"first","20":"instock","21":"sale","22":"featured","23":"taxable","24":"shipping-taxable","25":"product-type-grouped"},"_links":{"self":[{"href":"https:\/\/respaldar.easytravelmexico.com\/es\/wp-json\/wp\/v2\/product\/7138","targetHints":{"allow":["GET"]}}],"collection":[{"href":"https:\/\/respaldar.easytravelmexico.com\/es\/wp-json\/wp\/v2\/product"}],"about":[{"href":"https:\/\/respaldar.easytravelmexico.com\/es\/wp-json\/wp\/v2\/types\/product"}],"replies":[{"embeddable":true,"href":"https:\/\/respaldar.easytravelmexico.com\/es\/wp-json\/wp\/v2\/comments?post=7138"}],"version-history":[{"count":8,"href":"https:\/\/respaldar.easytravelmexico.com\/es\/wp-json\/wp\/v2\/product\/7138\/revisions"}],"predecessor-version":[{"id":7856,"href":"https:\/\/respaldar.easytravelmexico.com\/es\/wp-json\/wp\/v2\/product\/7138\/revisions\/7856"}],"wp:featuredmedia":[{"embeddable":true,"href":"https:\/\/respaldar.easytravelmexico.com\/es\/wp-json\/wp\/v2\/media\/7852"}],"wp:attachment":[{"href":"https:\/\/respaldar.easytravelmexico.com\/es\/wp-json\/wp\/v2\/media?parent=7138"}],"wp:term":[{"taxonomy":"product_brand","embeddable":true,"href":"https:\/\/respaldar.easytravelmexico.com\/es\/wp-json\/wp\/v2\/product_brand?post=7138"},{"taxonomy":"product_cat","embeddable":true,"href":"https:\/\/respaldar.easytravelmexico.com\/es\/wp-json\/wp\/v2\/product_cat?post=7138"},{"taxonomy":"product_tag","embeddable":true,"href":"https:\/\/respaldar.easytravelmexico.com\/es\/wp-json\/wp\/v2\/product_tag?post=7138"}],"curies":[{"name":"wp","href":"https:\/\/api.w.org\/{rel}","templated":true}]}}