{"id":7386,"date":"2022-06-01T21:54:37","date_gmt":"2022-06-01T21:54:37","guid":{"rendered":"https:\/\/outlet-tours.com\/?post_type=product&#038;p=7386"},"modified":"2022-06-14T03:28:15","modified_gmt":"2022-06-14T03:28:15","slug":"xplor-admission-tour-with-transportation","status":"publish","type":"product","link":"https:\/\/respaldar.easytravelmexico.com\/es\/producto\/xplor-admission-tour-with-transportation\/","title":{"rendered":"Tour de admisi\u00f3n a Xplor (con transporte)"},"content":{"rendered":"<p>Vu\u00e9lvete loco, siente la energ\u00eda, convi\u00e9rtete en un explorador, aventurero y s\u00e9 extremo al menos una vez. Caminar o nadar (o ambos) en las profundidades de las cuevas. Los r\u00edos subterr\u00e1neos y las cavernas se formaron a trav\u00e9s de milenios, agregamos algunas luces y caminos para que sea seguro. Explora la jungla maya, nuestros todo terreno son divertidos veh\u00edculos anfibios. Las tirolinas son las m\u00e1s altas y largas. No hay l\u00edmite en las veces que puedes retomar cualquiera de las actividades. Si el hambre de un hombre de las cavernas se apodera de ti, un amplio buffet de opciones est\u00e1 listo. Todo el equipo de seguridad lo proporcionaremos. Hay 4 actividades principales que lo mantendr\u00e1n ocupado todo el d\u00eda: Tirolesas: una aventura a\u00e9rea de 3,5 kil\u00f3metros de largo, puentes colgantes y refrescantes desembarcos de agua en cenotes naturales. Veh\u00edculos Anfibios: Aventura en veh\u00edculos anfibios 4x4 (para 2 adultos y 2 ni\u00f1os). Balsas subterr\u00e1neas: Rema con tus propias manos. Nado en el r\u00edo en un cenote subterr\u00e1neo: viaje en aguas cristalinas nadando con chaleco salvavidas y casco para observar incre\u00edbles formaciones rocosas.<\/p>\n<p><strong>Incluye:<\/strong><\/p>\n<p>Transporte de ida y vuelta<br \/>\nCircuitos con tirolesas, las m\u00e1s altas de Riviera Maya.<br \/>\nVeh\u00edculo anfibio para conducir por la selva y cuevas inundadas.<br \/>\nNueva actividad: Expedici\u00f3n Subterr\u00e1nea. 800 yardas de una divertida aventura cavernosa.<br \/>\nRemar con remos de mano especiales a lo largo de un r\u00edo subterr\u00e1neo.<br \/>\nR\u00edo de estalactitas Nade dentro de cuevas antiguas.<br \/>\nSalpicadura de hamaca.<br \/>\nCaminata de espeleolog\u00eda.<br \/>\nSnacks y bebidas no alcoh\u00f3licas ilimitadas (galletas de avena, frutas, batidos y aguas frescas de sabores).<br \/>\nAlmuerzo buffet.<br \/>\nCasilleros<br \/>\n\u00c1reas de descanso, vestidores y sanitarios.<br \/>\nOtros servicios (WiFi, cajero autom\u00e1tico y tiendas).<br \/>\nAparcamiento (gratuito).<\/p>\n<p><strong>\u00a0 \u00a0 \u00a0Recomendaciones<\/strong><br \/>\nRecuerda traer tu comprobante de compra impreso.<br \/>\nUse traje de ba\u00f1o, zapatos para el agua y use repelente de insectos. Llevar una muda extra de ropa y una toalla.<br \/>\nSolo se permite en el parque el uso de bloqueadores y protectores solares que contengan \u00f3xido de titanio y \u00f3xido de zinc.<br \/>\nLleve dinero en efectivo o una tarjeta de cr\u00e9dito para comprar recuerdos o fotograf\u00edas de su visita.<\/p>\n<p><strong>\u00a0 \u00a0 \u00a0 \u00a0 \u00a0Informaci\u00f3n importante<\/strong><br \/>\nNi\u00f1os Ni\u00f1os<br \/>\nDe 5 a 11 a\u00f1os, mayores de 1,50 m pero menores de 12 a\u00f1os, deber\u00e1n presentar una identificaci\u00f3n para verificar su edad en las taquillas del parque.<br \/>\nAlgunas actividades no son adecuadas para mujeres embarazadas.<br \/>\nCiertas actividades del parque no son recomendables si sufres de problemas card\u00edacos, miedo a las alturas, dolor de espalda; o si se est\u00e1 recuperando de una<br \/>\ncirug\u00eda reciente, o si se marea f\u00e1cilmente.<br \/>\nPara las Tirolesas la altura m\u00ednima requerida es de 3.6 ft. El peso m\u00ednimo requerido es de 88 lbs y un m\u00e1ximo de 300 lbs. La capacidad de circunferencia del cintur\u00f3n del arn\u00e9s es de 47 pulgadas (120 cm) y 25 pulgadas (65 cm) para las piernas. En el caso de los ni\u00f1os, el arn\u00e9s debe ajustarse correctamente y tener una altura m\u00ednima de 3,6 pies (1,10 m). De lo contrario, por su propia seguridad, no podr\u00e1n realizar la actividad.<br \/>\nLa transportaci\u00f3n desde Canc\u00fan, Playa del Carmen y Riviera Maya est\u00e1 incluida si la agregas al momento de la compra.<br \/>\nLas reservas canceladas con m\u00e1s de dos d\u00edas de anticipaci\u00f3n a la fecha de la visita est\u00e1n sujetas a una tarifa administrativa 10%. Las reservas canceladas en 2 d\u00edas o menos antes de la fecha de la visita, o en caso de no presentarse, no son reembolsables.<br \/>\nNo es posible realizar cambios de fecha el mismo d\u00eda de tu visita.<\/p>\n<p><strong>\u00a0 \u00a0 \u00a0 \u00a0No incluido:<\/strong><br \/>\nFotos,<br \/>\nProductos en tienda de regalos y souvenirs.<br \/>\nOtras actividades opcionales<\/p>\n<p><strong>\u00a0 \u00a0 \u00a0 \u00a0Que traer:<\/strong><br \/>\nLlevar traje de ba\u00f1o, zapatos para el agua y ropa c\u00f3moda. Llevar una muda extra de ropa y una toalla.<br \/>\nSolo se permite en el parque el uso de bloqueador solar y bloqueador solar que contenga \u00f3xido de titanio y \u00f3xido de zinc.<br \/>\nRecuerde traer efectivo o tarjeta de cr\u00e9dito para comprar souvenirs, obtenga las fotos de<br \/>\ntu visita, o disfrutar de una Actividad Opcional.<\/p>\n<p><strong>\u00a0 \u00a0 \u00a0 Notas importantes:<\/strong><br \/>\nNo accesible para sillas de ruedas<br \/>\nNo recomendado para viajeros con problemas de espalda.<br \/>\nNo recomendado para mujeres embarazadas.<br \/>\nSin problemas card\u00edacos u otras condiciones m\u00e9dicas graves.<\/p>\n<p><strong> \u00a0 Antes de reservar<\/strong><br \/>\nLos ni\u00f1os de m\u00e1s de 4,5 pies pero menores de 12 a\u00f1os tambi\u00e9n deben mostrar una identificaci\u00f3n para verificar su edad.<br \/>\nActividad de d\u00eda completo el parque abre a las 9.00 horas y cierra a las 17.00 horas.<br \/>\nDisponible<br \/>\nSolo de lunes a s\u00e1bado<\/p>\n<p>&nbsp;<\/p>","protected":false},"excerpt":{"rendered":"<p>Vu\u00e9lvete loco, siente la energ\u00eda, convi\u00e9rtete en un explorador, aventurero y s\u00e9 extremo al menos una vez. Caminar o nadar (o ambos) en las profundidades de las cuevas. Los r\u00edos subterr\u00e1neos y las cavernas se formaron a trav\u00e9s de milenios, agregamos algunas luces y caminos para que sea seguro. Explora la jungla maya, nuestros todo terreno son divertidos veh\u00edculos anfibios. Las tirolinas son las m\u00e1s altas y largas. No hay l\u00edmite en las veces que puedes retomar cualquiera de las actividades. Si el hambre de un hombre de las cavernas se apodera de ti, un amplio buffet de opciones est\u00e1 listo. Todo el equipo de seguridad lo proporcionaremos.<\/p>\n<p>Los ni\u00f1os de m\u00e1s de 4,5 pies pero menores de 12 a\u00f1os tambi\u00e9n deben mostrar una identificaci\u00f3n para verificar su edad.<br \/>\nActividad de d\u00eda completo el parque abre a las 9.00 horas y cierra a las 17.00 horas.<br \/>\nDisponible<br \/>\nSolo de lunes a s\u00e1bado<\/p>","protected":false},"featured_media":4041,"comment_status":"open","ping_status":"closed","template":"","meta":{"site-sidebar-layout":"default","site-content-layout":"default","ast-site-content-layout":"default","site-content-style":"default","site-sidebar-style":"default","ast-global-header-display":"","ast-banner-title-visibility":"","ast-main-header-display":"","ast-hfb-above-header-display":"","ast-hfb-below-header-display":"","ast-hfb-mobile-header-display":"","site-post-title":"","ast-breadcrumbs-content":"","ast-featured-img":"","footer-sml-layout":"","theme-transparent-header-meta":"default","adv-header-id-meta":"","stick-header-meta":"default","header-above-stick-meta":"","header-main-stick-meta":"","header-below-stick-meta":"","astra-migrate-meta-layouts":"default","ast-page-background-enabled":"default","ast-page-background-meta":{"desktop":{"background-color":"","background-image":"","background-repeat":"repeat","background-position":"center center","background-size":"auto","background-attachment":"scroll","background-type":"","background-media":"","overlay-type":"","overlay-color":"","overlay-opacity":"","overlay-gradient":""},"tablet":{"background-color":"","background-image":"","background-repeat":"repeat","background-position":"center center","background-size":"auto","background-attachment":"scroll","background-type":"","background-media":"","overlay-type":"","overlay-color":"","overlay-opacity":"","overlay-gradient":""},"mobile":{"background-color":"","background-image":"","background-repeat":"repeat","background-position":"center center","background-size":"auto","background-attachment":"scroll","background-type":"","background-media":"","overlay-type":"","overlay-color":"","overlay-opacity":"","overlay-gradient":""}},"ast-content-background-meta":{"desktop":{"background-color":"var(--ast-global-color-5)","background-image":"","background-repeat":"repeat","background-position":"center center","background-size":"auto","background-attachment":"scroll","background-type":"","background-media":"","overlay-type":"","overlay-color":"","overlay-opacity":"","overlay-gradient":""},"tablet":{"background-color":"var(--ast-global-color-5)","background-image":"","background-repeat":"repeat","background-position":"center center","background-size":"auto","background-attachment":"scroll","background-type":"","background-media":"","overlay-type":"","overlay-color":"","overlay-opacity":"","overlay-gradient":""},"mobile":{"background-color":"var(--ast-global-color-5)","background-image":"","background-repeat":"repeat","background-position":"center center","background-size":"auto","background-attachment":"scroll","background-type":"","background-media":"","overlay-type":"","overlay-color":"","overlay-opacity":"","overlay-gradient":""}},"_joinchat":[]},"product_brand":[],"product_cat":[38,39,45,33,41,44,24,37],"product_tag":[],"class_list":{"0":"post-7386","1":"product","2":"type-product","3":"status-publish","4":"has-post-thumbnail","6":"product_cat-aqs","7":"product_cat-cun","8":"product_cat-ecoturism-cenotes","9":"product_cat-extreme","10":"product_cat-pdc","11":"product_cat-theme-parks","12":"product_cat-tours","13":"product_cat-xcaret-parks","14":"desktop-align-left","15":"tablet-align-left","16":"mobile-align-left","18":"first","19":"instock","20":"featured","21":"taxable","22":"shipping-taxable","23":"product-type-grouped"},"_links":{"self":[{"href":"https:\/\/respaldar.easytravelmexico.com\/es\/wp-json\/wp\/v2\/product\/7386","targetHints":{"allow":["GET"]}}],"collection":[{"href":"https:\/\/respaldar.easytravelmexico.com\/es\/wp-json\/wp\/v2\/product"}],"about":[{"href":"https:\/\/respaldar.easytravelmexico.com\/es\/wp-json\/wp\/v2\/types\/product"}],"replies":[{"embeddable":true,"href":"https:\/\/respaldar.easytravelmexico.com\/es\/wp-json\/wp\/v2\/comments?post=7386"}],"version-history":[{"count":2,"href":"https:\/\/respaldar.easytravelmexico.com\/es\/wp-json\/wp\/v2\/product\/7386\/revisions"}],"predecessor-version":[{"id":8537,"href":"https:\/\/respaldar.easytravelmexico.com\/es\/wp-json\/wp\/v2\/product\/7386\/revisions\/8537"}],"wp:featuredmedia":[{"embeddable":true,"href":"https:\/\/respaldar.easytravelmexico.com\/es\/wp-json\/wp\/v2\/media\/4041"}],"wp:attachment":[{"href":"https:\/\/respaldar.easytravelmexico.com\/es\/wp-json\/wp\/v2\/media?parent=7386"}],"wp:term":[{"taxonomy":"product_brand","embeddable":true,"href":"https:\/\/respaldar.easytravelmexico.com\/es\/wp-json\/wp\/v2\/product_brand?post=7386"},{"taxonomy":"product_cat","embeddable":true,"href":"https:\/\/respaldar.easytravelmexico.com\/es\/wp-json\/wp\/v2\/product_cat?post=7386"},{"taxonomy":"product_tag","embeddable":true,"href":"https:\/\/respaldar.easytravelmexico.com\/es\/wp-json\/wp\/v2\/product_tag?post=7386"}],"curies":[{"name":"wp","href":"https:\/\/api.w.org\/{rel}","templated":true}]}}