{"id":7875,"date":"2022-06-27T17:00:18","date_gmt":"2022-06-27T17:00:18","guid":{"rendered":"https:\/\/outlet-tours.com\/?post_type=product&#038;p=7875"},"modified":"2022-06-30T17:03:41","modified_gmt":"2022-06-30T17:03:41","slug":"chichen-itza-valladolid-cenote-deluxe-tour-cancun","status":"publish","type":"product","link":"https:\/\/respaldar.easytravelmexico.com\/es\/producto\/chichen-itza-valladolid-cenote-deluxe-tour-cancun\/","title":{"rendered":"Tour Chich\u00e9n Itz\u00e1 \u2013 Valladolid \u2013 Cenote DeLuxe Canc\u00fan"},"content":{"rendered":"<p>Si quieres un tour todo incluido a Chich\u00e9n Itz\u00e1, \u00a1esta excursi\u00f3n es para ti! En el transporte, disfrutar\u00e1s de un desayuno ligero y todas las bebidas que desees. Despu\u00e9s, tendr\u00e1s una hora y media para explorar la zona arqueol\u00f3gica con un gu\u00eda certificado.<\/p>\n<p>M\u00e1s tarde, podr\u00e1s nadar y refrescarte si lo deseas en el Cenote Xcajum, sum\u00e9rgete en una aventura maya. Despu\u00e9s del chapuz\u00f3n, te esperan deliciosas especialidades de la cocina yucateca en el buffet.<\/p>\n<p>Esta excursi\u00f3n tambi\u00e9n incluye una parada en Valladolid, una hermosa ciudad colonial de Yucat\u00e1n. Desde su plaza central, contemplar\u00e1s el apacible ritmo de vida de este lugar.<\/p>\n<p class=\"translation-block\">CHICH\u00c9N ITZ\u00c1. DESCUBRA EL SITIO ARQUEOL\u00d3GICO MAYA M\u00c1S POPULAR, EXCURSI\u00d3N DE UN D\u00cdA COMPLETO, VIAJE EN EL TIEMPO M\u00c1S DE MIL A\u00d1OS, APRENDA C\u00d3MO LOS ASTR\u00d3NOMOS MAYAS SORPRENDEN A NUESTRO CIENT\u00cdFICO MODERNO. VISITA LA CIUDAD COLONIAL DE VALLADOLID, Y NADA EN UN CENOTE, TE ATRAER\u00c1 ENTRAR. EXPERIENCIA INOLVIDABLE. COMPARTA EN LAS REDES SOCIALES A TODOS C\u00d3MO LO EXPERIMENT\u00d3.<\/p>\n<p><strong>Incluir<\/strong><\/p>\n<div class=\"wpb_column vc_column_container vc_col-sm-6\">\n<div class=\"vc_column-inner\">\n<div class=\"wpb_wrapper\">\n<div class=\"wpb_text_column wpb_content_element\">\n<div class=\"wpb_wrapper\">\n<ul class=\"md-ul-white-fix\">\n<li>Tarifa de entrada a Chich\u00e9n Itz\u00e1<\/li>\n<li>Impuesto a Chich\u00e9n Itz\u00e1 (30 USD)<\/li>\n<li>Recogida en el hotel (traslado de ida y vuelta en furgoneta o autob\u00fas con aire acondicionado)<\/li>\n<li>Gu\u00eda biling\u00fce del INAH en la zona arqueol\u00f3gica<\/li>\n<li>Bebidas ilimitadas a bordo (refrescos, cerveza y agua)<\/li>\n<li>Box lunch a bordo (bolsa con un desayuno ligero)<\/li>\n<li>Whisky, Tequila, Xtabentun (bebida a base de miel)<\/li>\n<li>Camarero a bordo **<\/li>\n<li>Sombrillas en Chich\u00e9n Itz\u00e1<\/li>\n<li>Una hora y media en Chich\u00e9n Itz\u00e1<\/li>\n<li>Visita guiada de una hora y media al sitio arqueol\u00f3gico*<\/li>\n<li>Comida buffet<\/li>\n<li>Tarifa de entrada al cenote Xcajum<\/li>\n<li>Toallas en el Cenote<\/li>\n<li>Parada de 45 minutos en Valladolid*<\/li>\n<li>*Los tiempos son estimados.<\/li>\n<li>**Solo para recorridos en autob\u00fas<\/li>\n<\/ul>\n<\/div>\n<\/div>\n<\/div>\n<\/div>\n<\/div>\n<div class=\"wpb_column vc_column_container vc_col-sm-6\">\n<div class=\"vc_column-inner\">\n<div class=\"wpb_wrapper\">\n<div class=\"wpb_text_column wpb_content_element\">\n<div class=\"wpb_wrapper\"><\/div>\n<\/div>\n<\/div>\n<\/div>\n<\/div>\n<div class=\"vc_row wpb_row vc_inner vc_row-fluid\">\n<div class=\"wpb_column vc_column_container vc_col-sm-12\">\n<div class=\"vc_column-inner\">\n<div class=\"wpb_wrapper\">\n<div class=\"wpb_text_column wpb_content_element\">\n<div class=\"wpb_wrapper\">\n<h2>Con coste adicional:<\/h2>\n<p>Si alg\u00fan servicio es de tu inter\u00e9s pregunta a nuestros asesores de chat<\/p>\n<\/div>\n<\/div>\n<\/div>\n<\/div>\n<\/div>\n<\/div>\n<div class=\"vc_row wpb_row vc_inner vc_row-fluid md-row-tour-description-desk\">\n<div class=\"wpb_column vc_column_container vc_col-sm-6\">\n<div class=\"vc_column-inner\">\n<div class=\"wpb_wrapper\">\n<div class=\"wpb_text_column wpb_content_element\">\n<div class=\"wpb_wrapper\">\n<p>Servicios de fotograf\u00eda o v\u00eddeo.<\/p>\n<p>Toallas en el cenote<\/p>\n<p>S\u00e1ndwiches, ni bebidas, ni ning\u00fan tipo de comida en el parque fuera de las incluidas en las comidas del buffet.<\/p>\n<p>Otras actividades en Chich\u00e9n Itz\u00e1, ni en Valladolid<\/p>\n<\/div>\n<\/div>\n<\/div>\n<\/div>\n<\/div>\n<div class=\"wpb_column vc_column_container vc_col-sm-6\">\n<div class=\"vc_column-inner\">\n<div class=\"wpb_wrapper\">\n<div class=\"wpb_text_column wpb_content_element\">\n<div class=\"wpb_wrapper\">\n<p>Consejos.<\/p>\n<p>Ni souvenirs, ni artesan\u00edas, ni ropa<\/p>\n<p>Cualquier otro producto o servicio no mencionado en la lista de inclusiones<\/p>\n<div class=\"vc_row wpb_row vc_inner vc_row-fluid\">\n<div class=\"wpb_column vc_column_container vc_col-sm-12\">\n<div class=\"vc_column-inner\">\n<div class=\"wpb_wrapper\">\n<div class=\"wpb_text_column wpb_content_element\">\n<div class=\"wpb_wrapper\">\n<h2>Inf\u00f3rmese antes de reservar:<\/h2>\n<\/div>\n<\/div>\n<\/div>\n<\/div>\n<\/div>\n<\/div>\n<div class=\"vc_row wpb_row vc_inner vc_row-fluid\">\n<div class=\"wpb_column vc_column_container vc_col-sm-6\">\n<div class=\"vc_column-inner\">\n<div class=\"wpb_wrapper\">\n<div class=\"wpb_text_column wpb_content_element\">\n<div class=\"wpb_wrapper\">\n<p>Tenemos salidas diarias a Chich\u00e9n Itz\u00e1<\/p>\n<p>El horario de recogida comienza entre las 06:45 am y las 07:30 am dependiendo de la ubicaci\u00f3n de su hotel o punto de encuentro.<\/p>\n<p>El recorrido comienza a las 11:15 am*<\/p>\n<p>Haremos una parada de 45 minutos en Valladolid*<\/p>\n<p>La visita guiada a Chich\u00e9n Itz\u00e1 tiene una duraci\u00f3n de una hora y media*<\/p>\n<p>Visita al Cenote Xcajum para nadar y disfrutar de la comida buffet tiene una duraci\u00f3n aproximada de 3 horas*<\/p>\n<p>La hora de regreso a Canc\u00fan es a las 9:00 pm*<\/p>\n<\/div>\n<\/div>\n<\/div>\n<\/div>\n<\/div>\n<div class=\"wpb_column vc_column_container vc_col-sm-6\">\n<div class=\"vc_column-inner\">\n<div class=\"wpb_wrapper\">\n<div class=\"wpb_text_column wpb_content_element\">\n<div class=\"wpb_wrapper\">\n<p>Por favor llame al n\u00famero indicado en nuestra p\u00e1gina de inicio para resolver cualquier duda o inquietud.<\/p>\n<p>La hora exacta y el lugar de recogida del transporte se enviar\u00e1n por correo electr\u00f3nico al finalizar el proceso de reserva.<\/p>\n<p>Las tarifas para ni\u00f1os son v\u00e1lidas para ni\u00f1os entre 4 y 11 a\u00f1os.<\/p>\n<p>Los ni\u00f1os de hasta tres a\u00f1os no pagan<\/p>\n<p>Los ni\u00f1os que midan m\u00e1s de 1,40 m pero menos de 12 a\u00f1os deber\u00e1n presentar una identificaci\u00f3n con fotograf\u00eda v\u00e1lida para corroborar su edad.<\/p>\n<p>*Los tiempos son estimados.<\/p>\n<div class=\"vc_row wpb_row vc_inner vc_row-fluid\">\n<div class=\"wpb_column vc_column_container vc_col-sm-12\">\n<div class=\"vc_column-inner\">\n<div class=\"wpb_wrapper\">\n<div class=\"wpb_text_column wpb_content_element\">\n<div class=\"wpb_wrapper\">\n<h2>Recomendaciones:<\/h2>\n<\/div>\n<\/div>\n<\/div>\n<\/div>\n<\/div>\n<\/div>\n<div class=\"vc_row wpb_row vc_inner vc_row-fluid\">\n<div class=\"wpb_column vc_column_container vc_col-sm-6\">\n<div class=\"vc_column-inner\">\n<div class=\"wpb_wrapper\">\n<div class=\"wpb_text_column wpb_content_element\">\n<div class=\"wpb_wrapper\">\n<ul class=\"md-ul-white-fix\">\n<li>Lleva contigo cierta cantidad de efectivo para productos y servicios no incluidos en el paquete.<\/li>\n<li>Evite llevar mochilas o bolsos pesados o voluminosos<\/li>\n<li>Use ropa y zapatos c\u00f3modos, as\u00ed como gafas de sol.<\/li>\n<li>Trae una gorra o sombrero fresco para protegerte del sol.<\/li>\n<\/ul>\n<\/div>\n<\/div>\n<\/div>\n<\/div>\n<\/div>\n<div class=\"wpb_column vc_column_container vc_col-sm-6\">\n<div class=\"vc_column-inner\">\n<div class=\"wpb_wrapper\">\n<div class=\"wpb_text_column wpb_content_element\">\n<div class=\"wpb_wrapper\">\n<ul class=\"md-ul-white-fix\">\n<li>Recuerda utilizar protector solar biodegradable<\/li>\n<li>Traer zapatos para el agua y traje de ba\u00f1o.<\/li>\n<li>Si padece alg\u00fan problema de salud o discapacidad f\u00edsica, por favor p\u00f3ngase en contacto con nosotros antes de reservar para que podamos asesorarle al respecto.<\/li>\n<\/ul>\n<\/div>\n<\/div>\n<\/div>\n<\/div>\n<\/div>\n<\/div>\n<\/div>\n<\/div>\n<\/div>\n<\/div>\n<\/div>\n<\/div>\n<\/div>\n<\/div>\n<\/div>\n<\/div>\n<\/div>\n<\/div>\n<p>&nbsp;<\/p>","protected":false},"excerpt":{"rendered":"<p>Si quieres un tour todo incluido a Chich\u00e9n Itz\u00e1, \u00a1esta excursi\u00f3n es para ti! En el transporte, disfrutar\u00e1s de un desayuno ligero y todas las bebidas que desees. Despu\u00e9s, tendr\u00e1s una hora y media para explorar la zona arqueol\u00f3gica con un gu\u00eda certificado.<\/p>\n<p>M\u00e1s tarde, podr\u00e1s nadar y refrescarte si lo deseas en el Cenote Xcajum, sum\u00e9rgete en una aventura maya. Despu\u00e9s del chapuz\u00f3n, te esperan deliciosas especialidades de la cocina yucateca en el buffet.<\/p>\n<p>Esta excursi\u00f3n tambi\u00e9n incluye una parada en Valladolid, una hermosa ciudad colonial de Yucat\u00e1n. Desde su plaza central, contemplar\u00e1s el apacible ritmo de vida de este lugar.<\/p>","protected":false},"featured_media":7882,"comment_status":"open","ping_status":"closed","template":"","meta":{"site-sidebar-layout":"default","site-content-layout":"default","ast-site-content-layout":"default","site-content-style":"default","site-sidebar-style":"default","ast-global-header-display":"","ast-banner-title-visibility":"","ast-main-header-display":"","ast-hfb-above-header-display":"","ast-hfb-below-header-display":"","ast-hfb-mobile-header-display":"","site-post-title":"","ast-breadcrumbs-content":"","ast-featured-img":"","footer-sml-layout":"","theme-transparent-header-meta":"default","adv-header-id-meta":"","stick-header-meta":"","header-above-stick-meta":"","header-main-stick-meta":"","header-below-stick-meta":"","astra-migrate-meta-layouts":"default","ast-page-background-enabled":"default","ast-page-background-meta":{"desktop":{"background-color":"","background-image":"","background-repeat":"repeat","background-position":"center center","background-size":"auto","background-attachment":"scroll","background-type":"","background-media":"","overlay-type":"","overlay-color":"","overlay-opacity":"","overlay-gradient":""},"tablet":{"background-color":"","background-image":"","background-repeat":"repeat","background-position":"center center","background-size":"auto","background-attachment":"scroll","background-type":"","background-media":"","overlay-type":"","overlay-color":"","overlay-opacity":"","overlay-gradient":""},"mobile":{"background-color":"","background-image":"","background-repeat":"repeat","background-position":"center center","background-size":"auto","background-attachment":"scroll","background-type":"","background-media":"","overlay-type":"","overlay-color":"","overlay-opacity":"","overlay-gradient":""}},"ast-content-background-meta":{"desktop":{"background-color":"var(--ast-global-color-5)","background-image":"","background-repeat":"repeat","background-position":"center center","background-size":"auto","background-attachment":"scroll","background-type":"","background-media":"","overlay-type":"","overlay-color":"","overlay-opacity":"","overlay-gradient":""},"tablet":{"background-color":"var(--ast-global-color-5)","background-image":"","background-repeat":"repeat","background-position":"center center","background-size":"auto","background-attachment":"scroll","background-type":"","background-media":"","overlay-type":"","overlay-color":"","overlay-opacity":"","overlay-gradient":""},"mobile":{"background-color":"var(--ast-global-color-5)","background-image":"","background-repeat":"repeat","background-position":"center center","background-size":"auto","background-attachment":"scroll","background-type":"","background-media":"","overlay-type":"","overlay-color":"","overlay-opacity":"","overlay-gradient":""}},"_joinchat":[]},"product_brand":[],"product_cat":[43,45,34,24],"product_tag":[],"class_list":{"0":"post-7875","1":"product","2":"type-product","3":"status-publish","4":"has-post-thumbnail","6":"product_cat-achaeological-tours","7":"product_cat-ecoturism-cenotes","8":"product_cat-family","9":"product_cat-tours","10":"desktop-align-left","11":"tablet-align-left","12":"mobile-align-left","14":"first","15":"instock","16":"sale","17":"featured","18":"taxable","19":"shipping-taxable","20":"product-type-grouped"},"_links":{"self":[{"href":"https:\/\/respaldar.easytravelmexico.com\/es\/wp-json\/wp\/v2\/product\/7875","targetHints":{"allow":["GET"]}}],"collection":[{"href":"https:\/\/respaldar.easytravelmexico.com\/es\/wp-json\/wp\/v2\/product"}],"about":[{"href":"https:\/\/respaldar.easytravelmexico.com\/es\/wp-json\/wp\/v2\/types\/product"}],"replies":[{"embeddable":true,"href":"https:\/\/respaldar.easytravelmexico.com\/es\/wp-json\/wp\/v2\/comments?post=7875"}],"version-history":[{"count":6,"href":"https:\/\/respaldar.easytravelmexico.com\/es\/wp-json\/wp\/v2\/product\/7875\/revisions"}],"predecessor-version":[{"id":7985,"href":"https:\/\/respaldar.easytravelmexico.com\/es\/wp-json\/wp\/v2\/product\/7875\/revisions\/7985"}],"wp:featuredmedia":[{"embeddable":true,"href":"https:\/\/respaldar.easytravelmexico.com\/es\/wp-json\/wp\/v2\/media\/7882"}],"wp:attachment":[{"href":"https:\/\/respaldar.easytravelmexico.com\/es\/wp-json\/wp\/v2\/media?parent=7875"}],"wp:term":[{"taxonomy":"product_brand","embeddable":true,"href":"https:\/\/respaldar.easytravelmexico.com\/es\/wp-json\/wp\/v2\/product_brand?post=7875"},{"taxonomy":"product_cat","embeddable":true,"href":"https:\/\/respaldar.easytravelmexico.com\/es\/wp-json\/wp\/v2\/product_cat?post=7875"},{"taxonomy":"product_tag","embeddable":true,"href":"https:\/\/respaldar.easytravelmexico.com\/es\/wp-json\/wp\/v2\/product_tag?post=7875"}],"curies":[{"name":"wp","href":"https:\/\/api.w.org\/{rel}","templated":true}]}}