{"id":7915,"date":"2022-06-28T20:55:17","date_gmt":"2022-06-28T20:55:17","guid":{"rendered":"https:\/\/outlet-tours.com\/?post_type=product&#038;p=7915"},"modified":"2025-05-25T22:18:00","modified_gmt":"2025-05-25T22:18:00","slug":"chichen-itza-plus-tour","status":"publish","type":"product","link":"https:\/\/respaldar.easytravelmexico.com\/es\/producto\/chichen-itza-plus-tour\/","title":{"rendered":"Chich\u00e9n Itz\u00e1 Plus Tour Canc\u00fan"},"content":{"rendered":"<p>\u00a1No puedes visitar Canc\u00fan sin explorar Chich\u00e9n Itz\u00e1! Chich\u00e9n Itz\u00e1, una de las Siete Maravillas del Mundo, es un recorrido imperdible por las ruinas mayas. Nuestro tour Chich\u00e9n Itz\u00e1 PLUS te lleva en una excursi\u00f3n de un d\u00eda sin estr\u00e9s desde Canc\u00fan con todo lo necesario para disfrutar de un d\u00eda perfecto en Yucat\u00e1n.<\/p>\n<p><strong>\u00a0Incluye:<\/strong><\/p>\n<ul>\n<li>Tarifa de entrada a Chich\u00e9n Itz\u00e1<\/li>\n<li>Impuesto a Chich\u00e9n Itz\u00e1 (30 USD)<\/li>\n<li>Recogida en el hotel o punto de encuentro (traslado de ida y vuelta en furgoneta o autob\u00fas con aire acondicionado)<\/li>\n<li>Gu\u00eda biling\u00fce oficial del INAH en la zona arqueol\u00f3gica.<\/li>\n<li>Bebidas ilimitadas a bordo (refrescos, cerveza y agua)<\/li>\n<li>Camarero a bordo **<\/li>\n<li>Una hora y media en Chich\u00e9n Itz\u00e1<\/li>\n<li>Visita guiada de una hora y media al sitio arqueol\u00f3gico*<\/li>\n<li>comida de buffet<\/li>\n<li>Entrada al Cenote Xcajum<\/li>\n<li>Parada de 45 minutos en Valladolid*<\/li>\n<\/ul>\n<p><strong>\u00a0 \u00a0 \u00a0 \u00a0 \u00a0 Opcional (cargo adicional)<\/strong><br \/>\n-Servicios de fotograf\u00eda o v\u00eddeo<br \/>\n-Toallas en el cenote<br \/>\n-S\u00e1ndwiches, bebidas o cualquier comida en el parque fuera de las inclusiones de comida buffet.<br \/>\n-Otras actividades en Chich\u00e9n Itz\u00e1, o en Valladolid<br \/>\n-consejos<br \/>\n-Recuerdos, o artesan\u00edas, o ropa.<br \/>\n-Cualquier otro producto o servicio no mencionado en la lista de inclusiones<\/p>\n<p><strong>\u00a0 \u00a0 \u00a0 \u00a0 \u00a0 \u00a0 \u00a0 \u00a0 Inf\u00f3rmate antes de reservar<\/strong><\/p>\n<p>El horario de recogida comienza entre las 06:45 a. m. y las 07:30 a. m., dependiendo de la ubicaci\u00f3n de su hotel o del punto de encuentro.<\/p>\n<p>El recorrido inicia a las 11:15 am en los sitios arqueol\u00f3gicos*<\/p>\n<p>Haremos una parada de 45 minutos en Valladolid*<\/p>\n<p>La visita guiada a Chich\u00e9n Itz\u00e1 tiene una duraci\u00f3n de una hora y media*<\/p>\n<p>Visita al Cenote Xcajum para nadar y disfrutar de la comida buffet tiene una duraci\u00f3n aproximada de 3 horas*<\/p>\n<p>La hora de regreso a Canc\u00fan es a las 9:00 pm*<\/p>\n<p>La hora y lugar exacto de recogida del transporte se enviar\u00e1 por correo electr\u00f3nico al final del proceso de reserva.<\/p>\n<p>Las tarifas para ni\u00f1os son v\u00e1lidas para ni\u00f1os entre 4 y 11 a\u00f1os.<\/p>\n<p>Los ni\u00f1os hasta tres a\u00f1os no pagan<\/p>\n<p>Los ni\u00f1os que midan m\u00e1s de 1,40 m pero menos de 12 a\u00f1os deben presentar una identificaci\u00f3n con fotograf\u00eda v\u00e1lida para verificar su edad.<\/p>\n<p>*Los tiempos son estimados.<\/p>\n<p><strong>\u00a0 \u00a0 \u00a0 \u00a0 \u00a0 \u00a0 \u00a0Recomendaciones:<\/strong><\/p>\n<ul>\n<li>Lleve consigo cierta cantidad de efectivo para productos y servicios no incluidos en el paquete.<\/li>\n<li>Evite llevar mochilas o bolsos pesados o voluminosos<\/li>\n<li>Use ropa y calzado c\u00f3modos, as\u00ed como gafas de sol.<\/li>\n<li>Trae una gorra o sombrero fresco para protegerte del sol.<\/li>\n<li>Recuerda utilizar protector solar biodegradable<\/li>\n<li>Traer toalla y traje de ba\u00f1o.<\/li>\n<li>Traer zapatos para el agua<\/li>\n<li>Si padece alg\u00fan problema de salud o discapacidad f\u00edsica, por favor p\u00f3ngase en contacto con nosotros antes de reservar para que podamos asesorarle al respecto.<\/li>\n<\/ul>","protected":false},"excerpt":{"rendered":"<p>\u00a1No puedes visitar Canc\u00fan sin explorar Chich\u00e9n Itz\u00e1! Chich\u00e9n Itz\u00e1, una de las Siete Maravillas del Mundo, es un recorrido imperdible por las ruinas mayas. Nuestro tour Chich\u00e9n Itz\u00e1 PLUS te lleva en una excursi\u00f3n de un d\u00eda sin estr\u00e9s desde Canc\u00fan con todo lo necesario para disfrutar de un d\u00eda perfecto en Yucat\u00e1n.<\/p>\n<p>Ser\u00e1s uno de los privilegiados al disfrutar de un recorrido y una visita sin multitudes en Chich\u00e9n Itz\u00e1. Podr\u00e1s disfrutar de una visita guiada con un experto biling\u00fce y aprender todo sobre esta incre\u00edble civilizaci\u00f3n y su impacto en el mundo. Descubrir\u00e1s los rincones ocultos de Chich\u00e9n Itz\u00e1 que no ver\u00e1s en un tour tradicional. Una hora y media en el sitio.<\/p>\n<p><strong>Las tarifas para ni\u00f1os son v\u00e1lidas para ni\u00f1os entre 4 y 11 a\u00f1os.\u00a0<\/strong><br \/>\n<strong>Los ni\u00f1os hasta tres a\u00f1os no pagan\u00a0<\/strong><br \/>\n<strong>Los ni\u00f1os que midan m\u00e1s de 1,40 m pero menos de 12 a\u00f1os deben presentar una identificaci\u00f3n con fotograf\u00eda v\u00e1lida para verificar su edad.<\/strong><\/p>\n<p>\u00a1El tour Chich\u00e9n Itz\u00e1 Plus incluye bebidas ilimitadas a bordo!<\/p>\n<p>Antes de conocer las ruinas mayas, haremos una visita de 45 minutos a la ciudad colonial de Valladolid (Pueblo M\u00e1gico de M\u00e9xico). Podr\u00e1s chapotear y refrescarte en el Cenote Xcajum todo lo que desees y disfrutar de un delicioso almuerzo buffet con especialidades regionales.<\/p>\n<p>&nbsp;<\/p>","protected":false},"featured_media":7933,"comment_status":"open","ping_status":"closed","template":"","meta":{"site-sidebar-layout":"default","site-content-layout":"default","ast-site-content-layout":"default","site-content-style":"default","site-sidebar-style":"default","ast-global-header-display":"","ast-banner-title-visibility":"","ast-main-header-display":"","ast-hfb-above-header-display":"","ast-hfb-below-header-display":"","ast-hfb-mobile-header-display":"","site-post-title":"","ast-breadcrumbs-content":"","ast-featured-img":"","footer-sml-layout":"","theme-transparent-header-meta":"default","adv-header-id-meta":"","stick-header-meta":"","header-above-stick-meta":"","header-main-stick-meta":"","header-below-stick-meta":"","astra-migrate-meta-layouts":"default","ast-page-background-enabled":"default","ast-page-background-meta":{"desktop":{"background-color":"","background-image":"","background-repeat":"repeat","background-position":"center center","background-size":"auto","background-attachment":"scroll","background-type":"","background-media":"","overlay-type":"","overlay-color":"","overlay-opacity":"","overlay-gradient":""},"tablet":{"background-color":"","background-image":"","background-repeat":"repeat","background-position":"center center","background-size":"auto","background-attachment":"scroll","background-type":"","background-media":"","overlay-type":"","overlay-color":"","overlay-opacity":"","overlay-gradient":""},"mobile":{"background-color":"","background-image":"","background-repeat":"repeat","background-position":"center center","background-size":"auto","background-attachment":"scroll","background-type":"","background-media":"","overlay-type":"","overlay-color":"","overlay-opacity":"","overlay-gradient":""}},"ast-content-background-meta":{"desktop":{"background-color":"var(--ast-global-color-5)","background-image":"","background-repeat":"repeat","background-position":"center center","background-size":"auto","background-attachment":"scroll","background-type":"","background-media":"","overlay-type":"","overlay-color":"","overlay-opacity":"","overlay-gradient":""},"tablet":{"background-color":"var(--ast-global-color-5)","background-image":"","background-repeat":"repeat","background-position":"center center","background-size":"auto","background-attachment":"scroll","background-type":"","background-media":"","overlay-type":"","overlay-color":"","overlay-opacity":"","overlay-gradient":""},"mobile":{"background-color":"var(--ast-global-color-5)","background-image":"","background-repeat":"repeat","background-position":"center center","background-size":"auto","background-attachment":"scroll","background-type":"","background-media":"","overlay-type":"","overlay-color":"","overlay-opacity":"","overlay-gradient":""}},"_joinchat":[]},"product_brand":[],"product_cat":[43,39,45,34,24],"product_tag":[],"class_list":{"0":"post-7915","1":"product","2":"type-product","3":"status-publish","4":"has-post-thumbnail","6":"product_cat-achaeological-tours","7":"product_cat-cun","8":"product_cat-ecoturism-cenotes","9":"product_cat-family","10":"product_cat-tours","11":"desktop-align-left","12":"tablet-align-left","13":"mobile-align-left","15":"first","16":"instock","17":"sale","18":"featured","19":"taxable","20":"shipping-taxable","21":"product-type-grouped"},"_links":{"self":[{"href":"https:\/\/respaldar.easytravelmexico.com\/es\/wp-json\/wp\/v2\/product\/7915","targetHints":{"allow":["GET"]}}],"collection":[{"href":"https:\/\/respaldar.easytravelmexico.com\/es\/wp-json\/wp\/v2\/product"}],"about":[{"href":"https:\/\/respaldar.easytravelmexico.com\/es\/wp-json\/wp\/v2\/types\/product"}],"replies":[{"embeddable":true,"href":"https:\/\/respaldar.easytravelmexico.com\/es\/wp-json\/wp\/v2\/comments?post=7915"}],"version-history":[{"count":5,"href":"https:\/\/respaldar.easytravelmexico.com\/es\/wp-json\/wp\/v2\/product\/7915\/revisions"}],"predecessor-version":[{"id":7981,"href":"https:\/\/respaldar.easytravelmexico.com\/es\/wp-json\/wp\/v2\/product\/7915\/revisions\/7981"}],"wp:featuredmedia":[{"embeddable":true,"href":"https:\/\/respaldar.easytravelmexico.com\/es\/wp-json\/wp\/v2\/media\/7933"}],"wp:attachment":[{"href":"https:\/\/respaldar.easytravelmexico.com\/es\/wp-json\/wp\/v2\/media?parent=7915"}],"wp:term":[{"taxonomy":"product_brand","embeddable":true,"href":"https:\/\/respaldar.easytravelmexico.com\/es\/wp-json\/wp\/v2\/product_brand?post=7915"},{"taxonomy":"product_cat","embeddable":true,"href":"https:\/\/respaldar.easytravelmexico.com\/es\/wp-json\/wp\/v2\/product_cat?post=7915"},{"taxonomy":"product_tag","embeddable":true,"href":"https:\/\/respaldar.easytravelmexico.com\/es\/wp-json\/wp\/v2\/product_tag?post=7915"}],"curies":[{"name":"wp","href":"https:\/\/api.w.org\/{rel}","templated":true}]}}