{"id":7917,"date":"2022-06-28T21:12:13","date_gmt":"2022-06-28T21:12:13","guid":{"rendered":"https:\/\/outlet-tours.com\/?post_type=product&#038;p=7917"},"modified":"2025-06-12T03:34:23","modified_gmt":"2025-06-12T03:34:23","slug":"chichen-itza-plus-tour-adult","status":"publish","type":"product","link":"https:\/\/respaldar.easytravelmexico.com\/es\/producto\/chichen-itza-plus-tour-adult\/","title":{"rendered":"Chich\u00e9n Itz\u00e1 Plus Tour Canc\u00fan Adulto"},"content":{"rendered":"<h2 class=\"vc_custom_heading\">What you can expect<\/h2>\n<div class=\"wpb_text_column wpb_content_element\">\n<div class=\"wpb_wrapper\">\n<p>You can\u2019t visit Cancun without exploring Chichen Itza! One of the new Seven Wonders of the World, Chichen Itza is a must-do Mayan ruins tour. Our Chichen Itza PLUS tour takes you on a stress-free day trip from Cancun with everything you need to enjoy a perfect day in the Yucatan.<\/p>\n<p>You will be one of the privileged ones to enjoy a tour and visit without crowds in Chichen Itza, you can enjoy a guided tour with a bilingual expert and learn all about this incredible civilization and its impact on the world. You will discover the hidden corners of Chichen Itza that you simply will not see on a regular tour! An hour and a half on the site.<\/p>\n<p>\u00a1El tour Chich\u00e9n Itz\u00e1 Plus incluye bebidas ilimitadas a bordo!<\/p>\n<p>Before experiencing the Mayan ruins, we will make a 45-minute visit to the colonial city of Valladolid (Magical Town of Mexico). You can splash around and cool off in Cenote Xcajum as much as you like and savor a DELICIOUS buffet lunch with regional specialties.<\/p>\n<div class=\"vc_row wpb_row vc_inner vc_row-fluid\">\n<div class=\"wpb_column vc_column_container vc_col-sm-12\">\n<div class=\"vc_column-inner\">\n<div class=\"wpb_wrapper\">\n<div class=\"wpb_text_column wpb_content_element\">\n<div class=\"wpb_wrapper\">\n<h2>Incluye:<\/h2>\n<\/div>\n<\/div>\n<\/div>\n<\/div>\n<\/div>\n<\/div>\n<div class=\"vc_row wpb_row vc_inner vc_row-fluid md-row-tour-description-desk\">\n<div class=\"wpb_column vc_column_container vc_col-sm-6\">\n<div class=\"vc_column-inner\">\n<div class=\"wpb_wrapper\">\n<div class=\"wpb_text_column wpb_content_element\">\n<div class=\"wpb_wrapper\">\n<ul class=\"md-ul-white-fix\">\n<li>Tarifa de entrada a Chich\u00e9n Itz\u00e1<\/li>\n<li>Impuesto a Chich\u00e9n Itz\u00e1 (30 USD)<\/li>\n<li>Recogida en el hotel (traslado de ida y vuelta en furgoneta o autob\u00fas con aire acondicionado)<\/li>\n<li>Gu\u00eda biling\u00fce del INAH en la zona arqueol\u00f3gica<\/li>\n<li>Unlimited beverages onboard (soft drinks, beer, and water)<\/li>\n<li>Camarero a bordo **<\/li>\n<li>Una hora y media en Chich\u00e9n Itz\u00e1<\/li>\n<li>An hour and a half guided tour of the archaeological site *<\/li>\n<li>Comida buffet<\/li>\n<li>Tarifa de entrada al cenote Xcajum<\/li>\n<li>Parada de 45 minutos en Valladolid*<\/li>\n<li>*Los tiempos son estimados.<\/li>\n<\/ul>\n<div class=\"vc_row wpb_row vc_inner vc_row-fluid\">\n<div class=\"wpb_column vc_column_container vc_col-sm-12\">\n<div class=\"vc_column-inner\">\n<div class=\"wpb_wrapper\">\n<div class=\"wpb_text_column wpb_content_element\">\n<div class=\"wpb_wrapper\">\n<h2>Con coste adicional:<\/h2>\n<p>Si alg\u00fan servicio es de tu inter\u00e9s pregunta a nuestros asesores de chat<\/p>\n<p><span style=\"font-size: 16px\">Photo or video services<\/span><\/p>\n<\/div>\n<\/div>\n<\/div>\n<\/div>\n<\/div>\n<\/div>\n<div class=\"vc_row wpb_row vc_inner vc_row-fluid md-row-tour-description-desk\">\n<div class=\"wpb_column vc_column_container vc_col-sm-6\">\n<div class=\"vc_column-inner\">\n<div class=\"wpb_wrapper\">\n<div class=\"wpb_text_column wpb_content_element class=&quot;md-ul-white-fix&quot;\">\n<div class=\"wpb_wrapper\">\n<p>Towels at the cenote<\/p>\n<p>S\u00e1ndwiches, ni bebidas, ni ning\u00fan tipo de comida en el parque fuera de las incluidas en las comidas del buffet.<\/p>\n<p>Otras actividades en Chich\u00e9n Itz\u00e1, ni en Valladolid<\/p>\n<\/div>\n<\/div>\n<\/div>\n<\/div>\n<\/div>\n<div class=\"wpb_column vc_column_container vc_col-sm-6\">\n<div class=\"vc_column-inner\">\n<div class=\"wpb_wrapper\">\n<div class=\"wpb_text_column wpb_content_element class=&quot;md-ul-white-fix&quot;\">\n<div class=\"wpb_wrapper\">\n<p>Propinas<\/p>\n<p>Ni souvenirs, ni artesan\u00edas, ni ropa<\/p>\n<p>Cualquier otro producto o servicio no mencionado en la lista de inclusiones<\/p>\n<\/div>\n<\/div>\n<\/div>\n<\/div>\n<\/div>\n<\/div>\n<\/div>\n<\/div>\n<\/div>\n<\/div>\n<\/div>\n<div class=\"wpb_column vc_column_container vc_col-sm-6\">\n<div class=\"vc_column-inner\">\n<div class=\"wpb_wrapper\">\n<div class=\"wpb_text_column wpb_content_element\">\n<div class=\"wpb_wrapper\">\n<div class=\"vc_row wpb_row vc_inner vc_row-fluid\">\n<div class=\"wpb_column vc_column_container vc_col-sm-12\">\n<div class=\"vc_column-inner\">\n<div class=\"wpb_wrapper\">\n<div class=\"wpb_text_column wpb_content_element\">\n<div class=\"wpb_wrapper\">\n<h2>Inf\u00f3rmese antes de reservar:<\/h2>\n<\/div>\n<\/div>\n<\/div>\n<\/div>\n<\/div>\n<\/div>\n<div class=\"vc_row wpb_row vc_inner vc_row-fluid\">\n<div class=\"wpb_column vc_column_container vc_col-sm-6\">\n<div class=\"vc_column-inner\">\n<div class=\"wpb_wrapper\">\n<div class=\"wpb_text_column wpb_content_element class=&quot;md-ul-white-fix&quot;\">\n<div class=\"wpb_wrapper\">\n<p>Tenemos salidas diarias a Chich\u00e9n Itz\u00e1<\/p>\n<p>El horario de recogida comienza entre las 06:45 am y las 07:30 am dependiendo de la ubicaci\u00f3n de su hotel o punto de encuentro.<\/p>\n<p>El recorrido comienza a las 11:15 am*<\/p>\n<p>Haremos una parada de 45 minutos en Valladolid*<\/p>\n<p>La visita guiada a Chich\u00e9n Itz\u00e1 tiene una duraci\u00f3n de una hora y media*<\/p>\n<p>Visita al Cenote Xcajum para nadar y disfrutar de la comida buffet tiene una duraci\u00f3n aproximada de 3 horas*<\/p>\n<p>The return time to Cancun is 9:00 pm *<\/p>\n<\/div>\n<\/div>\n<\/div>\n<\/div>\n<\/div>\n<div class=\"wpb_column vc_column_container vc_col-sm-6\">\n<div class=\"vc_column-inner\">\n<div class=\"wpb_wrapper\">\n<div class=\"wpb_text_column wpb_content_element class=&quot;md-ul-white-fix&quot;\">\n<div class=\"wpb_wrapper\">\n<p>Por favor llame al n\u00famero indicado en nuestra p\u00e1gina de inicio para resolver cualquier duda o inquietud.<\/p>\n<p>La hora exacta y el lugar de recogida del transporte se enviar\u00e1n por correo electr\u00f3nico al finalizar el proceso de reserva.<\/p>\n<p>Las tarifas para ni\u00f1os son v\u00e1lidas para ni\u00f1os entre 4 y 11 a\u00f1os.<\/p>\n<p>Los ni\u00f1os de hasta tres a\u00f1os no pagan<\/p>\n<p>Los ni\u00f1os que midan m\u00e1s de 1,40 m pero menos de 12 a\u00f1os deber\u00e1n presentar una identificaci\u00f3n con fotograf\u00eda v\u00e1lida para corroborar su edad.<\/p>\n<p>*Los tiempos son estimados.<\/p>\n<div class=\"vc_row wpb_row vc_inner vc_row-fluid\">\n<div class=\"wpb_column vc_column_container vc_col-sm-12\">\n<div class=\"vc_column-inner\">\n<div class=\"wpb_wrapper\">\n<div class=\"wpb_text_column wpb_content_element\">\n<div class=\"wpb_wrapper\">\n<h2>Recomendaciones:<\/h2>\n<\/div>\n<\/div>\n<\/div>\n<\/div>\n<\/div>\n<\/div>\n<div class=\"vc_row wpb_row vc_inner vc_row-fluid\">\n<div class=\"wpb_column vc_column_container vc_col-sm-6\">\n<div class=\"vc_column-inner\">\n<div class=\"wpb_wrapper\">\n<div class=\"wpb_text_column wpb_content_element\">\n<div class=\"wpb_wrapper\">\n<ul class=\"md-ul-white-fix\">\n<li>Lleva contigo cierta cantidad de efectivo para productos y servicios no incluidos en el paquete.<\/li>\n<li>Evite llevar mochilas o bolsos pesados o voluminosos<\/li>\n<li>Use ropa y zapatos c\u00f3modos, as\u00ed como gafas de sol.<\/li>\n<li>Trae una gorra o sombrero fresco para protegerte del sol.<\/li>\n<li>Recuerda utilizar protector solar biodegradable<\/li>\n<li>Traer toalla y traje de ba\u00f1o.<\/li>\n<li>Traer zapatos para el agua<\/li>\n<li>Si padece alg\u00fan problema de salud o discapacidad f\u00edsica, por favor p\u00f3ngase en contacto con nosotros antes de reservar para que podamos asesorarle al respecto.<\/li>\n<\/ul>\n<\/div>\n<\/div>\n<\/div>\n<\/div>\n<\/div>\n<\/div>\n<\/div>\n<\/div>\n<\/div>\n<\/div>\n<\/div>\n<\/div>\n<\/div>\n<\/div>\n<\/div>\n<\/div>\n<\/div>\n<\/div>\n<\/div>\n<\/div>","protected":false},"excerpt":{"rendered":"<h2 class=\"vc_custom_heading\">What you can expect<\/h2>\n<div class=\"wpb_text_column wpb_content_element\">\n<div class=\"wpb_wrapper\">\n<p>You can\u2019t visit Cancun without exploring Chichen Itza! One of the new Seven Wonders of the World, Chichen Itza is a must-do Mayan ruins tour. Our Chichen Itza PLUS tour takes you on a stress-free day trip from Cancun with everything you need to enjoy a perfect day in the Yucatan.<\/p>\n<p>You will be one of the privileged ones to enjoy a tour and visit without crowds in Chichen Itza, you can enjoy a guided tour with a bilingual expert and learn all about this incredible civilization and its impact on the world. You will discover the hidden corners of Chichen Itza that you simply will not see on a regular tour! An hour and a half on the site.<\/p>\n<p>\u00a1El tour Chich\u00e9n Itz\u00e1 Plus incluye bebidas ilimitadas a bordo!<\/p>\n<p>Before experiencing the Mayan ruins, we will make a 45-minute visit to the colonial city of Valladolid (Magical Town of Mexico). You can splash around and cool off in Cenote Xcajum as much as you like and savor a DELICIOUS buffet lunch with regional specialties.<\/p>\n<\/div>\n<\/div>","protected":false},"featured_media":7939,"comment_status":"open","ping_status":"closed","template":"","meta":{"site-sidebar-layout":"default","site-content-layout":"default","ast-site-content-layout":"default","site-content-style":"default","site-sidebar-style":"default","ast-global-header-display":"","ast-banner-title-visibility":"","ast-main-header-display":"","ast-hfb-above-header-display":"","ast-hfb-below-header-display":"","ast-hfb-mobile-header-display":"","site-post-title":"","ast-breadcrumbs-content":"","ast-featured-img":"","footer-sml-layout":"","theme-transparent-header-meta":"default","adv-header-id-meta":"","stick-header-meta":"","header-above-stick-meta":"","header-main-stick-meta":"","header-below-stick-meta":"","astra-migrate-meta-layouts":"default","ast-page-background-enabled":"default","ast-page-background-meta":{"desktop":{"background-color":"","background-image":"","background-repeat":"repeat","background-position":"center center","background-size":"auto","background-attachment":"scroll","background-type":"","background-media":"","overlay-type":"","overlay-color":"","overlay-opacity":"","overlay-gradient":""},"tablet":{"background-color":"","background-image":"","background-repeat":"repeat","background-position":"center center","background-size":"auto","background-attachment":"scroll","background-type":"","background-media":"","overlay-type":"","overlay-color":"","overlay-opacity":"","overlay-gradient":""},"mobile":{"background-color":"","background-image":"","background-repeat":"repeat","background-position":"center center","background-size":"auto","background-attachment":"scroll","background-type":"","background-media":"","overlay-type":"","overlay-color":"","overlay-opacity":"","overlay-gradient":""}},"ast-content-background-meta":{"desktop":{"background-color":"var(--ast-global-color-5)","background-image":"","background-repeat":"repeat","background-position":"center center","background-size":"auto","background-attachment":"scroll","background-type":"","background-media":"","overlay-type":"","overlay-color":"","overlay-opacity":"","overlay-gradient":""},"tablet":{"background-color":"var(--ast-global-color-5)","background-image":"","background-repeat":"repeat","background-position":"center center","background-size":"auto","background-attachment":"scroll","background-type":"","background-media":"","overlay-type":"","overlay-color":"","overlay-opacity":"","overlay-gradient":""},"mobile":{"background-color":"var(--ast-global-color-5)","background-image":"","background-repeat":"repeat","background-position":"center center","background-size":"auto","background-attachment":"scroll","background-type":"","background-media":"","overlay-type":"","overlay-color":"","overlay-opacity":"","overlay-gradient":""}},"_joinchat":[]},"product_brand":[],"product_cat":[43,39,45,34,24],"product_tag":[],"class_list":{"0":"post-7917","1":"product","2":"type-product","3":"status-publish","4":"has-post-thumbnail","6":"product_cat-achaeological-tours","7":"product_cat-cun","8":"product_cat-ecoturism-cenotes","9":"product_cat-family","10":"product_cat-tours","11":"desktop-align-left","12":"tablet-align-left","13":"mobile-align-left","15":"first","16":"instock","17":"sale","18":"taxable","19":"shipping-taxable","20":"purchasable","21":"product-type-simple"},"_links":{"self":[{"href":"https:\/\/respaldar.easytravelmexico.com\/es\/wp-json\/wp\/v2\/product\/7917","targetHints":{"allow":["GET"]}}],"collection":[{"href":"https:\/\/respaldar.easytravelmexico.com\/es\/wp-json\/wp\/v2\/product"}],"about":[{"href":"https:\/\/respaldar.easytravelmexico.com\/es\/wp-json\/wp\/v2\/types\/product"}],"replies":[{"embeddable":true,"href":"https:\/\/respaldar.easytravelmexico.com\/es\/wp-json\/wp\/v2\/comments?post=7917"}],"version-history":[{"count":2,"href":"https:\/\/respaldar.easytravelmexico.com\/es\/wp-json\/wp\/v2\/product\/7917\/revisions"}],"predecessor-version":[{"id":7922,"href":"https:\/\/respaldar.easytravelmexico.com\/es\/wp-json\/wp\/v2\/product\/7917\/revisions\/7922"}],"wp:featuredmedia":[{"embeddable":true,"href":"https:\/\/respaldar.easytravelmexico.com\/es\/wp-json\/wp\/v2\/media\/7939"}],"wp:attachment":[{"href":"https:\/\/respaldar.easytravelmexico.com\/es\/wp-json\/wp\/v2\/media?parent=7917"}],"wp:term":[{"taxonomy":"product_brand","embeddable":true,"href":"https:\/\/respaldar.easytravelmexico.com\/es\/wp-json\/wp\/v2\/product_brand?post=7917"},{"taxonomy":"product_cat","embeddable":true,"href":"https:\/\/respaldar.easytravelmexico.com\/es\/wp-json\/wp\/v2\/product_cat?post=7917"},{"taxonomy":"product_tag","embeddable":true,"href":"https:\/\/respaldar.easytravelmexico.com\/es\/wp-json\/wp\/v2\/product_tag?post=7917"}],"curies":[{"name":"wp","href":"https:\/\/api.w.org\/{rel}","templated":true}]}}