{"id":86,"date":"2017-12-18T06:54:30","date_gmt":"2017-12-18T06:54:30","guid":{"rendered":"http:\/\/capatours.com\/product\/bright-gold-purse-with-chain\/"},"modified":"2022-07-04T23:04:12","modified_gmt":"2022-07-04T23:04:12","slug":"capitan-hook-barco-pirata-cola-de-langosta-a-la-parrilla","status":"publish","type":"product","link":"https:\/\/respaldar.easytravelmexico.com\/es\/producto\/capitan-hook-barco-pirata-cola-de-langosta-a-la-parrilla\/","title":{"rendered":"Capitan Hook - Pollo a la parrilla Adults"},"content":{"rendered":"<p><span style=\"font-weight: 400\">Capit\u00e1n Hook Grilled Chicken Adultos\u00a0<\/span><\/p>\n<p><span style=\"font-weight: 400\">Convi\u00e9rtete en el mas aut\u00e9ntico pirata por una noche, disfruta la cena y espect\u00e1culo a bordo de Los Galeones de Capit\u00e1n Hook.<\/span><\/p>\n<p><strong>Sarpamos todos los d\u00edas a las 7:00 pm. BARRA LIBRE NACIONAL DURANTE EL RECORRIDO\ny la OPCI\u00d3N DE CENA SELECCIONADA en\nBUFFET\nM\u00daSICA, JUEGOS Y CONCURSO.<\/strong><\/p>\n<p><span style=\"font-weight: 400\">Barra libre nacional durante el recorrido<br \/>\n<\/span><span style=\"font-weight: 400\">Su opci\u00f3n de cena seleccionada<br \/>\n<\/span><span style=\"font-weight: 400\">Buffet de acompa\u00f1amientos para tu cena<br \/>\n<\/span><span style=\"font-weight: 400\">M\u00fasica, juegos y concurso.<\/span><\/p>\n<p>&nbsp;<\/p>\n<p><span style=\"font-weight: 400\"><strong>recomendaciones del capit\u00e1n,<\/strong><br \/>\n<\/span><span style=\"font-weight: 400\">Recuerda que debes llegar 45 minutos antes de la hora de salida (19:00)<br \/>\n<\/span><span style=\"font-weight: 400\">No olvides traer tu identificaci\u00f3n oficial para confirmar tu identidad o para realizar cualquier pago con tarjeta.<br \/>\n<\/span><span style=\"font-weight: 400\">Recuerde, el pago del Recargo ($15USD por cada boleto de adulto y $8USD por cada boleto de ni\u00f1o de 2 a 12 a\u00f1os para el 1er y 2do ni\u00f1o. A partir del 3er ni\u00f1o el costo es de $10USD por ni\u00f1o) NO est\u00e1 incluido en el precio de la cena y debe ser pagado a la llegada antes de abordar el barco.<\/span><\/p>\n<p><span style=\"font-weight: 400\">ES IMPORTANTE UTILIZAR ROPA comoda Y CALZADO ADECUADO PARA NUESTRO RECORRIDO FAMILIAR<\/span><\/p>","protected":false},"excerpt":{"rendered":"<p><span style=\"font-weight: 400\">Convi\u00e9rtete en el mas aut\u00e9ntico pirata por una noche, disfruta la cena y espect\u00e1culo a bordo de Los Galeones de Capit\u00e1n Hook.<\/span><\/p>\n<p>&nbsp;<\/p>\n<p><span style=\"font-weight: 400\">Sarpamos todos los d\u00edas a las 7:00 pm. BARRA LIBRE NACIONAL DURANTE EL RECORRIDO\ny la OPCI\u00d3N DE CENA SELECCIONADA en\nBUFFET\nM\u00daSICA, JUEGOS Y CONCURSO.<br \/>\n<\/span><span style=\"font-weight: 400\">Barra libre nacional durante el recorrido<br \/>\n<\/span><span style=\"font-weight: 400\">Su opci\u00f3n de cena seleccionada<br \/>\n<\/span><span style=\"font-weight: 400\">Buffet de acompa\u00f1amientos para tu cena<br \/>\n<\/span><span style=\"font-weight: 400\">M\u00fasica, juegos y concurso.<\/span><\/p>\n<p>&nbsp;<\/p>","protected":false},"featured_media":4863,"comment_status":"open","ping_status":"closed","template":"","meta":{"site-sidebar-layout":"default","site-content-layout":"default","ast-site-content-layout":"default","site-content-style":"default","site-sidebar-style":"default","ast-global-header-display":"","ast-banner-title-visibility":"","ast-main-header-display":"","ast-hfb-above-header-display":"","ast-hfb-below-header-display":"","ast-hfb-mobile-header-display":"","site-post-title":"","ast-breadcrumbs-content":"","ast-featured-img":"","footer-sml-layout":"","theme-transparent-header-meta":"default","adv-header-id-meta":"","stick-header-meta":"default","header-above-stick-meta":"","header-main-stick-meta":"","header-below-stick-meta":"","astra-migrate-meta-layouts":"default","ast-page-background-enabled":"default","ast-page-background-meta":{"desktop":{"background-color":"","background-image":"","background-repeat":"repeat","background-position":"center center","background-size":"auto","background-attachment":"scroll","background-type":"","background-media":"","overlay-type":"","overlay-color":"","overlay-opacity":"","overlay-gradient":""},"tablet":{"background-color":"","background-image":"","background-repeat":"repeat","background-position":"center center","background-size":"auto","background-attachment":"scroll","background-type":"","background-media":"","overlay-type":"","overlay-color":"","overlay-opacity":"","overlay-gradient":""},"mobile":{"background-color":"","background-image":"","background-repeat":"repeat","background-position":"center center","background-size":"auto","background-attachment":"scroll","background-type":"","background-media":"","overlay-type":"","overlay-color":"","overlay-opacity":"","overlay-gradient":""}},"ast-content-background-meta":{"desktop":{"background-color":"var(--ast-global-color-5)","background-image":"","background-repeat":"repeat","background-position":"center center","background-size":"auto","background-attachment":"scroll","background-type":"","background-media":"","overlay-type":"","overlay-color":"","overlay-opacity":"","overlay-gradient":""},"tablet":{"background-color":"var(--ast-global-color-5)","background-image":"","background-repeat":"repeat","background-position":"center center","background-size":"auto","background-attachment":"scroll","background-type":"","background-media":"","overlay-type":"","overlay-color":"","overlay-opacity":"","overlay-gradient":""},"mobile":{"background-color":"var(--ast-global-color-5)","background-image":"","background-repeat":"repeat","background-position":"center center","background-size":"auto","background-attachment":"scroll","background-type":"","background-media":"","overlay-type":"","overlay-color":"","overlay-opacity":"","overlay-gradient":""}},"_joinchat":[]},"product_brand":[],"product_cat":[38,23],"product_tag":[],"class_list":{"0":"post-86","1":"product","2":"type-product","3":"status-publish","4":"has-post-thumbnail","6":"product_cat-aqs","7":"product_cat-night","8":"desktop-align-left","9":"tablet-align-left","10":"mobile-align-left","12":"first","13":"instock","14":"featured","15":"taxable","16":"shipping-taxable","17":"purchasable","18":"product-type-simple"},"_links":{"self":[{"href":"https:\/\/respaldar.easytravelmexico.com\/es\/wp-json\/wp\/v2\/product\/86","targetHints":{"allow":["GET"]}}],"collection":[{"href":"https:\/\/respaldar.easytravelmexico.com\/es\/wp-json\/wp\/v2\/product"}],"about":[{"href":"https:\/\/respaldar.easytravelmexico.com\/es\/wp-json\/wp\/v2\/types\/product"}],"replies":[{"embeddable":true,"href":"https:\/\/respaldar.easytravelmexico.com\/es\/wp-json\/wp\/v2\/comments?post=86"}],"version-history":[{"count":12,"href":"https:\/\/respaldar.easytravelmexico.com\/es\/wp-json\/wp\/v2\/product\/86\/revisions"}],"predecessor-version":[{"id":8001,"href":"https:\/\/respaldar.easytravelmexico.com\/es\/wp-json\/wp\/v2\/product\/86\/revisions\/8001"}],"wp:featuredmedia":[{"embeddable":true,"href":"https:\/\/respaldar.easytravelmexico.com\/es\/wp-json\/wp\/v2\/media\/4863"}],"wp:attachment":[{"href":"https:\/\/respaldar.easytravelmexico.com\/es\/wp-json\/wp\/v2\/media?parent=86"}],"wp:term":[{"taxonomy":"product_brand","embeddable":true,"href":"https:\/\/respaldar.easytravelmexico.com\/es\/wp-json\/wp\/v2\/product_brand?post=86"},{"taxonomy":"product_cat","embeddable":true,"href":"https:\/\/respaldar.easytravelmexico.com\/es\/wp-json\/wp\/v2\/product_cat?post=86"},{"taxonomy":"product_tag","embeddable":true,"href":"https:\/\/respaldar.easytravelmexico.com\/es\/wp-json\/wp\/v2\/product_tag?post=86"}],"curies":[{"name":"wp","href":"https:\/\/api.w.org\/{rel}","templated":true}]}}