{"id":95,"date":"2017-12-18T07:11:43","date_gmt":"2017-12-18T07:11:43","guid":{"rendered":"http:\/\/capatours.com\/product\/black-over-the-shoulder-handbag\/"},"modified":"2025-07-21T01:59:55","modified_gmt":"2025-07-21T01:59:55","slug":"atvs-horseback-riding-cenote-adult-tour","status":"publish","type":"product","link":"https:\/\/respaldar.easytravelmexico.com\/es\/producto\/atvs-horseback-riding-cenote-adult-tour\/","title":{"rendered":"Cuatrimotos Sencillo \u2013 Cabalgata &amp; Tour Cenote Adulto"},"content":{"rendered":"<p>Cabalgatas \u2013 Cuatrimotos y Cenote<\/p>\n<p>Combina todos ellos. 3 de las actividades m\u00e1s emocionantes. Si\u00e9ntete extremo, s\u00e9 extremo<\/p>\n<p>Comenzamos esta emocionante aventura con Cuatrimotos Individuales Contin\u00faa con 45 minutos de emoci\u00f3n llena de adrenalina en nuestras Cuatrimotos por senderos creados para la m\u00e1xima diversi\u00f3n y seguridad.<br \/>\nPaseo a Caballo: Explorando la Selva disfruta la aventura 35 min<br \/>\nCENOTE: Nadar\u00e1s en nuestro refrescante cenote y sus aguas cristalinas y disfrutar\u00e1s de 2 tirolesas acu\u00e1ticas antes de un delicioso snack para recuperar energ\u00edas en nuestra palapa principal.<\/p>\n<p><strong>Acerca de<\/strong><br \/>\nComenzamos esta emocionante aventura en la selva con 45 minutos de diversi\u00f3n en tirolesa en las copas de los \u00e1rboles, en la selva con 45 minutos de emoci\u00f3n llena de adrenalina en nuestras cuatrimotos por senderos creados para la m\u00e1xima diversi\u00f3n y seguridad y 45 minutos de cabalgata. . Nadar\u00e1s en nuestro refrescante cenote y sus aguas cristalinas y disfrutar\u00e1s antes de un delicioso snack para recuperar energ\u00edas en nuestra palapa principal.<\/p>\n<p>DEBE TENER 16 A\u00d1OS PARA CONDUCIR ATV<\/p>\n<p>Peso m\u00e1ximo 240 lb (110 kg) y m\u00ednimo 55 lb (20 kg)<br \/>\nNo se recomienda para personas con problemas de espalda, mujeres embarazadas o personas con limitaciones f\u00edsicas.<\/p>\n<p>Recogeremos desde el lobby de la mayoria de Hoteles (opcional)<\/p>\n<p><strong>\u00a0 \u00a0 \u00a0Incluye<\/strong><br \/>\nGu\u00eda biling\u00fce<br \/>\ntransporte compartido<br \/>\nAlmuerzo (quesadilla mexicana)<br \/>\nUna bebida PP (agua, refresco)<br \/>\n<strong>\u00a0 \u00a0 No incluido<\/strong><br \/>\nFotograf\u00eda<br \/>\nCasilleros<br \/>\nPropinas<br \/>\nrecuerdos<br \/>\n<strong>\u00a0 \u00a0 \u00a0 Que traer:<\/strong><br \/>\nRopa c\u00f3moda<br \/>\nzapatos cerrados<br \/>\nRepelente contra mosquitos<br \/>\nTraje de ba\u00f1o<br \/>\ntoalla de playa<br \/>\nprotector solar<br \/>\nDinero extra<br \/>\n<strong>\u00a0 \u00a0<\/strong><strong>\u00a0Hora de inicio: <\/strong>9:20 am, 12:15 pm Le informaremos la hora de recogida.<\/p>\n<p>Lo recogeremos a la hora de su Hotel (opcional) o en un punto de encuentro dependiendo de la ubicaci\u00f3n del hotel. Te avisaremos.<\/p>","protected":false},"excerpt":{"rendered":"<p>Combina 3 de las actividades m\u00e1s emocionantes. Si\u00e9ntete extremo, s\u00e9 extremo<\/p>\n<p>Cuatrimotos Individual: Continuamos con 45 minutos de emoci\u00f3n llena de adrenalina en nuestras Cuatrimotos los senderos se han creado para una m\u00e1xima diversi\u00f3n y seguridad.<br \/>\nPaseo a Caballo: Explorando la Selva disfruta la aventura 35 min<br \/>\nCENOTE: Nadar\u00e1s en nuestro refrescante cenote y sus aguas cristalinas y disfrutar\u00e1s de 2 tirolesas acu\u00e1ticas antes de un delicioso snack para recuperar energ\u00edas en nuestra palapa principal.<\/p>\n<p>Recogeremos desde el lobby de la mayoria de Hoteles (opcional)<\/p>\n<p>Por seguridad: DEBE TENER 16 A\u00d1OS PARA CONDUCIR un ATV.\u00a0 <strong>Por lo tanto, esta no es una opci\u00f3n para los ni\u00f1os.<\/strong> si tienes hijos <em><strong><a href=\"https:\/\/respaldar.easytravelmexico.com\/es\/producto\/atvs-double-horseback-riding-cenote-combo-tour\/\">haga clic aqu\u00ed<\/a><\/strong><\/em><\/p>\n<p class=\"translation-block\">Start time: 9:20 am,  12:15 pm   We will advise the pick-up time<\/p>\n<p>Lo recogeremos a la hora de su Hotel (opcional) o en un punto de encuentro dependiendo de la ubicaci\u00f3n del hotel. Te avisaremos.<\/p>\n<table style=\"border-collapse: collapse; width: 371px; height: 128px;\" border=\"0\" width=\"160\" cellspacing=\"0\" cellpadding=\"0\">\n<tbody>\n<tr style=\"height: 15.0pt;\">\n<td style=\"height: 15.0pt; width: 60pt;\" width=\"80\" height=\"20\"><img fetchpriority=\"high\" decoding=\"async\" class=\"alignnone size-medium wp-image-4141\" src=\"https:\/\/respaldar.easytravelmexico.com\/wp-content\/uploads\/2021\/12\/1-Imagen1.5-300x170.png\" alt=\"\" width=\"300\" height=\"170\" \/><\/td>\n<td style=\"width: 60pt;\" width=\"80\"><strong>Ahorre: 30 USD POR CADA PERSONA<\/strong><\/td>\n<\/tr>\n<\/tbody>\n<\/table>","protected":false},"featured_media":6130,"comment_status":"open","ping_status":"closed","template":"","meta":{"site-sidebar-layout":"default","site-content-layout":"default","ast-site-content-layout":"default","site-content-style":"default","site-sidebar-style":"default","ast-global-header-display":"","ast-banner-title-visibility":"","ast-main-header-display":"","ast-hfb-above-header-display":"","ast-hfb-below-header-display":"","ast-hfb-mobile-header-display":"","site-post-title":"","ast-breadcrumbs-content":"","ast-featured-img":"","footer-sml-layout":"","theme-transparent-header-meta":"default","adv-header-id-meta":"","stick-header-meta":"default","header-above-stick-meta":"","header-main-stick-meta":"","header-below-stick-meta":"","astra-migrate-meta-layouts":"default","ast-page-background-enabled":"default","ast-page-background-meta":{"desktop":{"background-color":"","background-image":"","background-repeat":"repeat","background-position":"center center","background-size":"auto","background-attachment":"scroll","background-type":"","background-media":"","overlay-type":"","overlay-color":"","overlay-opacity":"","overlay-gradient":""},"tablet":{"background-color":"","background-image":"","background-repeat":"repeat","background-position":"center center","background-size":"auto","background-attachment":"scroll","background-type":"","background-media":"","overlay-type":"","overlay-color":"","overlay-opacity":"","overlay-gradient":""},"mobile":{"background-color":"","background-image":"","background-repeat":"repeat","background-position":"center center","background-size":"auto","background-attachment":"scroll","background-type":"","background-media":"","overlay-type":"","overlay-color":"","overlay-opacity":"","overlay-gradient":""}},"ast-content-background-meta":{"desktop":{"background-color":"var(--ast-global-color-5)","background-image":"","background-repeat":"repeat","background-position":"center center","background-size":"auto","background-attachment":"scroll","background-type":"","background-media":"","overlay-type":"","overlay-color":"","overlay-opacity":"","overlay-gradient":""},"tablet":{"background-color":"var(--ast-global-color-5)","background-image":"","background-repeat":"repeat","background-position":"center center","background-size":"auto","background-attachment":"scroll","background-type":"","background-media":"","overlay-type":"","overlay-color":"","overlay-opacity":"","overlay-gradient":""},"mobile":{"background-color":"var(--ast-global-color-5)","background-image":"","background-repeat":"repeat","background-position":"center center","background-size":"auto","background-attachment":"scroll","background-type":"","background-media":"","overlay-type":"","overlay-color":"","overlay-opacity":"","overlay-gradient":""}},"_joinchat":[]},"product_brand":[],"product_cat":[39,45,33,41,40,44,24],"product_tag":[],"class_list":{"0":"post-95","1":"product","2":"type-product","3":"status-publish","4":"has-post-thumbnail","6":"product_cat-cun","7":"product_cat-ecoturism-cenotes","8":"product_cat-extreme","9":"product_cat-pdc","10":"product_cat-rm","11":"product_cat-theme-parks","12":"product_cat-tours","13":"desktop-align-left","14":"tablet-align-left","15":"mobile-align-left","17":"first","18":"instock","19":"sale","20":"featured","21":"taxable","22":"shipping-taxable","23":"purchasable","24":"product-type-simple"},"_links":{"self":[{"href":"https:\/\/respaldar.easytravelmexico.com\/es\/wp-json\/wp\/v2\/product\/95","targetHints":{"allow":["GET"]}}],"collection":[{"href":"https:\/\/respaldar.easytravelmexico.com\/es\/wp-json\/wp\/v2\/product"}],"about":[{"href":"https:\/\/respaldar.easytravelmexico.com\/es\/wp-json\/wp\/v2\/types\/product"}],"replies":[{"embeddable":true,"href":"https:\/\/respaldar.easytravelmexico.com\/es\/wp-json\/wp\/v2\/comments?post=95"}],"version-history":[{"count":18,"href":"https:\/\/respaldar.easytravelmexico.com\/es\/wp-json\/wp\/v2\/product\/95\/revisions"}],"predecessor-version":[{"id":3374,"href":"https:\/\/respaldar.easytravelmexico.com\/es\/wp-json\/wp\/v2\/product\/95\/revisions\/3374"}],"wp:featuredmedia":[{"embeddable":true,"href":"https:\/\/respaldar.easytravelmexico.com\/es\/wp-json\/wp\/v2\/media\/6130"}],"wp:attachment":[{"href":"https:\/\/respaldar.easytravelmexico.com\/es\/wp-json\/wp\/v2\/media?parent=95"}],"wp:term":[{"taxonomy":"product_brand","embeddable":true,"href":"https:\/\/respaldar.easytravelmexico.com\/es\/wp-json\/wp\/v2\/product_brand?post=95"},{"taxonomy":"product_cat","embeddable":true,"href":"https:\/\/respaldar.easytravelmexico.com\/es\/wp-json\/wp\/v2\/product_cat?post=95"},{"taxonomy":"product_tag","embeddable":true,"href":"https:\/\/respaldar.easytravelmexico.com\/es\/wp-json\/wp\/v2\/product_tag?post=95"}],"curies":[{"name":"wp","href":"https:\/\/api.w.org\/{rel}","templated":true}]}}